{"id":3652,"date":"2023-07-07T09:39:53","date_gmt":"2023-07-07T09:39:53","guid":{"rendered":"https:\/\/novaorg.cofb.net\/?page_id=3652"},"modified":"2026-01-08T10:25:59","modified_gmt":"2026-01-08T10:25:59","slug":"memoria-dactivitats","status":"publish","type":"page","link":"https:\/\/www.cofb.org\/ca\/qui-som\/el-collegi\/transparencia\/publicitat-activa\/memoria-dactivitats\/","title":{"rendered":"Mem\u00f2ria d&#8217;activitats"},"content":{"rendered":"\n<h2 class=\"wp-block-heading\">Mem\u00f2ria del COFB <\/h2>\n\n\n\n<p>Espai&nbsp;on es recull la&nbsp;<a href=\"https:\/\/www.cofb.org\/ca\/qui-som\/publicacions\/memoria\/\" target=\"_blank\" rel=\"noreferrer noopener\">Mem\u00f2ria anual<\/a>&nbsp;del Col\u00b7legi de Farmac\u00e8utics de Barcelona, aix\u00ed com l&#8217;hist\u00f2ric d&#8217;anys anteriors.&nbsp;<\/p>\n\n\n\n<h2 class=\"wp-block-heading\">Pressupostos<\/h2>\n\n\n\n<ul class=\"wp-block-list\">\n<li><strong>2026<\/strong>: <a href=\"https:\/\/www.cofb.org\/wp-content\/uploads\/2025\/12\/Pressupost-COFB-2026.pdf\" target=\"_blank\" rel=\"noreferrer noopener\">Pressupost de l&#8217;exercici<\/a><\/li>\n\n\n\n<li><strong>2025:<\/strong> <a href=\"https:\/\/www.cofb.org\/wp-content\/uploads\/2025\/10\/PRESSUPOST-2025.pdf\" target=\"_blank\" rel=\"noreferrer noopener\">Pressupost de l&#8217;exercici<\/a><\/li>\n\n\n\n<li><strong>2024<\/strong>: <a href=\"\/wp-content\/uploads\/2024\/07\/COFB_PRESSUPOST-2024.pdf\" target=\"_blank\" rel=\"noreferrer noopener\"> Pressupost de l&#8217;exercici<\/a><\/li>\n\n\n\n<li><strong>2023<\/strong>:&nbsp;<a href=\"https:\/\/www.cofb.org\/documents\/10136\/1068959\/COFB_PRESSUPOST+2023.pdf\/137b6215-cecb-4b19-b9ff-ea39e91d85f6\" target=\"_blank\" rel=\"noreferrer noopener\">Pressupost de l&#8217;exercici<\/a><\/li>\n\n\n\n<li><strong>2022<\/strong>:&nbsp;<a href=\"https:\/\/www.cofb.org\/documents\/10136\/1068959\/PRESSUPOST+2022+%28PER+PUBLICAR+A+LA+BBS%29.pdf\/54d5dc9e-11d9-4dcc-bdf1-9e5c08f0687c\" target=\"_blank\" rel=\"noreferrer noopener\">Pressupost de l&#8217;exercici<\/a><\/li>\n\n\n\n<li><strong>2021<\/strong>:&nbsp;<a href=\"https:\/\/www.cofb.org\/documents\/10136\/1068959\/PRESSUPOST+2021+.PDF.pdf\/ce0df883-2c02-42c3-8a16-ac9e436f0c51\" target=\"_blank\" rel=\"noreferrer noopener\">Pressupost de l&#8217;exercici<\/a><\/li>\n\n\n\n<li><strong>2020:<\/strong>&nbsp;<a href=\"https:\/\/www.cofb.org\/documents\/10136\/1068959\/PRESSUPOST+2020+%28JGO+10-02-20%29+PER+PENJAR+A+LA+BBS.pdf\/f4ed03bd-91a7-44ea-9817-82c6f96dd57a\" target=\"_blank\" rel=\"noreferrer noopener\">Pressupost de l&#8217;exercici<\/a><\/li>\n\n\n\n<li><strong>2019:<\/strong>&nbsp;<a href=\"https:\/\/www.cofb.org\/documents\/10136\/1068959\/PRESSUPOST+2019.pdf\/48077dfb-30a9-40d6-bd99-32628e727987\" target=\"_blank\" rel=\"noreferrer noopener\">Pressupost de l&#8217;exercici<\/a><\/li>\n\n\n\n<li><strong>2018:&nbsp;<\/strong><a href=\"https:\/\/www.cofb.org\/documents\/10136\/1068959\/PRESSUPOST+2018.pdf\/5fe82b81-be0c-4cff-a3f3-e6a5aca573a3\" target=\"_blank\" rel=\"noreferrer noopener\">Pressupost de l&#8217;exercici<\/a><\/li>\n\n\n\n<li><strong>2017<\/strong>:&nbsp;<a href=\"https:\/\/www.cofb.org\/documents\/10136\/36659\/PRESSUPOST+2017+%28JGO+20-12-16%29+PER+DONAR.pdf\/52d51b2e-8910-4984-9e0a-a4dcddb9b43c\" target=\"_blank\" rel=\"noreferrer noopener\">Pressupost de l&#8217;exercici<\/a><\/li>\n\n\n\n<li><strong>2016<\/strong>:&nbsp;<a href=\"https:\/\/www.cofb.org\/documents\/10136\/36659\/PRESSUPOST+2016.pdf\/520d5739-326e-4bd9-b63f-2625d2a1efaf\" target=\"_blank\" rel=\"noreferrer noopener\">Pressupost de l&#8217;exercici<\/a>&nbsp;<\/li>\n\n\n\n<li><strong>2015<\/strong>:&nbsp;<a href=\"https:\/\/www.cofb.org\/documents\/10136\/36659\/PRESSUPOST+2015.pdf\/e475cf6d-c8df-4e7e-a508-1af46941773f\" target=\"_blank\" rel=\"noreferrer noopener\">Pressupost de l&#8217;exercici<\/a>&nbsp;<\/li>\n\n\n\n<li><strong>2014<\/strong>:&nbsp;<a href=\"https:\/\/www.cofb.org\/documents\/10136\/36659\/PRESSUPOST+2014.pdf\/ee06e8f5-3843-4d92-8d9e-d13f4da5f8f9\" target=\"_blank\" rel=\"noreferrer noopener\">Pressupost de l&#8217;exercici<\/a>&nbsp;<\/li>\n\n\n\n<li><strong>2013<\/strong>:&nbsp;<a href=\"https:\/\/www.cofb.org\/documents\/10136\/36659\/PRESSUPOST+2013.pdf\/be2c6224-3745-48c0-a182-45003467928c\" target=\"_blank\" rel=\"noreferrer noopener\">Pressupost de l&#8217;exercici<\/a>&nbsp;<\/li>\n\n\n\n<li><strong>2012<\/strong>:&nbsp;<a href=\"https:\/\/www.cofb.org\/documents\/10136\/36659\/PRESSUPOST+2012.pdf\/18351da0-3d87-4913-acad-92cbd7f5f062\" target=\"_blank\" rel=\"noreferrer noopener\">Pressupost de l&#8217;exercici<\/a>&nbsp;<\/li>\n<\/ul>\n\n\n\n<h2 class=\"wp-block-heading\">Liquidaci\u00f3 de pressupostos<\/h2>\n\n\n\n<ul class=\"wp-block-list\">\n<li><strong>2024<\/strong>:<a href=\"https:\/\/www.cofb.org\/wp-content\/uploads\/2025\/10\/PRESSUPOST-2024-LIQUIDACIO.pdf\" target=\"_blank\" rel=\"noreferrer noopener\"> Liquidaci\u00f3 del pressupost de l&#8217;exercici 2024<\/a><\/li>\n\n\n\n<li><strong>2023:<\/strong> <a href=\"\/wp-content\/uploads\/2024\/07\/Liquidacio-pressupost-COFB-2023.pdf\" target=\"_blank\" rel=\"noreferrer noopener\">Liquidaci\u00f3 del pressupost de l&#8217;exercici 2023<\/a><\/li>\n\n\n\n<li><strong>2022:<\/strong>&nbsp;<a data-type=\"link\" data-id=\"https:\/\/www.cofb.org\/documents\/10136\/1068959\/Liquidaci\u00f3+pressupost+COFB+2022.PDF\/6bafbe40-39e0-43fc-b43f-0f65b7aa9089\" href=\"https:\/\/www.cofb.org\/documents\/10136\/1068959\/Liquidaci\u00f3+pressupost+COFB+2022.PDF\/6bafbe40-39e0-43fc-b43f-0f65b7aa9089\" target=\"_blank\" rel=\"noreferrer noopener\">Liquidaci\u00f3 del pressupost de l&#8217;exercici 2022<\/a><\/li>\n\n\n\n<li><strong>2021:<\/strong>&nbsp;<a rel=\"noreferrer noopener\" href=\"https:\/\/www.cofb.org\/documents\/10136\/1068959\/COFB_Liquidaci%C3%B3Pressupost2021.PDF\/c8493756-8bc6-4927-94bb-e0aac5826183\" target=\"_blank\">Liquidaci\u00f3 del pressupost de l&#8217;exercici 2021<\/a><\/li>\n\n\n\n<li><strong>2020:<\/strong>&nbsp;<a href=\"https:\/\/www.cofb.org\/documents\/10136\/1068959\/PRESSUPOST+2020+LIQUIDACI%C3%93+%28JGO+28-06-21%29.PDF\/032ae942-513b-41c4-a406-33fcb5a23f11\" target=\"_blank\" rel=\"noreferrer noopener\">Liquidaci\u00f3 del pressupost de l&#8217;exercici 2020<\/a><\/li>\n\n\n\n<li><strong>2019:<\/strong>&nbsp;<a href=\"https:\/\/www.cofb.org\/documents\/10136\/1068959\/PRESSUPOST+2019+LIQUIDACI%C3%93+%28JGO+23-07-20%29+PER+A+LA+BBS.pdf\/37945953-aa10-491a-8cb3-a27a0cfa0b42\" target=\"_blank\" rel=\"noreferrer noopener\">Liquidaci\u00f3 del pressupost de l&#8217;exercici 2019&nbsp;<\/a><\/li>\n\n\n\n<li><strong>2018:<\/strong>&nbsp;<a href=\"https:\/\/www.cofb.org\/documents\/10136\/1068959\/Liquidaci%C3%B3+del+pressupost+2018.pdf\/168bb7ce-ff42-4f3d-8e58-182e623ef255\" target=\"_blank\" rel=\"noreferrer noopener\">Liquidaci\u00f3 del pressupost de l&#8217;exercici 2018<\/a><\/li>\n\n\n\n<li><strong>2017<\/strong>:&nbsp;<a href=\"https:\/\/www.cofb.org\/documents\/10136\/1068024\/liquidaciopressupost2017\/c6364d5b-5935-44cd-a97c-3ef8b3f0ee4f\" target=\"_blank\" rel=\"noreferrer noopener\">Liquidaci\u00f3 del pressupost de l&#8217;exercici 2017<\/a>&nbsp;<\/li>\n\n\n\n<li><strong>2016<\/strong>:&nbsp;<a href=\"https:\/\/www.cofb.org\/documents\/10136\/36659\/liquidaciopressupost2016\/7a3a21c9-e330-4057-bb91-ebef38e142b0\" target=\"_blank\" rel=\"noreferrer noopener\">Liquidaci\u00f3 del pressupost de l&#8217;exercici 2016<\/a>&nbsp;<\/li>\n\n\n\n<li><strong>2015<\/strong>:&nbsp;<a href=\"https:\/\/www.cofb.org\/documents\/10136\/36659\/liquidaciopressupost2015.pdf\/9444d9ac-882e-4ead-b140-8106851cfcf9\" target=\"_blank\" rel=\"noreferrer noopener\">Liquidaci\u00f3 del pressupost de l&#8217;exercici 2015<\/a>&nbsp;<\/li>\n\n\n\n<li><strong>2014<\/strong>:&nbsp;<a href=\"https:\/\/www.cofb.org\/documents\/10136\/36659\/liquidaciopressupost2014.pdf\/5b6e1419-640d-4025-aa1f-9be659031f77\" target=\"_blank\" rel=\"noreferrer noopener\">Liquidaci\u00f3 del pressupost de l&#8217;exercici 2014<\/a>&nbsp;<\/li>\n\n\n\n<li><strong>2013<\/strong>:&nbsp;<a href=\"https:\/\/www.cofb.org\/documents\/10136\/36659\/liquidaciopressupost2013.pdf\/c209edd8-7b87-4814-9f38-bac2ab2b9356\" target=\"_blank\" rel=\"noreferrer noopener\">Liquidaci\u00f3 del pressupost de l&#8217;exercici 2013<\/a>&nbsp;<\/li>\n\n\n\n<li><strong>2012<\/strong>:&nbsp;<a href=\"https:\/\/www.cofb.org\/documents\/10136\/36659\/liquidaciopressupostos2012.pdf\/6fbabc38-f01a-41ca-b38e-5fa170940c65\" target=\"_blank\" rel=\"noreferrer noopener\">Liquidaci\u00f3 del pressupost de l&#8217;exercici 2012<\/a>&nbsp;<\/li>\n<\/ul>\n\n\n\n<h2 class=\"wp-block-heading\">Quotes col\u00b7legials<\/h2>\n\n\n\n<ul class=\"wp-block-list\">\n<li>Document &#8220;<a href=\"https:\/\/www.cofb.org\/wp-content\/uploads\/2026\/01\/quotes-collegials.pdf\" target=\"_blank\" rel=\"noreferrer noopener\">Quotes i serveis 2026<\/a>&#8220;<\/li>\n\n\n\n<li>Document &#8220;<a href=\"https:\/\/www.cofb.org\/wp-content\/uploads\/2025\/10\/quotes-collegials-2025.pdf\" target=\"_blank\" rel=\"noreferrer noopener\">Quotes i serveis 2025<\/a>&#8220;<\/li>\n\n\n\n<li>Document&nbsp;&#8220;<a href=\"\/wp-content\/uploads\/2024\/07\/Quotes_collegials_COFB_2024.pdf\">Quotes i serveis 20<\/a><a href=\"\/wp-content\/uploads\/2024\/07\/Quotes_collegials_COFB_2024.pdf\" target=\"_blank\" rel=\"noreferrer noopener\">24<\/a>&#8220;<\/li>\n<\/ul>\n\n\n\n<h2 class=\"wp-block-heading\">Auditories de comptes<\/h2>\n\n\n\n<ul class=\"wp-block-list\">\n<li><a href=\"https:\/\/www.cofb.org\/wp-content\/uploads\/2025\/10\/Collegi-Oficial-Farmaceutics-Informe.pdf\" target=\"_blank\" rel=\"noreferrer noopener\">Auditoria de Comptes 2024<\/a><\/li>\n\n\n\n<li><a href=\"\/wp-content\/uploads\/2024\/07\/Auditoria-COFB-2023.pdf\" target=\"_blank\" rel=\"noreferrer noopener\">Auditoria de Comptes 2023<\/a><\/li>\n\n\n\n<li><a data-type=\"link\" data-id=\"https:\/\/www.cofb.org\/documents\/10136\/1068959\/Auditoria+COFB+2022.pdf\/0f707bb4-fcb8-4ad2-836d-ee1022ec18aa\" href=\"https:\/\/www.cofb.org\/documents\/10136\/1068959\/Auditoria+COFB+2022.pdf\/0f707bb4-fcb8-4ad2-836d-ee1022ec18aa\" target=\"_blank\" rel=\"noreferrer noopener\">Auditoria de Comptes 2022<\/a><\/li>\n\n\n\n<li><a rel=\"noreferrer noopener\" href=\"https:\/\/www.cofb.org\/documents\/10136\/1068959\/COFB_AuditoriaComptes2021.pdf\/a0bb16ca-cb84-487f-86ef-9036e5ced1d9\" target=\"_blank\">Auditoria de Comptes 2021<\/a><\/li>\n\n\n\n<li><a href=\"https:\/\/www.cofb.org\/documents\/10136\/1068959\/INFORME+AUDITORIA+CCAA+2020+COFB.PDF\/8fc880f6-2258-4b65-810f-77d09b4c9d4a\" target=\"_blank\" rel=\"noreferrer noopener\">Auditoria de Comptes 2020<\/a><\/li>\n\n\n\n<li><a href=\"https:\/\/www.cofb.org\/documents\/10136\/1068959\/INFORME+AUDITORIA+CCAA+2019+COFB.PDF\/1ab8ac0e-176f-4711-a8b4-e83da78fbf0a\" target=\"_blank\" rel=\"noreferrer noopener\">Auditoria de Comptes 2019<\/a>&nbsp;<\/li>\n\n\n\n<li><a href=\"https:\/\/www.cofb.org\/documents\/10136\/1068959\/Auditoria+de+comptes+2018.pdf\/d9524070-962f-493a-9672-05249eb28c3c\" target=\"_blank\" rel=\"noreferrer noopener\">Auditoria de Comptes 2018<\/a><\/li>\n\n\n\n<li><a href=\"https:\/\/www.cofb.org\/documents\/10136\/1068959\/Auditoria+2017.pdf\/c1ad9588-ab1a-41fe-aa43-5252d2ea35e6\" target=\"_blank\" rel=\"noreferrer noopener\">Auditoria de Comptes 2017<\/a><\/li>\n\n\n\n<li><a href=\"https:\/\/www.cofb.org\/documents\/10136\/1068959\/Auditoria+2016.pdf\/15cb7d72-bd1e-48cc-aa59-0e26d610f185\" target=\"_blank\" rel=\"noreferrer noopener\">Auditoria de Comptes 2016<\/a><\/li>\n\n\n\n<li><a href=\"https:\/\/www.cofb.org\/documents\/10136\/1068959\/Auditoria+2015.pdf\/62c70ebb-7ae4-4c63-bcb4-88a05b1d9f34\" target=\"_blank\" rel=\"noreferrer noopener\">Auditoria de Comptes 2015<\/a><\/li>\n\n\n\n<li><a href=\"https:\/\/www.cofb.org\/documents\/10136\/1068959\/Auditoria+2014.pdf\/d7985a9f-4242-4c0b-aad6-920d4d1f8869\" target=\"_blank\" rel=\"noreferrer noopener\">Auditoria de Comptes 2014<\/a><\/li>\n\n\n\n<li><a href=\"https:\/\/www.cofb.org\/documents\/10136\/1068959\/Auditoria+2013.pdf\/e59f8894-7748-4741-807c-8642bc8ef7c2\" target=\"_blank\" rel=\"noreferrer noopener\">Auditoria de Comptes 2013<\/a><\/li>\n\n\n\n<li><a href=\"https:\/\/www.cofb.org\/documents\/10136\/1068959\/Auditoria+2012.pdf\/f17c1a7b-a796-4a2d-b780-ceeba8b4adaa\" target=\"_blank\" rel=\"noreferrer noopener\">Auditoria de Comptes 2012<\/a><\/li>\n\n\n\n<li><a href=\"https:\/\/www.cofb.org\/documents\/10136\/1068959\/Auditoria+2011.pdf\/de874e30-7f04-440b-a7c5-06959b2e8f8c\" target=\"_blank\" rel=\"noreferrer noopener\">Auditoria de Comptes 2011<\/a><\/li>\n\n\n\n<li><a href=\"https:\/\/www.cofb.org\/documents\/10136\/1068959\/Auditoria+2010.pdf\/ed079901-123d-4adb-9f92-326912381b41\" target=\"_blank\" rel=\"noreferrer noopener\">Auditoria de Comptes 2010<\/a><\/li>\n\n\n\n<li><a href=\"https:\/\/www.cofb.org\/documents\/10136\/1068959\/Auditoria+2009.pdf\/d7f59726-c833-490b-beb3-21c844eafc34\" target=\"_blank\" rel=\"noreferrer noopener\">Auditoria de Comptes&nbsp;2009<\/a><\/li>\n<\/ul>\n\n\n\n<h2 class=\"wp-block-heading\">Informaci\u00f3 agregada i estad\u00edstica sobre procediments informatius i sancionadors<\/h2>\n\n\n\n<ul class=\"wp-block-list\">\n<li><a href=\"https:\/\/www.cofb.org\/documents\/10136\/36659\/Abstract+UNIFICAT+Deontologia+ok.pdf\/0d559a59-d38e-45d1-a047-7583a0ff191b\" target=\"_blank\" rel=\"noreferrer noopener\">Mem\u00f2ria de 2013 de Deontologia<\/a>&nbsp;<\/li>\n<\/ul>\n","protected":false},"excerpt":{"rendered":"<p>Mem\u00f2ria del COFB Espai&nbsp;on es recull la&nbsp;Mem\u00f2ria anual&nbsp;del Col\u00b7legi de Farmac\u00e8utics de Barcelona, aix\u00ed com l&#8217;hist\u00f2ric d&#8217;anys anteriors.&nbsp; Pressupostos Liquidaci\u00f3 de pressupostos Quotes col\u00b7legials Auditories de comptes Informaci\u00f3 agregada i estad\u00edstica sobre procediments informatius i sancionadors<\/p>\n","protected":false},"author":1,"featured_media":0,"parent":3645,"menu_order":0,"comment_status":"closed","ping_status":"closed","template":"","meta":{"_uag_custom_page_level_css":"","site-sidebar-layout":"default","site-content-layout":"","ast-site-content-layout":"default","site-content-style":"default","site-sidebar-style":"default","ast-global-header-display":"","ast-banner-title-visibility":"","ast-main-header-display":"","ast-hfb-above-header-display":"","ast-hfb-below-header-display":"","ast-hfb-mobile-header-display":"","site-post-title":"","ast-breadcrumbs-content":"","ast-featured-img":"","footer-sml-layout":"","theme-transparent-header-meta":"","adv-header-id-meta":"","stick-header-meta":"","header-above-stick-meta":"","header-main-stick-meta":"","header-below-stick-meta":"","astra-migrate-meta-layouts":"set","ast-page-background-enabled":"default","ast-page-background-meta":{"desktop":{"background-color":"var(--ast-global-color-4)","background-image":"","background-repeat":"repeat","background-position":"center center","background-size":"auto","background-attachment":"scroll","background-type":"","background-media":"","overlay-type":"","overlay-color":"","overlay-opacity":"","overlay-gradient":""},"tablet":{"background-color":"","background-image":"","background-repeat":"repeat","background-position":"center center","background-size":"auto","background-attachment":"scroll","background-type":"","background-media":"","overlay-type":"","overlay-color":"","overlay-opacity":"","overlay-gradient":""},"mobile":{"background-color":"","background-image":"","background-repeat":"repeat","background-position":"center center","background-size":"auto","background-attachment":"scroll","background-type":"","background-media":"","overlay-type":"","overlay-color":"","overlay-opacity":"","overlay-gradient":""}},"ast-content-background-meta":{"desktop":{"background-color":"var(--ast-global-color-5)","background-image":"","background-repeat":"repeat","background-position":"center center","background-size":"auto","background-attachment":"scroll","background-type":"","background-media":"","overlay-type":"","overlay-color":"","overlay-opacity":"","overlay-gradient":""},"tablet":{"background-color":"var(--ast-global-color-5)","background-image":"","background-repeat":"repeat","background-position":"center center","background-size":"auto","background-attachment":"scroll","background-type":"","background-media":"","overlay-type":"","overlay-color":"","overlay-opacity":"","overlay-gradient":""},"mobile":{"background-color":"var(--ast-global-color-5)","background-image":"","background-repeat":"repeat","background-position":"center center","background-size":"auto","background-attachment":"scroll","background-type":"","background-media":"","overlay-type":"","overlay-color":"","overlay-opacity":"","overlay-gradient":""}},"footnotes":""},"class_list":["post-3652","page","type-page","status-publish","hentry"],"yoast_head":"<!-- This site is optimized with the Yoast SEO plugin v22.4 - https:\/\/yoast.com\/wordpress\/plugins\/seo\/ -->\n<title>Mem\u00f2ria d&#039;activitats - Col\u00b7legi de Farmac\u00e8utics de Barcelona<\/title>\n<meta name=\"robots\" content=\"index, follow, max-snippet:-1, max-image-preview:large, max-video-preview:-1\" \/>\n<link rel=\"canonical\" href=\"https:\/\/www.cofb.org\/ca\/qui-som\/el-collegi\/transparencia\/publicitat-activa\/memoria-dactivitats\/\" \/>\n<meta property=\"og:locale\" content=\"ca_ES\" \/>\n<meta property=\"og:type\" content=\"article\" \/>\n<meta property=\"og:title\" content=\"Mem\u00f2ria d&#039;activitats - Col\u00b7legi de Farmac\u00e8utics de Barcelona\" \/>\n<meta property=\"og:description\" content=\"Mem\u00f2ria del COFB Espai&nbsp;on es recull la&nbsp;Mem\u00f2ria anual&nbsp;del Col\u00b7legi de Farmac\u00e8utics de Barcelona, aix\u00ed com l&#8217;hist\u00f2ric d&#8217;anys anteriors.&nbsp; Pressupostos Liquidaci\u00f3 de pressupostos Quotes col\u00b7legials Auditories de comptes Informaci\u00f3 agregada i estad\u00edstica sobre procediments informatius i sancionadors\" \/>\n<meta property=\"og:url\" content=\"https:\/\/www.cofb.org\/ca\/qui-som\/el-collegi\/transparencia\/publicitat-activa\/memoria-dactivitats\/\" \/>\n<meta property=\"og:site_name\" content=\"Col\u00b7legi de Farmac\u00e8utics de Barcelona\" \/>\n<meta property=\"article:publisher\" content=\"https:\/\/www.facebook.com\/farmaceuticsbcn\/\" \/>\n<meta property=\"article:modified_time\" content=\"2026-01-08T10:25:59+00:00\" \/>\n<meta name=\"twitter:card\" content=\"summary_large_image\" \/>\n<meta name=\"twitter:site\" content=\"@farmaceuticsbcn\" \/>\n<meta name=\"twitter:label1\" content=\"Temps estimat de lectura\" \/>\n\t<meta name=\"twitter:data1\" content=\"2 minuts\" \/>\n<script type=\"application\/ld+json\" class=\"yoast-schema-graph\">{\"@context\":\"https:\/\/schema.org\",\"@graph\":[{\"@type\":\"WebPage\",\"@id\":\"https:\/\/www.cofb.org\/qui-som\/el-collegi\/transparencia\/publicitat-activa\/memoria-dactivitats\/\",\"url\":\"https:\/\/www.cofb.org\/qui-som\/el-collegi\/transparencia\/publicitat-activa\/memoria-dactivitats\/\",\"name\":\"Mem\u00f2ria d'activitats - Col\u00b7legi de Farmac\u00e8utics de Barcelona\",\"isPartOf\":{\"@id\":\"https:\/\/www.cofb.org\/#website\"},\"datePublished\":\"2023-07-07T09:39:53+00:00\",\"dateModified\":\"2026-01-08T10:25:59+00:00\",\"breadcrumb\":{\"@id\":\"https:\/\/www.cofb.org\/qui-som\/el-collegi\/transparencia\/publicitat-activa\/memoria-dactivitats\/#breadcrumb\"},\"inLanguage\":\"ca\",\"potentialAction\":[{\"@type\":\"ReadAction\",\"target\":[\"https:\/\/www.cofb.org\/qui-som\/el-collegi\/transparencia\/publicitat-activa\/memoria-dactivitats\/\"]}]},{\"@type\":\"BreadcrumbList\",\"@id\":\"https:\/\/www.cofb.org\/qui-som\/el-collegi\/transparencia\/publicitat-activa\/memoria-dactivitats\/#breadcrumb\",\"itemListElement\":[{\"@type\":\"ListItem\",\"position\":1,\"name\":\"Inici\",\"item\":\"https:\/\/novaorg.cofb.net\/\"},{\"@type\":\"ListItem\",\"position\":2,\"name\":\"Qui som?\",\"item\":\"https:\/\/novaorg.cofb.net\/qui-som\/\"},{\"@type\":\"ListItem\",\"position\":3,\"name\":\"El Col\u00b7legi\",\"item\":\"https:\/\/novaorg.cofb.net\/qui-som\/el-collegi\/\"},{\"@type\":\"ListItem\",\"position\":4,\"name\":\"Transpar\u00e8ncia\",\"item\":\"https:\/\/novaorg.cofb.net\/qui-som\/el-collegi\/transparencia\/\"},{\"@type\":\"ListItem\",\"position\":5,\"name\":\"Publicitat activa\",\"item\":\"https:\/\/novaorg.cofb.net\/qui-som\/el-collegi\/transparencia\/publicitat-activa\/\"},{\"@type\":\"ListItem\",\"position\":6,\"name\":\"Mem\u00f2ria d&#8217;activitats\"}]},{\"@type\":\"WebSite\",\"@id\":\"https:\/\/www.cofb.org\/#website\",\"url\":\"https:\/\/www.cofb.org\/\",\"name\":\"Col\u00b7legi de Farmac\u00e8utics de Barcelona\",\"description\":\"\",\"publisher\":{\"@id\":\"https:\/\/www.cofb.org\/#organization\"},\"potentialAction\":[{\"@type\":\"SearchAction\",\"target\":{\"@type\":\"EntryPoint\",\"urlTemplate\":\"https:\/\/www.cofb.org\/?s={search_term_string}\"},\"query-input\":\"required name=search_term_string\"}],\"inLanguage\":\"ca\"},{\"@type\":\"Organization\",\"@id\":\"https:\/\/www.cofb.org\/#organization\",\"name\":\"Col\u00b7legi de Farmac\u00e8utics de Barcelona\",\"url\":\"https:\/\/www.cofb.org\/\",\"logo\":{\"@type\":\"ImageObject\",\"inLanguage\":\"ca\",\"@id\":\"https:\/\/www.cofb.org\/#\/schema\/logo\/image\/\",\"url\":\"https:\/\/www.cofb.org\/wp-content\/uploads\/2023\/11\/cropped-Logotip-COFB.png\",\"contentUrl\":\"https:\/\/www.cofb.org\/wp-content\/uploads\/2023\/11\/cropped-Logotip-COFB.png\",\"width\":500,\"height\":105,\"caption\":\"Col\u00b7legi de Farmac\u00e8utics de Barcelona\"},\"image\":{\"@id\":\"https:\/\/www.cofb.org\/#\/schema\/logo\/image\/\"},\"sameAs\":[\"https:\/\/www.facebook.com\/farmaceuticsbcn\/\",\"https:\/\/twitter.com\/farmaceuticsbcn\",\"https:\/\/www.instagram.com\/farmaceuticsbcn\/\",\"https:\/\/www.linkedin.com\/company\/farmaceuticsbcn\/\"]}]}<\/script>\n<!-- \/ Yoast SEO plugin. -->","yoast_head_json":{"title":"Mem\u00f2ria d'activitats - Col\u00b7legi de Farmac\u00e8utics de Barcelona","robots":{"index":"index","follow":"follow","max-snippet":"max-snippet:-1","max-image-preview":"max-image-preview:large","max-video-preview":"max-video-preview:-1"},"canonical":"https:\/\/www.cofb.org\/ca\/qui-som\/el-collegi\/transparencia\/publicitat-activa\/memoria-dactivitats\/","og_locale":"ca_ES","og_type":"article","og_title":"Mem\u00f2ria d'activitats - Col\u00b7legi de Farmac\u00e8utics de Barcelona","og_description":"Mem\u00f2ria del COFB Espai&nbsp;on es recull la&nbsp;Mem\u00f2ria anual&nbsp;del Col\u00b7legi de Farmac\u00e8utics de Barcelona, aix\u00ed com l&#8217;hist\u00f2ric d&#8217;anys anteriors.&nbsp; Pressupostos Liquidaci\u00f3 de pressupostos Quotes col\u00b7legials Auditories de comptes Informaci\u00f3 agregada i estad\u00edstica sobre procediments informatius i sancionadors","og_url":"https:\/\/www.cofb.org\/ca\/qui-som\/el-collegi\/transparencia\/publicitat-activa\/memoria-dactivitats\/","og_site_name":"Col\u00b7legi de Farmac\u00e8utics de Barcelona","article_publisher":"https:\/\/www.facebook.com\/farmaceuticsbcn\/","article_modified_time":"2026-01-08T10:25:59+00:00","twitter_card":"summary_large_image","twitter_site":"@farmaceuticsbcn","twitter_misc":{"Temps estimat de lectura":"2 minuts"},"schema":{"@context":"https:\/\/schema.org","@graph":[{"@type":"WebPage","@id":"https:\/\/www.cofb.org\/qui-som\/el-collegi\/transparencia\/publicitat-activa\/memoria-dactivitats\/","url":"https:\/\/www.cofb.org\/qui-som\/el-collegi\/transparencia\/publicitat-activa\/memoria-dactivitats\/","name":"Mem\u00f2ria d'activitats - Col\u00b7legi de Farmac\u00e8utics de Barcelona","isPartOf":{"@id":"https:\/\/www.cofb.org\/#website"},"datePublished":"2023-07-07T09:39:53+00:00","dateModified":"2026-01-08T10:25:59+00:00","breadcrumb":{"@id":"https:\/\/www.cofb.org\/qui-som\/el-collegi\/transparencia\/publicitat-activa\/memoria-dactivitats\/#breadcrumb"},"inLanguage":"ca","potentialAction":[{"@type":"ReadAction","target":["https:\/\/www.cofb.org\/qui-som\/el-collegi\/transparencia\/publicitat-activa\/memoria-dactivitats\/"]}]},{"@type":"BreadcrumbList","@id":"https:\/\/www.cofb.org\/qui-som\/el-collegi\/transparencia\/publicitat-activa\/memoria-dactivitats\/#breadcrumb","itemListElement":[{"@type":"ListItem","position":1,"name":"Inici","item":"https:\/\/novaorg.cofb.net\/"},{"@type":"ListItem","position":2,"name":"Qui som?","item":"https:\/\/novaorg.cofb.net\/qui-som\/"},{"@type":"ListItem","position":3,"name":"El Col\u00b7legi","item":"https:\/\/novaorg.cofb.net\/qui-som\/el-collegi\/"},{"@type":"ListItem","position":4,"name":"Transpar\u00e8ncia","item":"https:\/\/novaorg.cofb.net\/qui-som\/el-collegi\/transparencia\/"},{"@type":"ListItem","position":5,"name":"Publicitat activa","item":"https:\/\/novaorg.cofb.net\/qui-som\/el-collegi\/transparencia\/publicitat-activa\/"},{"@type":"ListItem","position":6,"name":"Mem\u00f2ria d&#8217;activitats"}]},{"@type":"WebSite","@id":"https:\/\/www.cofb.org\/#website","url":"https:\/\/www.cofb.org\/","name":"Col\u00b7legi de Farmac\u00e8utics de Barcelona","description":"","publisher":{"@id":"https:\/\/www.cofb.org\/#organization"},"potentialAction":[{"@type":"SearchAction","target":{"@type":"EntryPoint","urlTemplate":"https:\/\/www.cofb.org\/?s={search_term_string}"},"query-input":"required name=search_term_string"}],"inLanguage":"ca"},{"@type":"Organization","@id":"https:\/\/www.cofb.org\/#organization","name":"Col\u00b7legi de Farmac\u00e8utics de Barcelona","url":"https:\/\/www.cofb.org\/","logo":{"@type":"ImageObject","inLanguage":"ca","@id":"https:\/\/www.cofb.org\/#\/schema\/logo\/image\/","url":"https:\/\/www.cofb.org\/wp-content\/uploads\/2023\/11\/cropped-Logotip-COFB.png","contentUrl":"https:\/\/www.cofb.org\/wp-content\/uploads\/2023\/11\/cropped-Logotip-COFB.png","width":500,"height":105,"caption":"Col\u00b7legi de Farmac\u00e8utics de Barcelona"},"image":{"@id":"https:\/\/www.cofb.org\/#\/schema\/logo\/image\/"},"sameAs":["https:\/\/www.facebook.com\/farmaceuticsbcn\/","https:\/\/twitter.com\/farmaceuticsbcn","https:\/\/www.instagram.com\/farmaceuticsbcn\/","https:\/\/www.linkedin.com\/company\/farmaceuticsbcn\/"]}]}},"uagb_featured_image_src":{"full":false,"thumbnail":false,"medium":false,"medium_large":false,"large":false,"1536x1536":false,"2048x2048":false,"trp-custom-language-flag":false},"uagb_author_info":{"display_name":"wpAdminCofbOrg","author_link":"https:\/\/www.cofb.org\/ca\/author\/wpadmincofborg\/"},"uagb_comment_info":0,"uagb_excerpt":"Mem\u00f2ria del COFB Espai&nbsp;on es recull la&nbsp;Mem\u00f2ria anual&nbsp;del Col\u00b7legi de Farmac\u00e8utics de Barcelona, aix\u00ed com l&#8217;hist\u00f2ric d&#8217;anys anteriors.&nbsp; Pressupostos Liquidaci\u00f3 de pressupostos Quotes col\u00b7legials Auditories de comptes Informaci\u00f3 agregada i estad\u00edstica sobre procediments informatius i sancionadors","_links":{"self":[{"href":"https:\/\/www.cofb.org\/ca\/wp-json\/wp\/v2\/pages\/3652","targetHints":{"allow":["GET"]}}],"collection":[{"href":"https:\/\/www.cofb.org\/ca\/wp-json\/wp\/v2\/pages"}],"about":[{"href":"https:\/\/www.cofb.org\/ca\/wp-json\/wp\/v2\/types\/page"}],"author":[{"embeddable":true,"href":"https:\/\/www.cofb.org\/ca\/wp-json\/wp\/v2\/users\/1"}],"replies":[{"embeddable":true,"href":"https:\/\/www.cofb.org\/ca\/wp-json\/wp\/v2\/comments?post=3652"}],"version-history":[{"count":20,"href":"https:\/\/www.cofb.org\/ca\/wp-json\/wp\/v2\/pages\/3652\/revisions"}],"predecessor-version":[{"id":83707,"href":"https:\/\/www.cofb.org\/ca\/wp-json\/wp\/v2\/pages\/3652\/revisions\/83707"}],"up":[{"embeddable":true,"href":"https:\/\/www.cofb.org\/ca\/wp-json\/wp\/v2\/pages\/3645"}],"wp:attachment":[{"href":"https:\/\/www.cofb.org\/ca\/wp-json\/wp\/v2\/media?parent=3652"}],"curies":[{"name":"wp","href":"https:\/\/api.w.org\/{rel}","templated":true}]}}