{"id":3644,"date":"2023-07-07T07:45:48","date_gmt":"2023-07-07T07:45:48","guid":{"rendered":"https:\/\/novaorg.cofb.net\/?page_id=3644"},"modified":"2024-08-26T12:29:53","modified_gmt":"2024-08-26T12:29:53","slug":"dades-del-cofb","status":"publish","type":"page","link":"https:\/\/www.cofb.org\/ca\/qui-som\/el-collegi\/transparencia\/publicitat-activa\/dades-del-cofb\/","title":{"rendered":"Dades del COFB"},"content":{"rendered":"\n<h2 class=\"wp-block-heading\" id=\"yui_patched_v3_11_0_1_1688715848969_290\">\u00d2rgans, estructura i r\u00e8gim de govern<\/h2>\n\n\n\n<p>El Col\u00b7legi est\u00e0 regit per la Junta General, integrada per la totalitat de col\u00b7legiats, \u00f2rgan sobir\u00e0, i per la&nbsp;<a href=\"https:\/\/www.cofb.org\/colegi\/com-sorganitza\/junta-govern\" target=\"_blank\" rel=\"noreferrer noopener\">Junta de Govern<\/a>.<\/p>\n\n\n\n<p>La Junta de Govern est\u00e0 constitu\u00efda per un Ple (tots els membres de Junta) i una Comissi\u00f3 Permanent (president, vicepresident, secretari, tresorer, vicetresorer i cinc vocals designats pel Ple per per\u00edodes d&#8217;un any).<\/p>\n\n\n\n<h2 class=\"wp-block-heading\">Organitzaci\u00f3 col\u00b7legial<\/h2>\n\n\n\n<p>El Col\u00b7legi de Farmac\u00e8utics de la prov\u00edncia de Barcelona \u00e9s una corporaci\u00f3 de dret p\u00fablic que es va crear l&#8217;any 1898 com a conseq\u00fc\u00e8ncia de la publicaci\u00f3 del Reial Decret de 12 d&#8217;abril de 1898, i la primera seu va ser el primer pis del n\u00famero 2 de la Pla\u00e7a Reial de Barcelona. En l&#8217;actualitat, el Col\u00b7legi est\u00e0 ubicat al n\u00fam. 64 del carrer Girona de Barcelona. DP 08009, tel\u00e8fon&nbsp;932440710.<\/p>\n\n\n\n<h2 class=\"wp-block-heading\">Funcions p\u00fabliques<\/h2>\n\n\n\n<ol class=\"wp-block-list\">\n<li><strong>Garantir que l&#8217;exercici professional s&#8217;adequa a les normatives vigents en cada moment,<\/strong>&nbsp;a la deontologia i les bones pr\u00e0ctiques, i que es respectin els drets i els interessos de les persones destinat\u00e0ries de l&#8217;actuaci\u00f3 professional.<\/li>\n\n\n\n<li><strong>Ordenar l&#8217;exercici de la professi\u00f3 en l&#8217;\u00e0mbit de la seva compet\u00e8ncia i en el marc legal aplicable,&nbsp;<\/strong>vetllant pel compliment dels deures i les obligacions dels farmac\u00e8utics col\u00b7legiats i de les societats professionals, per la dignitat professional i pel respecte dels drets dels ciutadans. Tamb\u00e9&nbsp;<strong>proposar a l&#8217;Administraci\u00f3 l&#8217;adopci\u00f3 de mesures amb relaci\u00f3 a l&#8217;ordenament i la regulaci\u00f3 de l&#8217;acc\u00e9s i l&#8217;exercici de la professi\u00f3.<\/strong><\/li>\n\n\n\n<li><strong>Vetllar pels drets i pel compliment dels deures i les obligacions dels col\u00b7legiats i perqu\u00e8 no es produeixin actes d&#8217;intrusisme, de compet\u00e8ncia deslleial o altres actuacions irregulars<\/strong>&nbsp;que vulnerin les normes deontol\u00f2giques, adoptant, si es d\u00f3na el cas, les mesures i les accions establertes en els presents Estatuts i l&#8217;ordenament jur\u00eddic.<\/li>\n\n\n\n<li><strong>Exercir la potestat disciplin\u00e0ria sobre els seus col\u00b7legiats i les societats professionals,<\/strong>&nbsp;en els termes que estableix la llei i aquests Estatuts.<\/li>\n\n\n\n<li><strong>Participar en el procediment per obtenir l&#8217;acreditaci\u00f3 de l&#8217;aptitud per a exercir la professi\u00f3.<\/strong><\/li>\n\n\n\n<li><strong>Promoure i facilitar la formaci\u00f3 continuada dels col\u00b7legiats<\/strong>&nbsp;per garantir-ne la compet\u00e8ncia professional organitzant de manera permanent&nbsp;<strong>activitats formatives d&#8217;actualitzaci\u00f3 professional<\/strong>&nbsp;i subscriure amb aquesta finalitat els convenis pertinents amb la Universitat i altres entitats i institucions.<\/li>\n\n\n\n<li><strong>Promoure i facilitar el compliment del deure d&#8217;asseguran\u00e7a per cobrir els riscos de responsabilitat en qu\u00e8 els col\u00b7legiats i les societats professionals puguin inc\u00f3rrer en l&#8217;exercici de la professi\u00f3,&nbsp;<\/strong>d&#8217;acord amb el que preveu la Llei 7\/2006, d&#8217;exercici de professions titulades i dels col\u00b7legis professionals.<\/li>\n\n\n\n<li><strong>Adoptar les mesures necess\u00e0ries per facilitar l&#8217;exercici professional no permanent,<\/strong>&nbsp;en compliment del que estableix la normativa de la Uni\u00f3 Europea i les lleis.<\/li>\n\n\n\n<li><strong>Col\u00b7laborar amb l&#8217;administraci\u00f3 p\u00fablica<\/strong>&nbsp;mitjan\u00e7ant la participaci\u00f3 en \u00f2rgans administratius quan aix\u00ed estigui legalment previst i emetre els informes que li siguin requerits per \u00f2rgans o autoritats administratives i judicials.<\/li>\n\n\n\n<li><strong>Informar en els processos judicials i administratius en els quals es discuteixin q\u00fcestions relatives a l&#8217;exercici de l&#8217;activitat i honoraris professionals.<\/strong><\/li>\n\n\n\n<li><strong>Informar sobre els projectes de disposicions generals que afectin l&#8217;exercici de la professi\u00f3 o la instituci\u00f3 col\u00b7legial.<\/strong><\/li>\n\n\n\n<li><strong>Aprovar els pressupostos corresponents i regular i fixar les aportacions dels col\u00b7legiats.<\/strong><\/li>\n\n\n\n<li><strong>Exercir en mat\u00e8ria d&#8217;ordenaci\u00f3 farmac\u00e8utica les compet\u00e8ncies que li atribueix la llei o per delegaci\u00f3 de l&#8217;Administraci\u00f3,<\/strong>&nbsp;i instruir i resoldre els corresponents expedients d&#8217;acord amb el que estableixen la llei i aquests Estatuts.<\/li>\n\n\n\n<li><strong>Ordenar i exigir el compliment dels horaris d&#8217;obertura i tancament de les farm\u00e0cies i organitzar els serveis d&#8217;urg\u00e8ncia i vacances&nbsp;<\/strong>per tal que quedi garantida la correcta prestaci\u00f3 dels serveis i funcions sanit\u00e0ries i assistencials de les oficines de farm\u00e0cia, d&#8217;acord amb les disposicions vigents en cada moment.<\/li>\n\n\n\n<li><strong>Encarregar-se de cobrar les percepcions i els honoraris professionals quan els col\u00b7legiats ho demanin expressament,&nbsp;<\/strong>exceptuant d&#8217;aquest requisit les percepcions que els titulars d&#8217;oficina de farm\u00e0cia hagin de rebre a conseq\u00fc\u00e8ncia de la prestaci\u00f3 farmac\u00e8utica i altres serveis professionals a facturar a c\u00e0rrec del Sistema Nacional de Salut i altres entitats concertades.<br>El Col\u00b7legi gestionar\u00e0 i tramitar\u00e0 la facturaci\u00f3 i la liquidaci\u00f3 d&#8217;aquesta prestaci\u00f3 per compte dels citats titulars de conformitat amb les condicions que fixin els convenis que signi la corporaci\u00f3 farmac\u00e8utica amb les dites entitats. Correspondr\u00e0 \u00fanicament als titulars propietaris de les oficines de farm\u00e0cia entendre, debatre i aprovar el text en el qual es fixin les condicions establertes en els concerts respectius. Les reunions per tractar aquests assumptes aniran adre\u00e7ades&nbsp;exclusivament a aquests col\u00b7legiats i es convocaran i regiran seguint el reglament que aprovi la Junta de Govern.<\/li>\n\n\n\n<li><strong>Redactar els reglaments de r\u00e8gim interior que s&#8217;estimin convenients<\/strong>&nbsp;per a la bona marxa de la corporaci\u00f3 i per desenvolupar les compet\u00e8ncies que en cada cas exerceixi per delegaci\u00f3 de l&#8217;administraci\u00f3 p\u00fablica.<\/li>\n\n\n\n<li><strong>Mantenir actualitzats els registres de col\u00b7legiats i de societats professionals,<\/strong>&nbsp;i inscriure en els corresponents registres els t\u00edtols de llicenciats en farm\u00e0cia, de doctor i d&#8217;especialista.<\/li>\n\n\n\n<li><strong>Totes aquelles funcions de naturalesa p\u00fablica que li atribueixi la legislaci\u00f3 vigent en cada moment.<\/strong><\/li>\n<\/ol>\n","protected":false},"excerpt":{"rendered":"<p>\u00d2rgans, estructura i r\u00e8gim de govern El Col\u00b7legi est\u00e0 regit per la Junta General, integrada per la totalitat de col\u00b7legiats, \u00f2rgan sobir\u00e0, i per la&nbsp;Junta de Govern. La Junta de Govern est\u00e0 constitu\u00efda per un Ple (tots els membres de Junta) i una Comissi\u00f3 Permanent (president, vicepresident, secretari, tresorer, vicetresorer [&hellip;]<\/p>\n","protected":false},"author":1,"featured_media":0,"parent":3645,"menu_order":0,"comment_status":"closed","ping_status":"closed","template":"","meta":{"_uag_custom_page_level_css":"","site-sidebar-layout":"default","site-content-layout":"","ast-site-content-layout":"default","site-content-style":"default","site-sidebar-style":"default","ast-global-header-display":"","ast-banner-title-visibility":"","ast-main-header-display":"","ast-hfb-above-header-display":"","ast-hfb-below-header-display":"","ast-hfb-mobile-header-display":"","site-post-title":"","ast-breadcrumbs-content":"","ast-featured-img":"","footer-sml-layout":"","theme-transparent-header-meta":"","adv-header-id-meta":"","stick-header-meta":"","header-above-stick-meta":"","header-main-stick-meta":"","header-below-stick-meta":"","astra-migrate-meta-layouts":"set","ast-page-background-enabled":"default","ast-page-background-meta":{"desktop":{"background-color":"var(--ast-global-color-4)","background-image":"","background-repeat":"repeat","background-position":"center center","background-size":"auto","background-attachment":"scroll","background-type":"","background-media":"","overlay-type":"","overlay-color":"","overlay-opacity":"","overlay-gradient":""},"tablet":{"background-color":"","background-image":"","background-repeat":"repeat","background-position":"center center","background-size":"auto","background-attachment":"scroll","background-type":"","background-media":"","overlay-type":"","overlay-color":"","overlay-opacity":"","overlay-gradient":""},"mobile":{"background-color":"","background-image":"","background-repeat":"repeat","background-position":"center center","background-size":"auto","background-attachment":"scroll","background-type":"","background-media":"","overlay-type":"","overlay-color":"","overlay-opacity":"","overlay-gradient":""}},"ast-content-background-meta":{"desktop":{"background-color":"var(--ast-global-color-5)","background-image":"","background-repeat":"repeat","background-position":"center center","background-size":"auto","background-attachment":"scroll","background-type":"","background-media":"","overlay-type":"","overlay-color":"","overlay-opacity":"","overlay-gradient":""},"tablet":{"background-color":"var(--ast-global-color-5)","background-image":"","background-repeat":"repeat","background-position":"center center","background-size":"auto","background-attachment":"scroll","background-type":"","background-media":"","overlay-type":"","overlay-color":"","overlay-opacity":"","overlay-gradient":""},"mobile":{"background-color":"var(--ast-global-color-5)","background-image":"","background-repeat":"repeat","background-position":"center center","background-size":"auto","background-attachment":"scroll","background-type":"","background-media":"","overlay-type":"","overlay-color":"","overlay-opacity":"","overlay-gradient":""}},"footnotes":""},"class_list":["post-3644","page","type-page","status-publish","hentry"],"yoast_head":"<!-- This site is optimized with the Yoast SEO plugin v22.4 - https:\/\/yoast.com\/wordpress\/plugins\/seo\/ -->\n<title>Dades del COFB - Col\u00b7legi de Farmac\u00e8utics de Barcelona<\/title>\n<meta name=\"robots\" content=\"index, follow, max-snippet:-1, max-image-preview:large, max-video-preview:-1\" \/>\n<link rel=\"canonical\" href=\"https:\/\/www.cofb.org\/ca\/qui-som\/el-collegi\/transparencia\/publicitat-activa\/dades-del-cofb\/\" \/>\n<meta property=\"og:locale\" content=\"ca_ES\" \/>\n<meta property=\"og:type\" content=\"article\" \/>\n<meta property=\"og:title\" content=\"Dades del COFB - Col\u00b7legi de Farmac\u00e8utics de Barcelona\" \/>\n<meta property=\"og:description\" content=\"\u00d2rgans, estructura i r\u00e8gim de govern El Col\u00b7legi est\u00e0 regit per la Junta General, integrada per la totalitat de col\u00b7legiats, \u00f2rgan sobir\u00e0, i per la&nbsp;Junta de Govern. La Junta de Govern est\u00e0 constitu\u00efda per un Ple (tots els membres de Junta) i una Comissi\u00f3 Permanent (president, vicepresident, secretari, tresorer, vicetresorer [&hellip;]\" \/>\n<meta property=\"og:url\" content=\"https:\/\/www.cofb.org\/ca\/qui-som\/el-collegi\/transparencia\/publicitat-activa\/dades-del-cofb\/\" \/>\n<meta property=\"og:site_name\" content=\"Col\u00b7legi de Farmac\u00e8utics de Barcelona\" \/>\n<meta property=\"article:publisher\" content=\"https:\/\/www.facebook.com\/farmaceuticsbcn\/\" \/>\n<meta property=\"article:modified_time\" content=\"2024-08-26T12:29:53+00:00\" \/>\n<meta name=\"twitter:card\" content=\"summary_large_image\" \/>\n<meta name=\"twitter:site\" content=\"@farmaceuticsbcn\" \/>\n<meta name=\"twitter:label1\" content=\"Temps estimat de lectura\" \/>\n\t<meta name=\"twitter:data1\" content=\"5 minuts\" \/>\n<script type=\"application\/ld+json\" class=\"yoast-schema-graph\">{\"@context\":\"https:\/\/schema.org\",\"@graph\":[{\"@type\":\"WebPage\",\"@id\":\"https:\/\/www.cofb.org\/qui-som\/el-collegi\/transparencia\/publicitat-activa\/dades-del-cofb\/\",\"url\":\"https:\/\/www.cofb.org\/qui-som\/el-collegi\/transparencia\/publicitat-activa\/dades-del-cofb\/\",\"name\":\"Dades del COFB - Col\u00b7legi de Farmac\u00e8utics de Barcelona\",\"isPartOf\":{\"@id\":\"https:\/\/www.cofb.org\/#website\"},\"datePublished\":\"2023-07-07T07:45:48+00:00\",\"dateModified\":\"2024-08-26T12:29:53+00:00\",\"breadcrumb\":{\"@id\":\"https:\/\/www.cofb.org\/qui-som\/el-collegi\/transparencia\/publicitat-activa\/dades-del-cofb\/#breadcrumb\"},\"inLanguage\":\"ca\",\"potentialAction\":[{\"@type\":\"ReadAction\",\"target\":[\"https:\/\/www.cofb.org\/qui-som\/el-collegi\/transparencia\/publicitat-activa\/dades-del-cofb\/\"]}]},{\"@type\":\"BreadcrumbList\",\"@id\":\"https:\/\/www.cofb.org\/qui-som\/el-collegi\/transparencia\/publicitat-activa\/dades-del-cofb\/#breadcrumb\",\"itemListElement\":[{\"@type\":\"ListItem\",\"position\":1,\"name\":\"Inici\",\"item\":\"https:\/\/novaorg.cofb.net\/\"},{\"@type\":\"ListItem\",\"position\":2,\"name\":\"Qui som?\",\"item\":\"https:\/\/novaorg.cofb.net\/qui-som\/\"},{\"@type\":\"ListItem\",\"position\":3,\"name\":\"El Col\u00b7legi\",\"item\":\"https:\/\/novaorg.cofb.net\/qui-som\/el-collegi\/\"},{\"@type\":\"ListItem\",\"position\":4,\"name\":\"Transpar\u00e8ncia\",\"item\":\"https:\/\/novaorg.cofb.net\/qui-som\/el-collegi\/transparencia\/\"},{\"@type\":\"ListItem\",\"position\":5,\"name\":\"Publicitat activa\",\"item\":\"https:\/\/novaorg.cofb.net\/qui-som\/el-collegi\/transparencia\/publicitat-activa\/\"},{\"@type\":\"ListItem\",\"position\":6,\"name\":\"Dades del COFB\"}]},{\"@type\":\"WebSite\",\"@id\":\"https:\/\/www.cofb.org\/#website\",\"url\":\"https:\/\/www.cofb.org\/\",\"name\":\"Col\u00b7legi de Farmac\u00e8utics de Barcelona\",\"description\":\"\",\"publisher\":{\"@id\":\"https:\/\/www.cofb.org\/#organization\"},\"potentialAction\":[{\"@type\":\"SearchAction\",\"target\":{\"@type\":\"EntryPoint\",\"urlTemplate\":\"https:\/\/www.cofb.org\/?s={search_term_string}\"},\"query-input\":\"required name=search_term_string\"}],\"inLanguage\":\"ca\"},{\"@type\":\"Organization\",\"@id\":\"https:\/\/www.cofb.org\/#organization\",\"name\":\"Col\u00b7legi de Farmac\u00e8utics de Barcelona\",\"url\":\"https:\/\/www.cofb.org\/\",\"logo\":{\"@type\":\"ImageObject\",\"inLanguage\":\"ca\",\"@id\":\"https:\/\/www.cofb.org\/#\/schema\/logo\/image\/\",\"url\":\"https:\/\/www.cofb.org\/wp-content\/uploads\/2023\/11\/cropped-Logotip-COFB.png\",\"contentUrl\":\"https:\/\/www.cofb.org\/wp-content\/uploads\/2023\/11\/cropped-Logotip-COFB.png\",\"width\":500,\"height\":105,\"caption\":\"Col\u00b7legi de Farmac\u00e8utics de Barcelona\"},\"image\":{\"@id\":\"https:\/\/www.cofb.org\/#\/schema\/logo\/image\/\"},\"sameAs\":[\"https:\/\/www.facebook.com\/farmaceuticsbcn\/\",\"https:\/\/twitter.com\/farmaceuticsbcn\",\"https:\/\/www.instagram.com\/farmaceuticsbcn\/\",\"https:\/\/www.linkedin.com\/company\/farmaceuticsbcn\/\"]}]}<\/script>\n<!-- \/ Yoast SEO plugin. -->","yoast_head_json":{"title":"Dades del COFB - Col\u00b7legi de Farmac\u00e8utics de Barcelona","robots":{"index":"index","follow":"follow","max-snippet":"max-snippet:-1","max-image-preview":"max-image-preview:large","max-video-preview":"max-video-preview:-1"},"canonical":"https:\/\/www.cofb.org\/ca\/qui-som\/el-collegi\/transparencia\/publicitat-activa\/dades-del-cofb\/","og_locale":"ca_ES","og_type":"article","og_title":"Dades del COFB - Col\u00b7legi de Farmac\u00e8utics de Barcelona","og_description":"\u00d2rgans, estructura i r\u00e8gim de govern El Col\u00b7legi est\u00e0 regit per la Junta General, integrada per la totalitat de col\u00b7legiats, \u00f2rgan sobir\u00e0, i per la&nbsp;Junta de Govern. La Junta de Govern est\u00e0 constitu\u00efda per un Ple (tots els membres de Junta) i una Comissi\u00f3 Permanent (president, vicepresident, secretari, tresorer, vicetresorer [&hellip;]","og_url":"https:\/\/www.cofb.org\/ca\/qui-som\/el-collegi\/transparencia\/publicitat-activa\/dades-del-cofb\/","og_site_name":"Col\u00b7legi de Farmac\u00e8utics de Barcelona","article_publisher":"https:\/\/www.facebook.com\/farmaceuticsbcn\/","article_modified_time":"2024-08-26T12:29:53+00:00","twitter_card":"summary_large_image","twitter_site":"@farmaceuticsbcn","twitter_misc":{"Temps estimat de lectura":"5 minuts"},"schema":{"@context":"https:\/\/schema.org","@graph":[{"@type":"WebPage","@id":"https:\/\/www.cofb.org\/qui-som\/el-collegi\/transparencia\/publicitat-activa\/dades-del-cofb\/","url":"https:\/\/www.cofb.org\/qui-som\/el-collegi\/transparencia\/publicitat-activa\/dades-del-cofb\/","name":"Dades del COFB - Col\u00b7legi de Farmac\u00e8utics de Barcelona","isPartOf":{"@id":"https:\/\/www.cofb.org\/#website"},"datePublished":"2023-07-07T07:45:48+00:00","dateModified":"2024-08-26T12:29:53+00:00","breadcrumb":{"@id":"https:\/\/www.cofb.org\/qui-som\/el-collegi\/transparencia\/publicitat-activa\/dades-del-cofb\/#breadcrumb"},"inLanguage":"ca","potentialAction":[{"@type":"ReadAction","target":["https:\/\/www.cofb.org\/qui-som\/el-collegi\/transparencia\/publicitat-activa\/dades-del-cofb\/"]}]},{"@type":"BreadcrumbList","@id":"https:\/\/www.cofb.org\/qui-som\/el-collegi\/transparencia\/publicitat-activa\/dades-del-cofb\/#breadcrumb","itemListElement":[{"@type":"ListItem","position":1,"name":"Inici","item":"https:\/\/novaorg.cofb.net\/"},{"@type":"ListItem","position":2,"name":"Qui som?","item":"https:\/\/novaorg.cofb.net\/qui-som\/"},{"@type":"ListItem","position":3,"name":"El Col\u00b7legi","item":"https:\/\/novaorg.cofb.net\/qui-som\/el-collegi\/"},{"@type":"ListItem","position":4,"name":"Transpar\u00e8ncia","item":"https:\/\/novaorg.cofb.net\/qui-som\/el-collegi\/transparencia\/"},{"@type":"ListItem","position":5,"name":"Publicitat activa","item":"https:\/\/novaorg.cofb.net\/qui-som\/el-collegi\/transparencia\/publicitat-activa\/"},{"@type":"ListItem","position":6,"name":"Dades del COFB"}]},{"@type":"WebSite","@id":"https:\/\/www.cofb.org\/#website","url":"https:\/\/www.cofb.org\/","name":"Col\u00b7legi de Farmac\u00e8utics de Barcelona","description":"","publisher":{"@id":"https:\/\/www.cofb.org\/#organization"},"potentialAction":[{"@type":"SearchAction","target":{"@type":"EntryPoint","urlTemplate":"https:\/\/www.cofb.org\/?s={search_term_string}"},"query-input":"required name=search_term_string"}],"inLanguage":"ca"},{"@type":"Organization","@id":"https:\/\/www.cofb.org\/#organization","name":"Col\u00b7legi de Farmac\u00e8utics de Barcelona","url":"https:\/\/www.cofb.org\/","logo":{"@type":"ImageObject","inLanguage":"ca","@id":"https:\/\/www.cofb.org\/#\/schema\/logo\/image\/","url":"https:\/\/www.cofb.org\/wp-content\/uploads\/2023\/11\/cropped-Logotip-COFB.png","contentUrl":"https:\/\/www.cofb.org\/wp-content\/uploads\/2023\/11\/cropped-Logotip-COFB.png","width":500,"height":105,"caption":"Col\u00b7legi de Farmac\u00e8utics de Barcelona"},"image":{"@id":"https:\/\/www.cofb.org\/#\/schema\/logo\/image\/"},"sameAs":["https:\/\/www.facebook.com\/farmaceuticsbcn\/","https:\/\/twitter.com\/farmaceuticsbcn","https:\/\/www.instagram.com\/farmaceuticsbcn\/","https:\/\/www.linkedin.com\/company\/farmaceuticsbcn\/"]}]}},"uagb_featured_image_src":{"full":false,"thumbnail":false,"medium":false,"medium_large":false,"large":false,"1536x1536":false,"2048x2048":false,"trp-custom-language-flag":false},"uagb_author_info":{"display_name":"wpAdminCofbOrg","author_link":"https:\/\/www.cofb.org\/ca\/author\/wpadmincofborg\/"},"uagb_comment_info":0,"uagb_excerpt":"\u00d2rgans, estructura i r\u00e8gim de govern El Col\u00b7legi est\u00e0 regit per la Junta General, integrada per la totalitat de col\u00b7legiats, \u00f2rgan sobir\u00e0, i per la&nbsp;Junta de Govern. La Junta de Govern est\u00e0 constitu\u00efda per un Ple (tots els membres de Junta) i una Comissi\u00f3 Permanent (president, vicepresident, secretari, tresorer, vicetresorer [&hellip;]","_links":{"self":[{"href":"https:\/\/www.cofb.org\/ca\/wp-json\/wp\/v2\/pages\/3644","targetHints":{"allow":["GET"]}}],"collection":[{"href":"https:\/\/www.cofb.org\/ca\/wp-json\/wp\/v2\/pages"}],"about":[{"href":"https:\/\/www.cofb.org\/ca\/wp-json\/wp\/v2\/types\/page"}],"author":[{"embeddable":true,"href":"https:\/\/www.cofb.org\/ca\/wp-json\/wp\/v2\/users\/1"}],"replies":[{"embeddable":true,"href":"https:\/\/www.cofb.org\/ca\/wp-json\/wp\/v2\/comments?post=3644"}],"version-history":[{"count":5,"href":"https:\/\/www.cofb.org\/ca\/wp-json\/wp\/v2\/pages\/3644\/revisions"}],"predecessor-version":[{"id":79469,"href":"https:\/\/www.cofb.org\/ca\/wp-json\/wp\/v2\/pages\/3644\/revisions\/79469"}],"up":[{"embeddable":true,"href":"https:\/\/www.cofb.org\/ca\/wp-json\/wp\/v2\/pages\/3645"}],"wp:attachment":[{"href":"https:\/\/www.cofb.org\/ca\/wp-json\/wp\/v2\/media?parent=3644"}],"curies":[{"name":"wp","href":"https:\/\/api.w.org\/{rel}","templated":true}]}}