{"id":3642,"date":"2023-07-07T07:43:19","date_gmt":"2023-07-07T07:43:19","guid":{"rendered":"https:\/\/novaorg.cofb.net\/?page_id=3642"},"modified":"2023-10-06T09:26:34","modified_gmt":"2023-10-06T09:26:34","slug":"coordinadors-i-delegats","status":"publish","type":"page","link":"https:\/\/www.cofb.org\/ca\/qui-som\/com-sorganitza\/coordinadors-i-delegats\/","title":{"rendered":"Coordinadors i delegats"},"content":{"rendered":"\n<div class=\"wp-block-uagb-image uagb-block-c67809de wp-block-uagb-image--layout-default wp-block-uagb-image--effect-static wp-block-uagb-image--align-none\"><figure class=\"wp-block-uagb-image__figure\"><img loading=\"lazy\" decoding=\"async\" srcset=\"https:\/\/www.cofb.org\/wp-content\/uploads\/2023\/10\/pexels-photo-1078850.jpeg \" sizes=\"auto, (max-width: 480px) 150px\" src=\"https:\/\/www.cofb.org\/wp-content\/uploads\/2023\/10\/pexels-photo-1078850.jpeg\" alt=\"\" class=\"uag-image-68888\" width=\"864\" height=\"300\" title=\"\" loading=\"lazy\"\/><\/figure><\/div>\n\n\n\n<p>La&nbsp;<strong>xarxa de coordinadors i delegats<\/strong>&nbsp;\u00e9s el mecanisme a trav\u00e9s del qual el Col\u00b7legi de Farmac\u00e8utics de Barcelona, en tan&nbsp;representant de la professi\u00f3 farmac\u00e8utica,&nbsp;<strong>organitza la coordinaci\u00f3 i participaci\u00f3 dels farmac\u00e8utics titulars d\u2019oficina de farm\u00e0cia en l\u2019\u00e0mbit assistencial de la salut p\u00fablica<\/strong>.<\/p>\n\n\n\n<p>El seu objectiu \u00e9s&nbsp;<strong>potenciar el farmac\u00e8utic com a agent de salut&nbsp;<\/strong>al territori i&nbsp;<strong>col\u00b7laborar amb l\u2019administraci\u00f3 p\u00fablica<\/strong>&nbsp;en la consecuci\u00f3 de la millora de l\u2019atenci\u00f3 sanit\u00e0ria prestada a la ciutadania.<\/p>\n\n\n\n<p>Aquesta estructura esdev\u00e9 una eina per a la&nbsp;<strong>creaci\u00f3 d\u2019aliances&nbsp;<\/strong>amb altres professionals sanitaris,&nbsp;<strong>refor\u00e7ant&nbsp;<\/strong>els&nbsp;<strong>canals de comunicaci\u00f3&nbsp;<\/strong>de l\u2019oficina de farm\u00e0cia amb els CAPs, hospitals i centres d\u2019atenci\u00f3 continuada i esmer\u00e7ant-se en posicionar el farmac\u00e8utic com un agent actiu en tots aquells f\u00f2rums destinats a la promoci\u00f3 de la salut, la prevenci\u00f3 de la malaltia, l\u2019educaci\u00f3 sanit\u00e0ria, el bon \u00fas dels medicaments i el seguiment dels tractaments farmacol\u00f2gics.<\/p>\n\n\n\n<p>La xarxa&nbsp;de coordinadors i delegats s\u2019assenta sobre una&nbsp;<strong>organitzaci\u00f3 territorial&nbsp;<\/strong>basada en el<strong>&nbsp;sector sanitari&nbsp;<\/strong>i&nbsp;<strong>l\u2019\u00e0rea b\u00e0sica de salut<\/strong>, i es vehicula a trav\u00e9s de les figures del coordinador i del delegat.<\/p>\n\n\n\n<p>L\u2019\u00e0mbit territorial d\u2019actuaci\u00f3 dels coordinadors i delegats es divideix en&nbsp;<strong>21 sectors sanitaris<\/strong>&nbsp;i<strong>&nbsp;262 \u00e0rees b\u00e0siques de salut<\/strong>.<\/p>\n\n\n\n<h2 class=\"wp-block-heading\">El sector sanitari<\/h2>\n\n\n\n<p>El sector sanitari \u00e9s una&nbsp;<strong>unitat territorial<\/strong>&nbsp;que integra un conjunt&nbsp;<strong>d\u2019\u00e0rees b\u00e0siques,<\/strong>&nbsp;en les quals es&nbsp;<strong>desenvolupen i coordinen&nbsp;<\/strong>les&nbsp;<strong>activitats de promoci\u00f3 de la salut<\/strong>&nbsp;i<strong>&nbsp;prevenci\u00f3 de la malaltia<\/strong>. Cada un dels sectors sanitaris t\u00e9 un coordinador&nbsp;designat a proposta del Vocal d\u2019Oficina de Farm\u00e0cia del COFB.&nbsp;<\/p>\n\n\n\n<p>Les seves funcions principals s\u00f3n:&nbsp;<\/p>\n\n\n\n<ul class=\"wp-block-list\">\n<li><strong>Fer d\u2019enlla\u00e7<\/strong>&nbsp;entre el COFB i els diferents estaments sanitaris del territori per a coordinar activitats professionals en els quals participin les oficines de farm\u00e0cia del seu sector sanitari.<\/li>\n\n\n\n<li><strong>Assistir a les&nbsp;reunions de l\u2019\u00e0mbit de la salut<\/strong>&nbsp;del seu territori i&nbsp;<strong>participar&nbsp;<\/strong>en les iniciatives que requereixin la col\u00b7laboraci\u00f3 de les oficines de farm\u00e0cia en coordinaci\u00f3 amb la resta d\u2019agents de salut d\u2019un \u00e0mbit territorial.<\/li>\n<\/ul>\n\n\n\n<figure class=\"wp-block-image\"><img decoding=\"async\" src=\"https:\/\/www.cofb.org\/documents\/10136\/1056753\/Coordinadors.jpg\/24238dbf-fb24-44e8-bf8a-1445aaed9f69?t=1549542808897\" alt=\"\"\/><\/figure>\n\n\n\n<h2 class=\"wp-block-heading\">\u00c0rea B\u00e0sica de Salut&nbsp;(ABS)<\/h2>\n\n\n\n<p>L\u2019\u00e0rea b\u00e0sica de salut (ABS) \u00e9s la&nbsp;<strong>unitat territorial elemental&nbsp;<\/strong>que&nbsp;<strong>integra diverses oficines de farm\u00e0cia<\/strong>&nbsp;en la qual es presta&nbsp;<strong>assist\u00e8ncia sanit\u00e0ria prim\u00e0ria<\/strong>&nbsp;d\u2019acc\u00e9s directa a la poblaci\u00f3 i constitueix l\u2019eix vertebrador del sistema sanitari en l\u2019\u00e0mbit del qual desenvolupa les seves activitats l\u2019equip d\u2019atenci\u00f3 prim\u00e0ria. Cada ABS t\u00e9 un delegat, designat pels titulars de farm\u00e0cia d&#8217;aquesta.<\/p>\n\n\n\n<p>Els delegats s\u00f3n l\u2019enlla\u00e7 entre el coordinador, els titulars d\u2019oficina de farm\u00e0cia i els diferents \u00e0mbits assistencials de l\u2019\u00e0rea b\u00e0sica de salut (ABS).<\/p>\n\n\n\n<p>Les seves funcions principals s\u00f3n:&nbsp;<\/p>\n\n\n\n<ul class=\"wp-block-list\">\n<li><strong>Coordinar&nbsp;<\/strong>i&nbsp;<strong>representar&nbsp;<\/strong>els farmac\u00e8utics titulars de les OF de l\u2019ABS davant del coordinador del sector, el COFB i les estructures sanit\u00e0ries de l\u2019ABS.<\/li>\n\n\n\n<li>Quan s\u2019escaigui,&nbsp;<strong>planificar&nbsp;<\/strong>els horaris, els serveis d\u2019urg\u00e8ncia i les vacances de les oficines de farm\u00e0cia de l\u2019ABS.<\/li>\n\n\n\n<li><strong>Participar&nbsp;<\/strong>en els projectes professionals que posi en marxa el Col\u00b7legi i donar suport al coordinador en totes les activitats en qu\u00e8 aquest hagi de participar.<\/li>\n<\/ul>\n\n\n\n<p><\/p>\n","protected":false},"excerpt":{"rendered":"<p>La&nbsp;xarxa de coordinadors i delegats&nbsp;\u00e9s el mecanisme a trav\u00e9s del qual el Col\u00b7legi de Farmac\u00e8utics de Barcelona, en tan&nbsp;representant de la professi\u00f3 farmac\u00e8utica,&nbsp;organitza la coordinaci\u00f3 i participaci\u00f3 dels farmac\u00e8utics titulars d\u2019oficina de farm\u00e0cia en l\u2019\u00e0mbit assistencial de la salut p\u00fablica. El seu objectiu \u00e9s&nbsp;potenciar el farmac\u00e8utic com a agent de [&hellip;]<\/p>\n","protected":false},"author":1,"featured_media":0,"parent":68372,"menu_order":4,"comment_status":"closed","ping_status":"closed","template":"","meta":{"_uag_custom_page_level_css":"","site-sidebar-layout":"default","site-content-layout":"","ast-site-content-layout":"default","site-content-style":"default","site-sidebar-style":"default","ast-global-header-display":"","ast-banner-title-visibility":"","ast-main-header-display":"","ast-hfb-above-header-display":"","ast-hfb-below-header-display":"","ast-hfb-mobile-header-display":"","site-post-title":"","ast-breadcrumbs-content":"","ast-featured-img":"","footer-sml-layout":"","theme-transparent-header-meta":"","adv-header-id-meta":"","stick-header-meta":"","header-above-stick-meta":"","header-main-stick-meta":"","header-below-stick-meta":"","astra-migrate-meta-layouts":"default","ast-page-background-enabled":"default","ast-page-background-meta":{"desktop":{"background-color":"var(--ast-global-color-4)","background-image":"","background-repeat":"repeat","background-position":"center center","background-size":"auto","background-attachment":"scroll","background-type":"","background-media":"","overlay-type":"","overlay-color":"","overlay-opacity":"","overlay-gradient":""},"tablet":{"background-color":"","background-image":"","background-repeat":"repeat","background-position":"center center","background-size":"auto","background-attachment":"scroll","background-type":"","background-media":"","overlay-type":"","overlay-color":"","overlay-opacity":"","overlay-gradient":""},"mobile":{"background-color":"","background-image":"","background-repeat":"repeat","background-position":"center center","background-size":"auto","background-attachment":"scroll","background-type":"","background-media":"","overlay-type":"","overlay-color":"","overlay-opacity":"","overlay-gradient":""}},"ast-content-background-meta":{"desktop":{"background-color":"var(--ast-global-color-5)","background-image":"","background-repeat":"repeat","background-position":"center center","background-size":"auto","background-attachment":"scroll","background-type":"","background-media":"","overlay-type":"","overlay-color":"","overlay-opacity":"","overlay-gradient":""},"tablet":{"background-color":"var(--ast-global-color-5)","background-image":"","background-repeat":"repeat","background-position":"center center","background-size":"auto","background-attachment":"scroll","background-type":"","background-media":"","overlay-type":"","overlay-color":"","overlay-opacity":"","overlay-gradient":""},"mobile":{"background-color":"var(--ast-global-color-5)","background-image":"","background-repeat":"repeat","background-position":"center center","background-size":"auto","background-attachment":"scroll","background-type":"","background-media":"","overlay-type":"","overlay-color":"","overlay-opacity":"","overlay-gradient":""}},"footnotes":""},"class_list":["post-3642","page","type-page","status-publish","hentry"],"yoast_head":"<!-- This site is optimized with the Yoast SEO plugin v22.4 - https:\/\/yoast.com\/wordpress\/plugins\/seo\/ -->\n<title>Coordinadors i delegats - Col\u00b7legi de Farmac\u00e8utics de Barcelona<\/title>\n<meta name=\"robots\" content=\"index, follow, max-snippet:-1, max-image-preview:large, max-video-preview:-1\" \/>\n<link rel=\"canonical\" href=\"https:\/\/novaorg.cofb.net\/qui-som\/com-sorganitza\/coordinadors-i-delegats\/\" \/>\n<meta property=\"og:locale\" content=\"ca_ES\" \/>\n<meta property=\"og:type\" content=\"article\" \/>\n<meta property=\"og:title\" content=\"Coordinadors i delegats - Col\u00b7legi de Farmac\u00e8utics de Barcelona\" \/>\n<meta property=\"og:description\" content=\"La&nbsp;xarxa de coordinadors i delegats&nbsp;\u00e9s el mecanisme a trav\u00e9s del qual el Col\u00b7legi de Farmac\u00e8utics de Barcelona, en tan&nbsp;representant de la professi\u00f3 farmac\u00e8utica,&nbsp;organitza la coordinaci\u00f3 i participaci\u00f3 dels farmac\u00e8utics titulars d\u2019oficina de farm\u00e0cia en l\u2019\u00e0mbit assistencial de la salut p\u00fablica. El seu objectiu \u00e9s&nbsp;potenciar el farmac\u00e8utic com a agent de [&hellip;]\" \/>\n<meta property=\"og:url\" content=\"https:\/\/novaorg.cofb.net\/qui-som\/com-sorganitza\/coordinadors-i-delegats\/\" \/>\n<meta property=\"og:site_name\" content=\"Col\u00b7legi de Farmac\u00e8utics de Barcelona\" \/>\n<meta property=\"article:publisher\" content=\"https:\/\/www.facebook.com\/farmaceuticsbcn\/\" \/>\n<meta property=\"article:modified_time\" content=\"2023-10-06T09:26:34+00:00\" \/>\n<meta property=\"og:image\" content=\"https:\/\/novaorg.cofb.net\/wp-content\/uploads\/2023\/10\/pexels-photo-1078850.jpeg\" \/>\n<meta name=\"twitter:card\" content=\"summary_large_image\" \/>\n<meta name=\"twitter:site\" content=\"@farmaceuticsbcn\" \/>\n<meta name=\"twitter:label1\" content=\"Temps estimat de lectura\" \/>\n\t<meta name=\"twitter:data1\" content=\"3 minuts\" \/>\n<script type=\"application\/ld+json\" class=\"yoast-schema-graph\">{\"@context\":\"https:\/\/schema.org\",\"@graph\":[{\"@type\":\"WebPage\",\"@id\":\"https:\/\/novaorg.cofb.net\/qui-som\/com-sorganitza\/coordinadors-i-delegats\/\",\"url\":\"https:\/\/novaorg.cofb.net\/qui-som\/com-sorganitza\/coordinadors-i-delegats\/\",\"name\":\"Coordinadors i delegats - Col\u00b7legi de Farmac\u00e8utics de Barcelona\",\"isPartOf\":{\"@id\":\"https:\/\/www.cofb.org\/#website\"},\"primaryImageOfPage\":{\"@id\":\"https:\/\/novaorg.cofb.net\/qui-som\/com-sorganitza\/coordinadors-i-delegats\/#primaryimage\"},\"image\":{\"@id\":\"https:\/\/novaorg.cofb.net\/qui-som\/com-sorganitza\/coordinadors-i-delegats\/#primaryimage\"},\"thumbnailUrl\":\"https:\/\/www.cofb.org\/wp-content\/uploads\/2023\/10\/pexels-photo-1078850.jpeg\",\"datePublished\":\"2023-07-07T07:43:19+00:00\",\"dateModified\":\"2023-10-06T09:26:34+00:00\",\"breadcrumb\":{\"@id\":\"https:\/\/novaorg.cofb.net\/qui-som\/com-sorganitza\/coordinadors-i-delegats\/#breadcrumb\"},\"inLanguage\":\"ca\",\"potentialAction\":[{\"@type\":\"ReadAction\",\"target\":[\"https:\/\/novaorg.cofb.net\/qui-som\/com-sorganitza\/coordinadors-i-delegats\/\"]}]},{\"@type\":\"ImageObject\",\"inLanguage\":\"ca\",\"@id\":\"https:\/\/novaorg.cofb.net\/qui-som\/com-sorganitza\/coordinadors-i-delegats\/#primaryimage\",\"url\":\"https:\/\/www.cofb.org\/wp-content\/uploads\/2023\/10\/pexels-photo-1078850.jpeg\",\"contentUrl\":\"https:\/\/www.cofb.org\/wp-content\/uploads\/2023\/10\/pexels-photo-1078850.jpeg\"},{\"@type\":\"BreadcrumbList\",\"@id\":\"https:\/\/novaorg.cofb.net\/qui-som\/com-sorganitza\/coordinadors-i-delegats\/#breadcrumb\",\"itemListElement\":[{\"@type\":\"ListItem\",\"position\":1,\"name\":\"Inici\",\"item\":\"https:\/\/novaorg.cofb.net\/\"},{\"@type\":\"ListItem\",\"position\":2,\"name\":\"Qui som?\",\"item\":\"https:\/\/novaorg.cofb.net\/qui-som\/\"},{\"@type\":\"ListItem\",\"position\":3,\"name\":\"Com s&#8217;organitza?\",\"item\":\"https:\/\/novaorg.cofb.net\/qui-som\/com-sorganitza\/\"},{\"@type\":\"ListItem\",\"position\":4,\"name\":\"Coordinadors i delegats\"}]},{\"@type\":\"WebSite\",\"@id\":\"https:\/\/www.cofb.org\/#website\",\"url\":\"https:\/\/www.cofb.org\/\",\"name\":\"Col\u00b7legi de Farmac\u00e8utics de Barcelona\",\"description\":\"\",\"publisher\":{\"@id\":\"https:\/\/www.cofb.org\/#organization\"},\"potentialAction\":[{\"@type\":\"SearchAction\",\"target\":{\"@type\":\"EntryPoint\",\"urlTemplate\":\"https:\/\/www.cofb.org\/?s={search_term_string}\"},\"query-input\":\"required name=search_term_string\"}],\"inLanguage\":\"ca\"},{\"@type\":\"Organization\",\"@id\":\"https:\/\/www.cofb.org\/#organization\",\"name\":\"Col\u00b7legi de Farmac\u00e8utics de Barcelona\",\"url\":\"https:\/\/www.cofb.org\/\",\"logo\":{\"@type\":\"ImageObject\",\"inLanguage\":\"ca\",\"@id\":\"https:\/\/www.cofb.org\/#\/schema\/logo\/image\/\",\"url\":\"https:\/\/www.cofb.org\/wp-content\/uploads\/2023\/11\/cropped-Logotip-COFB.png\",\"contentUrl\":\"https:\/\/www.cofb.org\/wp-content\/uploads\/2023\/11\/cropped-Logotip-COFB.png\",\"width\":500,\"height\":105,\"caption\":\"Col\u00b7legi de Farmac\u00e8utics de Barcelona\"},\"image\":{\"@id\":\"https:\/\/www.cofb.org\/#\/schema\/logo\/image\/\"},\"sameAs\":[\"https:\/\/www.facebook.com\/farmaceuticsbcn\/\",\"https:\/\/twitter.com\/farmaceuticsbcn\",\"https:\/\/www.instagram.com\/farmaceuticsbcn\/\",\"https:\/\/www.linkedin.com\/company\/farmaceuticsbcn\/\"]}]}<\/script>\n<!-- \/ Yoast SEO plugin. -->","yoast_head_json":{"title":"Coordinadors i delegats - Col\u00b7legi de Farmac\u00e8utics de Barcelona","robots":{"index":"index","follow":"follow","max-snippet":"max-snippet:-1","max-image-preview":"max-image-preview:large","max-video-preview":"max-video-preview:-1"},"canonical":"https:\/\/novaorg.cofb.net\/qui-som\/com-sorganitza\/coordinadors-i-delegats\/","og_locale":"ca_ES","og_type":"article","og_title":"Coordinadors i delegats - Col\u00b7legi de Farmac\u00e8utics de Barcelona","og_description":"La&nbsp;xarxa de coordinadors i delegats&nbsp;\u00e9s el mecanisme a trav\u00e9s del qual el Col\u00b7legi de Farmac\u00e8utics de Barcelona, en tan&nbsp;representant de la professi\u00f3 farmac\u00e8utica,&nbsp;organitza la coordinaci\u00f3 i participaci\u00f3 dels farmac\u00e8utics titulars d\u2019oficina de farm\u00e0cia en l\u2019\u00e0mbit assistencial de la salut p\u00fablica. El seu objectiu \u00e9s&nbsp;potenciar el farmac\u00e8utic com a agent de [&hellip;]","og_url":"https:\/\/novaorg.cofb.net\/qui-som\/com-sorganitza\/coordinadors-i-delegats\/","og_site_name":"Col\u00b7legi de Farmac\u00e8utics de Barcelona","article_publisher":"https:\/\/www.facebook.com\/farmaceuticsbcn\/","article_modified_time":"2023-10-06T09:26:34+00:00","og_image":[{"url":"https:\/\/novaorg.cofb.net\/wp-content\/uploads\/2023\/10\/pexels-photo-1078850.jpeg"}],"twitter_card":"summary_large_image","twitter_site":"@farmaceuticsbcn","twitter_misc":{"Temps estimat de lectura":"3 minuts"},"schema":{"@context":"https:\/\/schema.org","@graph":[{"@type":"WebPage","@id":"https:\/\/novaorg.cofb.net\/qui-som\/com-sorganitza\/coordinadors-i-delegats\/","url":"https:\/\/novaorg.cofb.net\/qui-som\/com-sorganitza\/coordinadors-i-delegats\/","name":"Coordinadors i delegats - Col\u00b7legi de Farmac\u00e8utics de Barcelona","isPartOf":{"@id":"https:\/\/www.cofb.org\/#website"},"primaryImageOfPage":{"@id":"https:\/\/novaorg.cofb.net\/qui-som\/com-sorganitza\/coordinadors-i-delegats\/#primaryimage"},"image":{"@id":"https:\/\/novaorg.cofb.net\/qui-som\/com-sorganitza\/coordinadors-i-delegats\/#primaryimage"},"thumbnailUrl":"https:\/\/www.cofb.org\/wp-content\/uploads\/2023\/10\/pexels-photo-1078850.jpeg","datePublished":"2023-07-07T07:43:19+00:00","dateModified":"2023-10-06T09:26:34+00:00","breadcrumb":{"@id":"https:\/\/novaorg.cofb.net\/qui-som\/com-sorganitza\/coordinadors-i-delegats\/#breadcrumb"},"inLanguage":"ca","potentialAction":[{"@type":"ReadAction","target":["https:\/\/novaorg.cofb.net\/qui-som\/com-sorganitza\/coordinadors-i-delegats\/"]}]},{"@type":"ImageObject","inLanguage":"ca","@id":"https:\/\/novaorg.cofb.net\/qui-som\/com-sorganitza\/coordinadors-i-delegats\/#primaryimage","url":"https:\/\/www.cofb.org\/wp-content\/uploads\/2023\/10\/pexels-photo-1078850.jpeg","contentUrl":"https:\/\/www.cofb.org\/wp-content\/uploads\/2023\/10\/pexels-photo-1078850.jpeg"},{"@type":"BreadcrumbList","@id":"https:\/\/novaorg.cofb.net\/qui-som\/com-sorganitza\/coordinadors-i-delegats\/#breadcrumb","itemListElement":[{"@type":"ListItem","position":1,"name":"Inici","item":"https:\/\/novaorg.cofb.net\/"},{"@type":"ListItem","position":2,"name":"Qui som?","item":"https:\/\/novaorg.cofb.net\/qui-som\/"},{"@type":"ListItem","position":3,"name":"Com s&#8217;organitza?","item":"https:\/\/novaorg.cofb.net\/qui-som\/com-sorganitza\/"},{"@type":"ListItem","position":4,"name":"Coordinadors i delegats"}]},{"@type":"WebSite","@id":"https:\/\/www.cofb.org\/#website","url":"https:\/\/www.cofb.org\/","name":"Col\u00b7legi de Farmac\u00e8utics de Barcelona","description":"","publisher":{"@id":"https:\/\/www.cofb.org\/#organization"},"potentialAction":[{"@type":"SearchAction","target":{"@type":"EntryPoint","urlTemplate":"https:\/\/www.cofb.org\/?s={search_term_string}"},"query-input":"required name=search_term_string"}],"inLanguage":"ca"},{"@type":"Organization","@id":"https:\/\/www.cofb.org\/#organization","name":"Col\u00b7legi de Farmac\u00e8utics de Barcelona","url":"https:\/\/www.cofb.org\/","logo":{"@type":"ImageObject","inLanguage":"ca","@id":"https:\/\/www.cofb.org\/#\/schema\/logo\/image\/","url":"https:\/\/www.cofb.org\/wp-content\/uploads\/2023\/11\/cropped-Logotip-COFB.png","contentUrl":"https:\/\/www.cofb.org\/wp-content\/uploads\/2023\/11\/cropped-Logotip-COFB.png","width":500,"height":105,"caption":"Col\u00b7legi de Farmac\u00e8utics de Barcelona"},"image":{"@id":"https:\/\/www.cofb.org\/#\/schema\/logo\/image\/"},"sameAs":["https:\/\/www.facebook.com\/farmaceuticsbcn\/","https:\/\/twitter.com\/farmaceuticsbcn","https:\/\/www.instagram.com\/farmaceuticsbcn\/","https:\/\/www.linkedin.com\/company\/farmaceuticsbcn\/"]}]}},"uagb_featured_image_src":{"full":false,"thumbnail":false,"medium":false,"medium_large":false,"large":false,"1536x1536":false,"2048x2048":false,"trp-custom-language-flag":false},"uagb_author_info":{"display_name":"wpAdminCofbOrg","author_link":"https:\/\/www.cofb.org\/ca\/author\/wpadmincofborg\/"},"uagb_comment_info":0,"uagb_excerpt":"La&nbsp;xarxa de coordinadors i delegats&nbsp;\u00e9s el mecanisme a trav\u00e9s del qual el Col\u00b7legi de Farmac\u00e8utics de Barcelona, en tan&nbsp;representant de la professi\u00f3 farmac\u00e8utica,&nbsp;organitza la coordinaci\u00f3 i participaci\u00f3 dels farmac\u00e8utics titulars d\u2019oficina de farm\u00e0cia en l\u2019\u00e0mbit assistencial de la salut p\u00fablica. El seu objectiu \u00e9s&nbsp;potenciar el farmac\u00e8utic com a agent de [&hellip;]","_links":{"self":[{"href":"https:\/\/www.cofb.org\/ca\/wp-json\/wp\/v2\/pages\/3642","targetHints":{"allow":["GET"]}}],"collection":[{"href":"https:\/\/www.cofb.org\/ca\/wp-json\/wp\/v2\/pages"}],"about":[{"href":"https:\/\/www.cofb.org\/ca\/wp-json\/wp\/v2\/types\/page"}],"author":[{"embeddable":true,"href":"https:\/\/www.cofb.org\/ca\/wp-json\/wp\/v2\/users\/1"}],"replies":[{"embeddable":true,"href":"https:\/\/www.cofb.org\/ca\/wp-json\/wp\/v2\/comments?post=3642"}],"version-history":[{"count":11,"href":"https:\/\/www.cofb.org\/ca\/wp-json\/wp\/v2\/pages\/3642\/revisions"}],"predecessor-version":[{"id":68889,"href":"https:\/\/www.cofb.org\/ca\/wp-json\/wp\/v2\/pages\/3642\/revisions\/68889"}],"up":[{"embeddable":true,"href":"https:\/\/www.cofb.org\/ca\/wp-json\/wp\/v2\/pages\/68372"}],"wp:attachment":[{"href":"https:\/\/www.cofb.org\/ca\/wp-json\/wp\/v2\/media?parent=3642"}],"curies":[{"name":"wp","href":"https:\/\/api.w.org\/{rel}","templated":true}]}}