{"id":3597,"date":"2023-07-05T11:46:33","date_gmt":"2023-07-05T11:46:33","guid":{"rendered":"https:\/\/novaorg.cofb.net\/?page_id=3597"},"modified":"2024-06-27T17:20:47","modified_gmt":"2024-06-27T17:20:47","slug":"vocal-de-distribucio-ma-victoria-martinez","status":"publish","type":"page","link":"https:\/\/www.cofb.org\/ca\/qui-som\/com-sorganitza\/junta-de-govern\/vocal-de-distribucio-ma-victoria-martinez\/","title":{"rendered":"Vocal de distribuci\u00f3: M\u00aa Victoria Mart\u00ednez Abad"},"content":{"rendered":"\n<div class=\"wp-block-columns is-layout-flex wp-container-core-columns-is-layout-d7d455e7 wp-block-columns-is-layout-flex\" style=\"padding-top:0;padding-right:0;padding-bottom:0;padding-left:0\">\n<div class=\"wp-block-column is-layout-flow wp-block-column-is-layout-flow\" style=\"flex-basis:33.33%\">\n<div class=\"wp-block-uagb-image uagb-block-15069139 wp-block-uagb-image--layout-default wp-block-uagb-image--effect-static wp-block-uagb-image--align-none\"><figure class=\"wp-block-uagb-image__figure\"><img loading=\"lazy\" decoding=\"async\" srcset=\"https:\/\/www.cofb.org\/wp-content\/uploads\/2024\/06\/15-M.-Victoria-Martinez.png ,https:\/\/www.cofb.org\/wp-content\/uploads\/2024\/06\/15-M.-Victoria-Martinez.png 780w, https:\/\/www.cofb.org\/wp-content\/uploads\/2024\/06\/15-M.-Victoria-Martinez.png 360w\" sizes=\"auto, (max-width: 480px) 150px\" src=\"https:\/\/www.cofb.org\/wp-content\/uploads\/2024\/06\/15-M.-Victoria-Martinez.png\" alt=\"\" class=\"uag-image-78437\" width=\"683\" height=\"1024\" title=\"15 M. Victoria Mart\u00ednez\" loading=\"lazy\" role=\"img\"\/><\/figure><\/div>\n<\/div>\n\n\n\n<div class=\"wp-block-column is-layout-flow wp-block-column-is-layout-flow\" style=\"flex-basis:66.66%\">\n<h4 class=\"wp-block-heading\">ACTIVITAT INSTITUCIONAL&nbsp;<\/h4>\n\n\n\n<ul class=\"wp-block-list\">\n<li>Vocal de Distribuci\u00f3 del Col\u00b7legi de Farmac\u00e8utics de Barcelona (2020 &#8211; actualitat)<\/li>\n<\/ul>\n\n\n\n<h4 class=\"wp-block-heading\">FORMACI\u00d3 ACAD\u00c8MICA&nbsp;<\/h4>\n\n\n\n<ul class=\"wp-block-list\">\n<li>Llicenciada en Farm\u00e0cia. Universitat de Barcelona (1987 &#8211; 1992)<\/li>\n\n\n\n<li>Curs sobre Bones Pr\u00e0ctiques de Distribuci\u00f3. CGCOF (2014)<\/li>\n\n\n\n<li>Cursos-Taller. COFB (2017)<\/li>\n\n\n\n<li>Validaci\u00f3 Transport<\/li>\n\n\n\n<li>Validaci\u00f3 Inform\u00e0tica<\/li>\n\n\n\n<li>Qualificaci\u00f3 de les instal\u00b7lacions<\/li>\n\n\n\n<li>An\u00e0lisi de risc i Indicadors de qualitat<\/li>\n\n\n\n<li>Reclamacions, devolucions, alertes i medicaments falsificats<\/li>\n<\/ul>\n\n\n\n<h4 class=\"wp-block-heading\">ACTIVITAT PROFESSIONAL&nbsp;<\/h4>\n\n\n\n<ul class=\"wp-block-list\">\n<li>Area Manager de Direcci\u00f3 T\u00e8cnica Zona Est (2019 &#8211; actualitat)<\/li>\n\n\n\n<li>Directora T\u00e8cnica Farmac\u00e8utica a Alliance Healthcare Poliny\u00e0 (2015 &#8211; actualitat)<\/li>\n\n\n\n<li>Adjunta de Direcci\u00f3 T\u00e8cnica Farmac\u00e8utica en Alliance Healthcare (2014 &#8211; 2015)<\/li>\n\n\n\n<li>Farmac\u00e8utica al Departament T\u00e8cnic d&#8217;Alliance Healthcare (2007 &#8211; 2014)<\/li>\n\n\n\n<li>Anteriorment, experi\u00e8ncia laboral en l&#8217;\u00e0mbit d&#8217;Oficina de Farm\u00e0cia i Farm\u00e0cia Hospital\u00e0ria<\/li>\n<\/ul>\n\n\n\n<h4 class=\"wp-block-heading\">ALTRES&nbsp;<\/h4>\n\n\n\n<ul class=\"wp-block-list\">\n<li>Cursos de formaci\u00f3 al COFB sobre Bones Pr\u00e0ctiques de Distribuci\u00f3:<\/li>\n<\/ul>\n\n\n\n<div class=\"inherit-container-width wp-block-group is-layout-constrained wp-block-group-is-layout-constrained\">\n<p>Gesti\u00f3 de les Reclamacions (2017)<\/p>\n\n\n\n<p>Validaci\u00f3 Transport capil\u00b7lar terrestre (2018)<\/p>\n\n\n\n<p>Cualificaci\u00f3 i Manteniment de les instal\u00b7lacions (2019)<\/p>\n<\/div>\n\n\n\n<ul class=\"wp-block-list\">\n<li>Cursos de formaci\u00f3 a l&#8217;Institut IL3 (Universitat de Barcelona):<\/li>\n<\/ul>\n\n\n\n<p>An\u00e0lisi de riscos en Transport capil\u00b7lar terrestre (2018)<\/p>\n\n\n\n<p>Medicaments i Productes Sanitaris il\u00b7legals i falsificats (2019)<\/p>\n<\/div>\n<\/div>\n","protected":false},"excerpt":{"rendered":"<p>ACTIVITAT INSTITUCIONAL&nbsp; FORMACI\u00d3 ACAD\u00c8MICA&nbsp; ACTIVITAT PROFESSIONAL&nbsp; ALTRES&nbsp; Gesti\u00f3 de les Reclamacions (2017) Validaci\u00f3 Transport capil\u00b7lar terrestre (2018) Cualificaci\u00f3 i Manteniment de les instal\u00b7lacions (2019) An\u00e0lisi de riscos en Transport capil\u00b7lar terrestre (2018) Medicaments i Productes Sanitaris il\u00b7legals i falsificats (2019)<\/p>\n","protected":false},"author":1,"featured_media":0,"parent":2614,"menu_order":0,"comment_status":"closed","ping_status":"closed","template":"","meta":{"_uag_custom_page_level_css":"","site-sidebar-layout":"default","site-content-layout":"","ast-site-content-layout":"default","site-content-style":"default","site-sidebar-style":"default","ast-global-header-display":"","ast-banner-title-visibility":"","ast-main-header-display":"","ast-hfb-above-header-display":"","ast-hfb-below-header-display":"","ast-hfb-mobile-header-display":"","site-post-title":"","ast-breadcrumbs-content":"","ast-featured-img":"","footer-sml-layout":"","theme-transparent-header-meta":"","adv-header-id-meta":"","stick-header-meta":"","header-above-stick-meta":"","header-main-stick-meta":"","header-below-stick-meta":"","astra-migrate-meta-layouts":"set","ast-page-background-enabled":"default","ast-page-background-meta":{"desktop":{"background-color":"var(--ast-global-color-4)","background-image":"","background-repeat":"repeat","background-position":"center center","background-size":"auto","background-attachment":"scroll","background-type":"","background-media":"","overlay-type":"","overlay-color":"","overlay-opacity":"","overlay-gradient":""},"tablet":{"background-color":"","background-image":"","background-repeat":"repeat","background-position":"center center","background-size":"auto","background-attachment":"scroll","background-type":"","background-media":"","overlay-type":"","overlay-color":"","overlay-opacity":"","overlay-gradient":""},"mobile":{"background-color":"","background-image":"","background-repeat":"repeat","background-position":"center center","background-size":"auto","background-attachment":"scroll","background-type":"","background-media":"","overlay-type":"","overlay-color":"","overlay-opacity":"","overlay-gradient":""}},"ast-content-background-meta":{"desktop":{"background-color":"var(--ast-global-color-5)","background-image":"","background-repeat":"repeat","background-position":"center center","background-size":"auto","background-attachment":"scroll","background-type":"","background-media":"","overlay-type":"","overlay-color":"","overlay-opacity":"","overlay-gradient":""},"tablet":{"background-color":"var(--ast-global-color-5)","background-image":"","background-repeat":"repeat","background-position":"center center","background-size":"auto","background-attachment":"scroll","background-type":"","background-media":"","overlay-type":"","overlay-color":"","overlay-opacity":"","overlay-gradient":""},"mobile":{"background-color":"var(--ast-global-color-5)","background-image":"","background-repeat":"repeat","background-position":"center center","background-size":"auto","background-attachment":"scroll","background-type":"","background-media":"","overlay-type":"","overlay-color":"","overlay-opacity":"","overlay-gradient":""}},"footnotes":""},"class_list":["post-3597","page","type-page","status-publish","hentry"],"yoast_head":"<!-- This site is optimized with the Yoast SEO plugin v22.4 - https:\/\/yoast.com\/wordpress\/plugins\/seo\/ -->\n<title>Vocal de distribuci\u00f3: M\u00aa Victoria Mart\u00ednez Abad - Col\u00b7legi de Farmac\u00e8utics de Barcelona<\/title>\n<meta name=\"robots\" content=\"index, follow, max-snippet:-1, max-image-preview:large, max-video-preview:-1\" \/>\n<link rel=\"canonical\" href=\"https:\/\/www.cofb.org\/ca\/qui-som\/com-sorganitza\/junta-de-govern\/vocal-de-distribucio-ma-victoria-martinez\/\" \/>\n<meta property=\"og:locale\" content=\"ca_ES\" \/>\n<meta property=\"og:type\" content=\"article\" \/>\n<meta property=\"og:title\" content=\"Vocal de distribuci\u00f3: M\u00aa Victoria Mart\u00ednez Abad - Col\u00b7legi de Farmac\u00e8utics de Barcelona\" \/>\n<meta property=\"og:description\" content=\"ACTIVITAT INSTITUCIONAL&nbsp; FORMACI\u00d3 ACAD\u00c8MICA&nbsp; ACTIVITAT PROFESSIONAL&nbsp; ALTRES&nbsp; Gesti\u00f3 de les Reclamacions (2017) Validaci\u00f3 Transport capil\u00b7lar terrestre (2018) Cualificaci\u00f3 i Manteniment de les instal\u00b7lacions (2019) An\u00e0lisi de riscos en Transport capil\u00b7lar terrestre (2018) Medicaments i Productes Sanitaris il\u00b7legals i falsificats (2019)\" \/>\n<meta property=\"og:url\" content=\"https:\/\/www.cofb.org\/ca\/qui-som\/com-sorganitza\/junta-de-govern\/vocal-de-distribucio-ma-victoria-martinez\/\" \/>\n<meta property=\"og:site_name\" content=\"Col\u00b7legi de Farmac\u00e8utics de Barcelona\" \/>\n<meta property=\"article:publisher\" content=\"https:\/\/www.facebook.com\/farmaceuticsbcn\/\" \/>\n<meta property=\"article:modified_time\" content=\"2024-06-27T17:20:47+00:00\" \/>\n<meta property=\"og:image\" content=\"https:\/\/www.cofb.org\/wp-content\/uploads\/2024\/06\/15-M.-Victoria-Martinez.png\" \/>\n<meta name=\"twitter:card\" content=\"summary_large_image\" \/>\n<meta name=\"twitter:site\" content=\"@farmaceuticsbcn\" \/>\n<meta name=\"twitter:label1\" content=\"Temps estimat de lectura\" \/>\n\t<meta name=\"twitter:data1\" content=\"2 minuts\" \/>\n<script type=\"application\/ld+json\" class=\"yoast-schema-graph\">{\"@context\":\"https:\/\/schema.org\",\"@graph\":[{\"@type\":\"WebPage\",\"@id\":\"https:\/\/www.cofb.org\/qui-som\/com-sorganitza\/junta-de-govern\/vocal-de-distribucio-ma-victoria-martinez\/\",\"url\":\"https:\/\/www.cofb.org\/qui-som\/com-sorganitza\/junta-de-govern\/vocal-de-distribucio-ma-victoria-martinez\/\",\"name\":\"Vocal de distribuci\u00f3: M\u00aa Victoria Mart\u00ednez Abad - Col\u00b7legi de Farmac\u00e8utics de Barcelona\",\"isPartOf\":{\"@id\":\"https:\/\/www.cofb.org\/#website\"},\"primaryImageOfPage\":{\"@id\":\"https:\/\/www.cofb.org\/qui-som\/com-sorganitza\/junta-de-govern\/vocal-de-distribucio-ma-victoria-martinez\/#primaryimage\"},\"image\":{\"@id\":\"https:\/\/www.cofb.org\/qui-som\/com-sorganitza\/junta-de-govern\/vocal-de-distribucio-ma-victoria-martinez\/#primaryimage\"},\"thumbnailUrl\":\"https:\/\/www.cofb.org\/wp-content\/uploads\/2024\/06\/15-M.-Victoria-Martinez.png\",\"datePublished\":\"2023-07-05T11:46:33+00:00\",\"dateModified\":\"2024-06-27T17:20:47+00:00\",\"breadcrumb\":{\"@id\":\"https:\/\/www.cofb.org\/qui-som\/com-sorganitza\/junta-de-govern\/vocal-de-distribucio-ma-victoria-martinez\/#breadcrumb\"},\"inLanguage\":\"ca\",\"potentialAction\":[{\"@type\":\"ReadAction\",\"target\":[\"https:\/\/www.cofb.org\/qui-som\/com-sorganitza\/junta-de-govern\/vocal-de-distribucio-ma-victoria-martinez\/\"]}]},{\"@type\":\"ImageObject\",\"inLanguage\":\"ca\",\"@id\":\"https:\/\/www.cofb.org\/qui-som\/com-sorganitza\/junta-de-govern\/vocal-de-distribucio-ma-victoria-martinez\/#primaryimage\",\"url\":\"https:\/\/www.cofb.org\/wp-content\/uploads\/2024\/06\/15-M.-Victoria-Martinez.png\",\"contentUrl\":\"https:\/\/www.cofb.org\/wp-content\/uploads\/2024\/06\/15-M.-Victoria-Martinez.png\"},{\"@type\":\"BreadcrumbList\",\"@id\":\"https:\/\/www.cofb.org\/qui-som\/com-sorganitza\/junta-de-govern\/vocal-de-distribucio-ma-victoria-martinez\/#breadcrumb\",\"itemListElement\":[{\"@type\":\"ListItem\",\"position\":1,\"name\":\"Inici\",\"item\":\"https:\/\/novaorg.cofb.net\/\"},{\"@type\":\"ListItem\",\"position\":2,\"name\":\"Qui som?\",\"item\":\"https:\/\/novaorg.cofb.net\/qui-som\/\"},{\"@type\":\"ListItem\",\"position\":3,\"name\":\"Com s&#8217;organitza?\",\"item\":\"https:\/\/novaorg.cofb.net\/qui-som\/com-sorganitza\/\"},{\"@type\":\"ListItem\",\"position\":4,\"name\":\"Junta de Govern\",\"item\":\"https:\/\/www.cofb.org\/qui-som\/com-sorganitza\/junta-de-govern\/\"},{\"@type\":\"ListItem\",\"position\":5,\"name\":\"Vocal de distribuci\u00f3: M\u00aa Victoria Mart\u00ednez Abad\"}]},{\"@type\":\"WebSite\",\"@id\":\"https:\/\/www.cofb.org\/#website\",\"url\":\"https:\/\/www.cofb.org\/\",\"name\":\"Col\u00b7legi de Farmac\u00e8utics de Barcelona\",\"description\":\"\",\"publisher\":{\"@id\":\"https:\/\/www.cofb.org\/#organization\"},\"potentialAction\":[{\"@type\":\"SearchAction\",\"target\":{\"@type\":\"EntryPoint\",\"urlTemplate\":\"https:\/\/www.cofb.org\/?s={search_term_string}\"},\"query-input\":\"required name=search_term_string\"}],\"inLanguage\":\"ca\"},{\"@type\":\"Organization\",\"@id\":\"https:\/\/www.cofb.org\/#organization\",\"name\":\"Col\u00b7legi de Farmac\u00e8utics de Barcelona\",\"url\":\"https:\/\/www.cofb.org\/\",\"logo\":{\"@type\":\"ImageObject\",\"inLanguage\":\"ca\",\"@id\":\"https:\/\/www.cofb.org\/#\/schema\/logo\/image\/\",\"url\":\"https:\/\/www.cofb.org\/wp-content\/uploads\/2023\/11\/cropped-Logotip-COFB.png\",\"contentUrl\":\"https:\/\/www.cofb.org\/wp-content\/uploads\/2023\/11\/cropped-Logotip-COFB.png\",\"width\":500,\"height\":105,\"caption\":\"Col\u00b7legi de Farmac\u00e8utics de Barcelona\"},\"image\":{\"@id\":\"https:\/\/www.cofb.org\/#\/schema\/logo\/image\/\"},\"sameAs\":[\"https:\/\/www.facebook.com\/farmaceuticsbcn\/\",\"https:\/\/twitter.com\/farmaceuticsbcn\",\"https:\/\/www.instagram.com\/farmaceuticsbcn\/\",\"https:\/\/www.linkedin.com\/company\/farmaceuticsbcn\/\"]}]}<\/script>\n<!-- \/ Yoast SEO plugin. -->","yoast_head_json":{"title":"Vocal de distribuci\u00f3: M\u00aa Victoria Mart\u00ednez Abad - Col\u00b7legi de Farmac\u00e8utics de Barcelona","robots":{"index":"index","follow":"follow","max-snippet":"max-snippet:-1","max-image-preview":"max-image-preview:large","max-video-preview":"max-video-preview:-1"},"canonical":"https:\/\/www.cofb.org\/ca\/qui-som\/com-sorganitza\/junta-de-govern\/vocal-de-distribucio-ma-victoria-martinez\/","og_locale":"ca_ES","og_type":"article","og_title":"Vocal de distribuci\u00f3: M\u00aa Victoria Mart\u00ednez Abad - Col\u00b7legi de Farmac\u00e8utics de Barcelona","og_description":"ACTIVITAT INSTITUCIONAL&nbsp; FORMACI\u00d3 ACAD\u00c8MICA&nbsp; ACTIVITAT PROFESSIONAL&nbsp; ALTRES&nbsp; Gesti\u00f3 de les Reclamacions (2017) Validaci\u00f3 Transport capil\u00b7lar terrestre (2018) Cualificaci\u00f3 i Manteniment de les instal\u00b7lacions (2019) An\u00e0lisi de riscos en Transport capil\u00b7lar terrestre (2018) Medicaments i Productes Sanitaris il\u00b7legals i falsificats (2019)","og_url":"https:\/\/www.cofb.org\/ca\/qui-som\/com-sorganitza\/junta-de-govern\/vocal-de-distribucio-ma-victoria-martinez\/","og_site_name":"Col\u00b7legi de Farmac\u00e8utics de Barcelona","article_publisher":"https:\/\/www.facebook.com\/farmaceuticsbcn\/","article_modified_time":"2024-06-27T17:20:47+00:00","og_image":[{"url":"https:\/\/www.cofb.org\/wp-content\/uploads\/2024\/06\/15-M.-Victoria-Martinez.png"}],"twitter_card":"summary_large_image","twitter_site":"@farmaceuticsbcn","twitter_misc":{"Temps estimat de lectura":"2 minuts"},"schema":{"@context":"https:\/\/schema.org","@graph":[{"@type":"WebPage","@id":"https:\/\/www.cofb.org\/qui-som\/com-sorganitza\/junta-de-govern\/vocal-de-distribucio-ma-victoria-martinez\/","url":"https:\/\/www.cofb.org\/qui-som\/com-sorganitza\/junta-de-govern\/vocal-de-distribucio-ma-victoria-martinez\/","name":"Vocal de distribuci\u00f3: M\u00aa Victoria Mart\u00ednez Abad - Col\u00b7legi de Farmac\u00e8utics de Barcelona","isPartOf":{"@id":"https:\/\/www.cofb.org\/#website"},"primaryImageOfPage":{"@id":"https:\/\/www.cofb.org\/qui-som\/com-sorganitza\/junta-de-govern\/vocal-de-distribucio-ma-victoria-martinez\/#primaryimage"},"image":{"@id":"https:\/\/www.cofb.org\/qui-som\/com-sorganitza\/junta-de-govern\/vocal-de-distribucio-ma-victoria-martinez\/#primaryimage"},"thumbnailUrl":"https:\/\/www.cofb.org\/wp-content\/uploads\/2024\/06\/15-M.-Victoria-Martinez.png","datePublished":"2023-07-05T11:46:33+00:00","dateModified":"2024-06-27T17:20:47+00:00","breadcrumb":{"@id":"https:\/\/www.cofb.org\/qui-som\/com-sorganitza\/junta-de-govern\/vocal-de-distribucio-ma-victoria-martinez\/#breadcrumb"},"inLanguage":"ca","potentialAction":[{"@type":"ReadAction","target":["https:\/\/www.cofb.org\/qui-som\/com-sorganitza\/junta-de-govern\/vocal-de-distribucio-ma-victoria-martinez\/"]}]},{"@type":"ImageObject","inLanguage":"ca","@id":"https:\/\/www.cofb.org\/qui-som\/com-sorganitza\/junta-de-govern\/vocal-de-distribucio-ma-victoria-martinez\/#primaryimage","url":"https:\/\/www.cofb.org\/wp-content\/uploads\/2024\/06\/15-M.-Victoria-Martinez.png","contentUrl":"https:\/\/www.cofb.org\/wp-content\/uploads\/2024\/06\/15-M.-Victoria-Martinez.png"},{"@type":"BreadcrumbList","@id":"https:\/\/www.cofb.org\/qui-som\/com-sorganitza\/junta-de-govern\/vocal-de-distribucio-ma-victoria-martinez\/#breadcrumb","itemListElement":[{"@type":"ListItem","position":1,"name":"Inici","item":"https:\/\/novaorg.cofb.net\/"},{"@type":"ListItem","position":2,"name":"Qui som?","item":"https:\/\/novaorg.cofb.net\/qui-som\/"},{"@type":"ListItem","position":3,"name":"Com s&#8217;organitza?","item":"https:\/\/novaorg.cofb.net\/qui-som\/com-sorganitza\/"},{"@type":"ListItem","position":4,"name":"Junta de Govern","item":"https:\/\/www.cofb.org\/qui-som\/com-sorganitza\/junta-de-govern\/"},{"@type":"ListItem","position":5,"name":"Vocal de distribuci\u00f3: M\u00aa Victoria Mart\u00ednez Abad"}]},{"@type":"WebSite","@id":"https:\/\/www.cofb.org\/#website","url":"https:\/\/www.cofb.org\/","name":"Col\u00b7legi de Farmac\u00e8utics de Barcelona","description":"","publisher":{"@id":"https:\/\/www.cofb.org\/#organization"},"potentialAction":[{"@type":"SearchAction","target":{"@type":"EntryPoint","urlTemplate":"https:\/\/www.cofb.org\/?s={search_term_string}"},"query-input":"required name=search_term_string"}],"inLanguage":"ca"},{"@type":"Organization","@id":"https:\/\/www.cofb.org\/#organization","name":"Col\u00b7legi de Farmac\u00e8utics de Barcelona","url":"https:\/\/www.cofb.org\/","logo":{"@type":"ImageObject","inLanguage":"ca","@id":"https:\/\/www.cofb.org\/#\/schema\/logo\/image\/","url":"https:\/\/www.cofb.org\/wp-content\/uploads\/2023\/11\/cropped-Logotip-COFB.png","contentUrl":"https:\/\/www.cofb.org\/wp-content\/uploads\/2023\/11\/cropped-Logotip-COFB.png","width":500,"height":105,"caption":"Col\u00b7legi de Farmac\u00e8utics de Barcelona"},"image":{"@id":"https:\/\/www.cofb.org\/#\/schema\/logo\/image\/"},"sameAs":["https:\/\/www.facebook.com\/farmaceuticsbcn\/","https:\/\/twitter.com\/farmaceuticsbcn","https:\/\/www.instagram.com\/farmaceuticsbcn\/","https:\/\/www.linkedin.com\/company\/farmaceuticsbcn\/"]}]}},"uagb_featured_image_src":{"full":false,"thumbnail":false,"medium":false,"medium_large":false,"large":false,"1536x1536":false,"2048x2048":false,"trp-custom-language-flag":false},"uagb_author_info":{"display_name":"wpAdminCofbOrg","author_link":"https:\/\/www.cofb.org\/ca\/author\/wpadmincofborg\/"},"uagb_comment_info":0,"uagb_excerpt":"ACTIVITAT INSTITUCIONAL&nbsp; FORMACI\u00d3 ACAD\u00c8MICA&nbsp; ACTIVITAT PROFESSIONAL&nbsp; ALTRES&nbsp; Gesti\u00f3 de les Reclamacions (2017) Validaci\u00f3 Transport capil\u00b7lar terrestre (2018) Cualificaci\u00f3 i Manteniment de les instal\u00b7lacions (2019) An\u00e0lisi de riscos en Transport capil\u00b7lar terrestre (2018) Medicaments i Productes Sanitaris il\u00b7legals i falsificats (2019)","_links":{"self":[{"href":"https:\/\/www.cofb.org\/ca\/wp-json\/wp\/v2\/pages\/3597","targetHints":{"allow":["GET"]}}],"collection":[{"href":"https:\/\/www.cofb.org\/ca\/wp-json\/wp\/v2\/pages"}],"about":[{"href":"https:\/\/www.cofb.org\/ca\/wp-json\/wp\/v2\/types\/page"}],"author":[{"embeddable":true,"href":"https:\/\/www.cofb.org\/ca\/wp-json\/wp\/v2\/users\/1"}],"replies":[{"embeddable":true,"href":"https:\/\/www.cofb.org\/ca\/wp-json\/wp\/v2\/comments?post=3597"}],"version-history":[{"count":5,"href":"https:\/\/www.cofb.org\/ca\/wp-json\/wp\/v2\/pages\/3597\/revisions"}],"predecessor-version":[{"id":78477,"href":"https:\/\/www.cofb.org\/ca\/wp-json\/wp\/v2\/pages\/3597\/revisions\/78477"}],"up":[{"embeddable":true,"href":"https:\/\/www.cofb.org\/ca\/wp-json\/wp\/v2\/pages\/2614"}],"wp:attachment":[{"href":"https:\/\/www.cofb.org\/ca\/wp-json\/wp\/v2\/media?parent=3597"}],"curies":[{"name":"wp","href":"https:\/\/api.w.org\/{rel}","templated":true}]}}