{"id":3006,"date":"2023-06-15T09:22:12","date_gmt":"2023-06-15T09:22:12","guid":{"rendered":"https:\/\/novaorg.cofb.net\/?page_id=3006"},"modified":"2024-12-18T11:35:15","modified_gmt":"2024-12-18T11:35:15","slug":"convenis","status":"publish","type":"page","link":"https:\/\/www.cofb.org\/ca\/qui-som\/el-collegi\/transparencia\/publicitat-activa\/convenis\/","title":{"rendered":"Convenis"},"content":{"rendered":"\n<h2 class=\"wp-block-heading\">Prestaci\u00f3 farmac\u00e8utica<\/h2>\n\n\n\n<ul class=\"wp-block-list\">\n<li><a href=\"https:\/\/www.cofb.org\/qui-som\/el-collegi\/transparencia\/publicitat-activa\/convenis\/ajuntaments-i-beneficencia\/\" data-type=\"page\" data-id=\"69558\">Ajuntaments i benefic\u00e8ncia<\/a><\/li>\n\n\n\n<li><a href=\"https:\/\/www.cofb.org\/qui-som\/el-collegi\/transparencia\/publicitat-activa\/convenis\/catsalut\/\" data-type=\"page\" data-id=\"69564\">CatSalut<\/a><\/li>\n\n\n\n<li><a href=\"https:\/\/www.cofb.org\/qui-som\/el-collegi\/transparencia\/publicitat-activa\/convenis\/entitats-dasseguranca-lliure\/\" data-type=\"page\" data-id=\"69567\">Entitats d&#8217;asseguran\u00e7a lliure<\/a><\/li>\n\n\n\n<li><a href=\"https:\/\/www.cofb.org\/documents\/10136\/1075940\/COFB_CONVENI+MUFACE-CGCOF+CONCERT+PRESTACIO+FARMACEUTICA+OF_2022.PDF.PDF\/9cd878dc-a246-4d02-9208-c5fd5b2b7c67\">Muface<\/a>, <a href=\"https:\/\/www.cofb.org\/documents\/10136\/1075576\/ISFASconveni140715.pdf\/6547ba46-9b13-4113-a205-4bdf656ef998\">Isfas<\/a> i <a href=\"https:\/\/www.cofb.org\/documents\/10136\/1075576\/MUGEJUconveni140715.pdf\/b141fb77-e3c1-4069-bf07-44c1195f46fe\">Mugeju<\/a><\/li>\n\n\n\n<li><a href=\"https:\/\/www.cofb.org\/qui-som\/el-collegi\/transparencia\/publicitat-activa\/convenis\/mutues-collaboradores-amb-la-seguretat-social\/\" data-type=\"page\" data-id=\"69570\">M\u00fatues col\u00b7laboradores amb la Seguretat Social<\/a><\/li>\n<\/ul>\n\n\n\n<h2 class=\"wp-block-heading\">Entitats financeres<\/h2>\n\n\n\n<ul class=\"wp-block-list\">\n<li><a href=\"https:\/\/www.cofb.org\/documents\/10136\/1076251\/Renovaci\u00f3+Conveni+CaixaBank+i+COFB+2022.pdf\/77b46de1-df08-4752-9827-c632de852aa7\">Conveni amb CaixaBank<\/a> (actualitzat 02\/01\/2023)<\/li>\n\n\n\n<li><a href=\"https:\/\/www.cofb.org\/wp-content\/uploads\/2024\/08\/RENOVACIO-CONTRACTE-CONFIRMIING-2024.pdf\">Contracte CaixaBank Confirming<\/a><\/li>\n<\/ul>\n\n\n\n<h2 class=\"wp-block-heading\">Altres entitats<\/h2>\n\n\n\n<ul class=\"wp-block-list\">\n<li><a href=\"https:\/\/www.cofb.org\/wp-content\/uploads\/2024\/08\/Acuerdo-COFB-ADAMS-2022-firmado.pdf\">ADAMS Formaci\u00f3&nbsp;<\/a><\/li>\n\n\n\n<li><a href=\"https:\/\/www.cofb.org\/wp-content\/uploads\/2024\/08\/COFB_ConveniAECC_03102022.pdf\">Associaci\u00f3 Contra el C\u00e0ncer de&nbsp;Barcelona (AECC)<\/a><\/li>\n\n\n\n<li><a href=\"https:\/\/www.cofb.org\/wp-content\/uploads\/2024\/08\/20231117-Acord-Marc-COFB-Consejo-CISMED.pdf\">Centro de Informaci\u00f3n sobre Suministros de Medicamentos (CISMED)<\/a><\/li>\n\n\n\n<li><a href=\"https:\/\/www.cofb.org\/wp-content\/uploads\/2024\/08\/20231117-Acord-Marc-COFB-Consejo-FARMAHELP.pdf\">Consejo General de Colegios Oficiales de Farmac\u00e9uticos (Farmahelp)<\/a><\/li>\n\n\n\n<li><a href=\"https:\/\/www.cofb.org\/wp-content\/uploads\/2024\/08\/20230323-Conveni-Dermarisc_signat.pdf\">Derma-Risc<\/a><\/li>\n\n\n\n<li><a href=\"https:\/\/www.cofb.org\/wp-content\/uploads\/2024\/08\/CONT_CONV-conveni-COFB-FECEC-2023_signat06072023.pdf\">Federaci\u00f3 Catalana Entitats Contra El C\u00e0ncer&nbsp;(FECEC)<\/a><\/li>\n\n\n\n<li><a href=\"https:\/\/www.cofb.org\/wp-content\/uploads\/2024\/08\/20231215-Conveni-COFB-La-Marato-de-TV3_subvencio-3k.pdf\">Fundaci\u00f3 La Marat\u00f3 de TV3<\/a><\/li>\n\n\n\n<li><a href=\"https:\/\/www.cofb.org\/wp-content\/uploads\/2024\/08\/COFB_ConveniOncolliga_05052023.pdf\">Fundaci\u00f3 Oncolliga<\/a><\/li>\n\n\n\n<li><a href=\"https:\/\/www.cofb.org\/documents\/10136\/1075572\/COFB+_Conveni+Grup+Mutuam_2022_signat.pdf\/0281e926-64dc-4d9e-9d38-f3c5325273ab\">Grup Mutuam<\/a><\/li>\n\n\n\n<li><a href=\"https:\/\/www.cofb.org\/wp-content\/uploads\/2024\/12\/20241212-Prorroga-conveni-COFB-IL3-UB_signat.pdf\" target=\"_blank\" rel=\"noreferrer noopener\">Institut de Formaci\u00f3 Cont\u00ednua &#8211; IL3<\/a><\/li>\n\n\n\n<li><a href=\"https:\/\/www.cofb.org\/wp-content\/uploads\/2024\/08\/20231110-Conveni-COFB-La-Marato-de-TV3.pdf\">La Marat\u00f3 de TV3<\/a><\/li>\n\n\n\n<li><a href=\"https:\/\/www.cofb.org\/wp-content\/uploads\/2024\/08\/20231129-Contracte-patrocini-COFB-Palau-Musica_signatCOFB.pdf\">Palau de la M\u00fasica Catalana<\/a><\/li>\n\n\n\n<li><a href=\"https:\/\/www.cofb.org\/wp-content\/uploads\/2024\/08\/20231117-Acord-Marc-COFB-Consejo-FARMAHELP.PDF.pdf\">Plataforma FarmaHelp<\/a><\/li>\n\n\n\n<li><a href=\"https:\/\/www.cofb.org\/wp-content\/uploads\/2024\/08\/CONT_CONV-conveni-COFB-SOCFIC_signat21042023.pdf\">Sociedad Cient\u00edfico Profesional de Farmacia Iberoamericana Comunitaria (SOCFIC)<\/a><\/li>\n\n\n\n<li><a href=\"https:\/\/www.cofb.org\/documents\/10136\/1068959\/20191021ConveniCOFB-UB.pdf\/b98a0195-d701-43f2-90c9-2852b20b4608\">Universitat de Barcelona<\/a><\/li>\n\n\n\n<li><a href=\"https:\/\/www.cofb.org\/wp-content\/uploads\/2024\/08\/CONT_CONV-conveni-COFB-SOCFIC-Jornades-Barcelona_aport_1000E_signat09062.pdf\">1\u00ba Congreso&nbsp;Sociedad Cient\u00edfico Profesional de Farmacia Iberoamericana Comunitaria (SOCFIC)<\/a><\/li>\n<\/ul>\n","protected":false},"excerpt":{"rendered":"<p>Prestaci\u00f3 farmac\u00e8utica Entitats financeres Altres entitats<\/p>\n","protected":false},"author":1,"featured_media":0,"parent":3645,"menu_order":5,"comment_status":"closed","ping_status":"closed","template":"","meta":{"_uag_custom_page_level_css":"","site-sidebar-layout":"default","site-content-layout":"","ast-site-content-layout":"default","site-content-style":"default","site-sidebar-style":"default","ast-global-header-display":"","ast-banner-title-visibility":"","ast-main-header-display":"","ast-hfb-above-header-display":"","ast-hfb-below-header-display":"","ast-hfb-mobile-header-display":"","site-post-title":"","ast-breadcrumbs-content":"","ast-featured-img":"","footer-sml-layout":"","theme-transparent-header-meta":"","adv-header-id-meta":"","stick-header-meta":"","header-above-stick-meta":"","header-main-stick-meta":"","header-below-stick-meta":"","astra-migrate-meta-layouts":"set","ast-page-background-enabled":"default","ast-page-background-meta":{"desktop":{"background-color":"var(--ast-global-color-4)","background-image":"","background-repeat":"repeat","background-position":"center center","background-size":"auto","background-attachment":"scroll","background-type":"","background-media":"","overlay-type":"","overlay-color":"","overlay-opacity":"","overlay-gradient":""},"tablet":{"background-color":"","background-image":"","background-repeat":"repeat","background-position":"center center","background-size":"auto","background-attachment":"scroll","background-type":"","background-media":"","overlay-type":"","overlay-color":"","overlay-opacity":"","overlay-gradient":""},"mobile":{"background-color":"","background-image":"","background-repeat":"repeat","background-position":"center center","background-size":"auto","background-attachment":"scroll","background-type":"","background-media":"","overlay-type":"","overlay-color":"","overlay-opacity":"","overlay-gradient":""}},"ast-content-background-meta":{"desktop":{"background-color":"var(--ast-global-color-5)","background-image":"","background-repeat":"repeat","background-position":"center center","background-size":"auto","background-attachment":"scroll","background-type":"","background-media":"","overlay-type":"","overlay-color":"","overlay-opacity":"","overlay-gradient":""},"tablet":{"background-color":"var(--ast-global-color-5)","background-image":"","background-repeat":"repeat","background-position":"center center","background-size":"auto","background-attachment":"scroll","background-type":"","background-media":"","overlay-type":"","overlay-color":"","overlay-opacity":"","overlay-gradient":""},"mobile":{"background-color":"var(--ast-global-color-5)","background-image":"","background-repeat":"repeat","background-position":"center center","background-size":"auto","background-attachment":"scroll","background-type":"","background-media":"","overlay-type":"","overlay-color":"","overlay-opacity":"","overlay-gradient":""}},"footnotes":""},"class_list":["post-3006","page","type-page","status-publish","hentry"],"yoast_head":"<!-- This site is optimized with the Yoast SEO plugin v22.4 - https:\/\/yoast.com\/wordpress\/plugins\/seo\/ -->\n<title>Convenis - Col\u00b7legi de Farmac\u00e8utics de Barcelona<\/title>\n<meta name=\"robots\" content=\"index, follow, max-snippet:-1, max-image-preview:large, max-video-preview:-1\" \/>\n<link rel=\"canonical\" href=\"https:\/\/www.cofb.org\/ca\/qui-som\/el-collegi\/transparencia\/publicitat-activa\/convenis\/\" \/>\n<meta property=\"og:locale\" content=\"ca_ES\" \/>\n<meta property=\"og:type\" content=\"article\" \/>\n<meta property=\"og:title\" content=\"Convenis - Col\u00b7legi de Farmac\u00e8utics de Barcelona\" \/>\n<meta property=\"og:description\" content=\"Prestaci\u00f3 farmac\u00e8utica Entitats financeres Altres entitats\" \/>\n<meta property=\"og:url\" content=\"https:\/\/www.cofb.org\/ca\/qui-som\/el-collegi\/transparencia\/publicitat-activa\/convenis\/\" \/>\n<meta property=\"og:site_name\" content=\"Col\u00b7legi de Farmac\u00e8utics de Barcelona\" \/>\n<meta property=\"article:publisher\" content=\"https:\/\/www.facebook.com\/farmaceuticsbcn\/\" \/>\n<meta property=\"article:modified_time\" content=\"2024-12-18T11:35:15+00:00\" \/>\n<meta name=\"twitter:card\" content=\"summary_large_image\" \/>\n<meta name=\"twitter:site\" content=\"@farmaceuticsbcn\" \/>\n<meta name=\"twitter:label1\" content=\"Temps estimat de lectura\" \/>\n\t<meta name=\"twitter:data1\" content=\"1 minut\" \/>\n<script type=\"application\/ld+json\" class=\"yoast-schema-graph\">{\"@context\":\"https:\/\/schema.org\",\"@graph\":[{\"@type\":\"WebPage\",\"@id\":\"https:\/\/www.cofb.org\/qui-som\/el-collegi\/transparencia\/publicitat-activa\/convenis\/\",\"url\":\"https:\/\/www.cofb.org\/qui-som\/el-collegi\/transparencia\/publicitat-activa\/convenis\/\",\"name\":\"Convenis - Col\u00b7legi de Farmac\u00e8utics de Barcelona\",\"isPartOf\":{\"@id\":\"https:\/\/www.cofb.org\/#website\"},\"datePublished\":\"2023-06-15T09:22:12+00:00\",\"dateModified\":\"2024-12-18T11:35:15+00:00\",\"breadcrumb\":{\"@id\":\"https:\/\/www.cofb.org\/qui-som\/el-collegi\/transparencia\/publicitat-activa\/convenis\/#breadcrumb\"},\"inLanguage\":\"ca\",\"potentialAction\":[{\"@type\":\"ReadAction\",\"target\":[\"https:\/\/www.cofb.org\/qui-som\/el-collegi\/transparencia\/publicitat-activa\/convenis\/\"]}]},{\"@type\":\"BreadcrumbList\",\"@id\":\"https:\/\/www.cofb.org\/qui-som\/el-collegi\/transparencia\/publicitat-activa\/convenis\/#breadcrumb\",\"itemListElement\":[{\"@type\":\"ListItem\",\"position\":1,\"name\":\"Inici\",\"item\":\"https:\/\/novaorg.cofb.net\/\"},{\"@type\":\"ListItem\",\"position\":2,\"name\":\"Qui som?\",\"item\":\"https:\/\/novaorg.cofb.net\/qui-som\/\"},{\"@type\":\"ListItem\",\"position\":3,\"name\":\"El Col\u00b7legi\",\"item\":\"https:\/\/novaorg.cofb.net\/qui-som\/el-collegi\/\"},{\"@type\":\"ListItem\",\"position\":4,\"name\":\"Transpar\u00e8ncia\",\"item\":\"https:\/\/novaorg.cofb.net\/qui-som\/el-collegi\/transparencia\/\"},{\"@type\":\"ListItem\",\"position\":5,\"name\":\"Publicitat activa\",\"item\":\"https:\/\/novaorg.cofb.net\/qui-som\/el-collegi\/transparencia\/publicitat-activa\/\"},{\"@type\":\"ListItem\",\"position\":6,\"name\":\"Convenis\"}]},{\"@type\":\"WebSite\",\"@id\":\"https:\/\/www.cofb.org\/#website\",\"url\":\"https:\/\/www.cofb.org\/\",\"name\":\"Col\u00b7legi de Farmac\u00e8utics de Barcelona\",\"description\":\"\",\"publisher\":{\"@id\":\"https:\/\/www.cofb.org\/#organization\"},\"potentialAction\":[{\"@type\":\"SearchAction\",\"target\":{\"@type\":\"EntryPoint\",\"urlTemplate\":\"https:\/\/www.cofb.org\/?s={search_term_string}\"},\"query-input\":\"required name=search_term_string\"}],\"inLanguage\":\"ca\"},{\"@type\":\"Organization\",\"@id\":\"https:\/\/www.cofb.org\/#organization\",\"name\":\"Col\u00b7legi de Farmac\u00e8utics de Barcelona\",\"url\":\"https:\/\/www.cofb.org\/\",\"logo\":{\"@type\":\"ImageObject\",\"inLanguage\":\"ca\",\"@id\":\"https:\/\/www.cofb.org\/#\/schema\/logo\/image\/\",\"url\":\"https:\/\/www.cofb.org\/wp-content\/uploads\/2023\/11\/cropped-Logotip-COFB.png\",\"contentUrl\":\"https:\/\/www.cofb.org\/wp-content\/uploads\/2023\/11\/cropped-Logotip-COFB.png\",\"width\":500,\"height\":105,\"caption\":\"Col\u00b7legi de Farmac\u00e8utics de Barcelona\"},\"image\":{\"@id\":\"https:\/\/www.cofb.org\/#\/schema\/logo\/image\/\"},\"sameAs\":[\"https:\/\/www.facebook.com\/farmaceuticsbcn\/\",\"https:\/\/twitter.com\/farmaceuticsbcn\",\"https:\/\/www.instagram.com\/farmaceuticsbcn\/\",\"https:\/\/www.linkedin.com\/company\/farmaceuticsbcn\/\"]}]}<\/script>\n<!-- \/ Yoast SEO plugin. -->","yoast_head_json":{"title":"Convenis - Col\u00b7legi de Farmac\u00e8utics de Barcelona","robots":{"index":"index","follow":"follow","max-snippet":"max-snippet:-1","max-image-preview":"max-image-preview:large","max-video-preview":"max-video-preview:-1"},"canonical":"https:\/\/www.cofb.org\/ca\/qui-som\/el-collegi\/transparencia\/publicitat-activa\/convenis\/","og_locale":"ca_ES","og_type":"article","og_title":"Convenis - Col\u00b7legi de Farmac\u00e8utics de Barcelona","og_description":"Prestaci\u00f3 farmac\u00e8utica Entitats financeres Altres entitats","og_url":"https:\/\/www.cofb.org\/ca\/qui-som\/el-collegi\/transparencia\/publicitat-activa\/convenis\/","og_site_name":"Col\u00b7legi de Farmac\u00e8utics de Barcelona","article_publisher":"https:\/\/www.facebook.com\/farmaceuticsbcn\/","article_modified_time":"2024-12-18T11:35:15+00:00","twitter_card":"summary_large_image","twitter_site":"@farmaceuticsbcn","twitter_misc":{"Temps estimat de lectura":"1 minut"},"schema":{"@context":"https:\/\/schema.org","@graph":[{"@type":"WebPage","@id":"https:\/\/www.cofb.org\/qui-som\/el-collegi\/transparencia\/publicitat-activa\/convenis\/","url":"https:\/\/www.cofb.org\/qui-som\/el-collegi\/transparencia\/publicitat-activa\/convenis\/","name":"Convenis - Col\u00b7legi de Farmac\u00e8utics de Barcelona","isPartOf":{"@id":"https:\/\/www.cofb.org\/#website"},"datePublished":"2023-06-15T09:22:12+00:00","dateModified":"2024-12-18T11:35:15+00:00","breadcrumb":{"@id":"https:\/\/www.cofb.org\/qui-som\/el-collegi\/transparencia\/publicitat-activa\/convenis\/#breadcrumb"},"inLanguage":"ca","potentialAction":[{"@type":"ReadAction","target":["https:\/\/www.cofb.org\/qui-som\/el-collegi\/transparencia\/publicitat-activa\/convenis\/"]}]},{"@type":"BreadcrumbList","@id":"https:\/\/www.cofb.org\/qui-som\/el-collegi\/transparencia\/publicitat-activa\/convenis\/#breadcrumb","itemListElement":[{"@type":"ListItem","position":1,"name":"Inici","item":"https:\/\/novaorg.cofb.net\/"},{"@type":"ListItem","position":2,"name":"Qui som?","item":"https:\/\/novaorg.cofb.net\/qui-som\/"},{"@type":"ListItem","position":3,"name":"El Col\u00b7legi","item":"https:\/\/novaorg.cofb.net\/qui-som\/el-collegi\/"},{"@type":"ListItem","position":4,"name":"Transpar\u00e8ncia","item":"https:\/\/novaorg.cofb.net\/qui-som\/el-collegi\/transparencia\/"},{"@type":"ListItem","position":5,"name":"Publicitat activa","item":"https:\/\/novaorg.cofb.net\/qui-som\/el-collegi\/transparencia\/publicitat-activa\/"},{"@type":"ListItem","position":6,"name":"Convenis"}]},{"@type":"WebSite","@id":"https:\/\/www.cofb.org\/#website","url":"https:\/\/www.cofb.org\/","name":"Col\u00b7legi de Farmac\u00e8utics de Barcelona","description":"","publisher":{"@id":"https:\/\/www.cofb.org\/#organization"},"potentialAction":[{"@type":"SearchAction","target":{"@type":"EntryPoint","urlTemplate":"https:\/\/www.cofb.org\/?s={search_term_string}"},"query-input":"required name=search_term_string"}],"inLanguage":"ca"},{"@type":"Organization","@id":"https:\/\/www.cofb.org\/#organization","name":"Col\u00b7legi de Farmac\u00e8utics de Barcelona","url":"https:\/\/www.cofb.org\/","logo":{"@type":"ImageObject","inLanguage":"ca","@id":"https:\/\/www.cofb.org\/#\/schema\/logo\/image\/","url":"https:\/\/www.cofb.org\/wp-content\/uploads\/2023\/11\/cropped-Logotip-COFB.png","contentUrl":"https:\/\/www.cofb.org\/wp-content\/uploads\/2023\/11\/cropped-Logotip-COFB.png","width":500,"height":105,"caption":"Col\u00b7legi de Farmac\u00e8utics de Barcelona"},"image":{"@id":"https:\/\/www.cofb.org\/#\/schema\/logo\/image\/"},"sameAs":["https:\/\/www.facebook.com\/farmaceuticsbcn\/","https:\/\/twitter.com\/farmaceuticsbcn","https:\/\/www.instagram.com\/farmaceuticsbcn\/","https:\/\/www.linkedin.com\/company\/farmaceuticsbcn\/"]}]}},"uagb_featured_image_src":{"full":false,"thumbnail":false,"medium":false,"medium_large":false,"large":false,"1536x1536":false,"2048x2048":false,"trp-custom-language-flag":false},"uagb_author_info":{"display_name":"wpAdminCofbOrg","author_link":"https:\/\/www.cofb.org\/ca\/author\/wpadmincofborg\/"},"uagb_comment_info":0,"uagb_excerpt":"Prestaci\u00f3 farmac\u00e8utica Entitats financeres Altres entitats","_links":{"self":[{"href":"https:\/\/www.cofb.org\/ca\/wp-json\/wp\/v2\/pages\/3006","targetHints":{"allow":["GET"]}}],"collection":[{"href":"https:\/\/www.cofb.org\/ca\/wp-json\/wp\/v2\/pages"}],"about":[{"href":"https:\/\/www.cofb.org\/ca\/wp-json\/wp\/v2\/types\/page"}],"author":[{"embeddable":true,"href":"https:\/\/www.cofb.org\/ca\/wp-json\/wp\/v2\/users\/1"}],"replies":[{"embeddable":true,"href":"https:\/\/www.cofb.org\/ca\/wp-json\/wp\/v2\/comments?post=3006"}],"version-history":[{"count":15,"href":"https:\/\/www.cofb.org\/ca\/wp-json\/wp\/v2\/pages\/3006\/revisions"}],"predecessor-version":[{"id":80142,"href":"https:\/\/www.cofb.org\/ca\/wp-json\/wp\/v2\/pages\/3006\/revisions\/80142"}],"up":[{"embeddable":true,"href":"https:\/\/www.cofb.org\/ca\/wp-json\/wp\/v2\/pages\/3645"}],"wp:attachment":[{"href":"https:\/\/www.cofb.org\/ca\/wp-json\/wp\/v2\/media?parent=3006"}],"curies":[{"name":"wp","href":"https:\/\/api.w.org\/{rel}","templated":true}]}}