{"id":2996,"date":"2023-06-15T09:08:41","date_gmt":"2023-06-15T09:08:41","guid":{"rendered":"https:\/\/novaorg.cofb.net\/?page_id=2996"},"modified":"2023-09-20T10:55:07","modified_gmt":"2023-09-20T10:55:07","slug":"formulari-de-subscripcio","status":"publish","type":"page","link":"https:\/\/www.cofb.org\/ca\/premsa\/sala-de-premsa\/formulari-de-subscripcio\/","title":{"rendered":"Formulari de subscripci\u00f3 periodistes"},"content":{"rendered":"\n<p>Rep les convocat\u00f2ries i les notes de premsa del COFB.<\/p>\n\n\n\n<figure class=\"wp-block-image size-full is-resized\"><img fetchpriority=\"high\" decoding=\"async\" src=\"https:\/\/www.cofb.org\/wp-content\/uploads\/2023\/09\/news-1074604_960_720.jpg\" alt=\"\" class=\"wp-image-68639\" style=\"width:1149px;height:179px\" width=\"1149\" height=\"179\" srcset=\"https:\/\/www.cofb.org\/wp-content\/uploads\/2023\/09\/news-1074604_960_720.jpg 816w, https:\/\/www.cofb.org\/wp-content\/uploads\/2023\/09\/news-1074604_960_720-300x47.jpg 300w, https:\/\/www.cofb.org\/wp-content\/uploads\/2023\/09\/news-1074604_960_720-768x120.jpg 768w, https:\/\/www.cofb.org\/wp-content\/uploads\/2023\/09\/news-1074604_960_720-18x3.jpg 18w\" sizes=\"(max-width: 1149px) 100vw, 1149px\" \/><\/figure>\n\n\n<div class=\"wpforms-container wpforms-block wpforms-block-8acc065d-cf4f-4d7e-889c-fcb47f5f2fea\" id=\"wpforms-68099\"><form id=\"wpforms-form-68099\" class=\"wpforms-validate wpforms-form wpforms-ajax-form\" data-formid=\"68099\" method=\"post\" enctype=\"multipart\/form-data\" action=\"\/ca\/wp-json\/wp\/v2\/pages\/2996\" data-token=\"7c3aa6e60b7d21333211a96c77014b28\" data-token-time=\"1778690963\"><noscript class=\"wpforms-error-noscript\">Activeu el JavaScript al navegador per a poder completar el formulari.<\/noscript><div class=\"wpforms-field-container\"><div id=\"wpforms-68099-field_0-container\" class=\"wpforms-field wpforms-field-name\" data-field-id=\"0\"><label class=\"wpforms-field-label\">Nom <span class=\"wpforms-required-label\">*<\/span><\/label><div class=\"wpforms-field-row wpforms-field-medium\"><div class=\"wpforms-field-row-block wpforms-first wpforms-one-half\"><input type=\"text\" id=\"wpforms-68099-field_0\" class=\"wpforms-field-name-first wpforms-field-required\" name=\"wpforms[fields][0][first]\" required><label for=\"wpforms-68099-field_0\" class=\"wpforms-field-sublabel after\">Nom<\/label><\/div><div class=\"wpforms-field-row-block wpforms-one-half\"><input type=\"text\" id=\"wpforms-68099-field_0-last\" class=\"wpforms-field-name-last wpforms-field-required\" name=\"wpforms[fields][0][last]\" required><label for=\"wpforms-68099-field_0-last\" class=\"wpforms-field-sublabel after\">Cognoms<\/label><\/div><\/div><\/div><div id=\"wpforms-68099-field_3-container\" class=\"wpforms-field wpforms-field-text\" data-field-id=\"3\"><label class=\"wpforms-field-label\" for=\"wpforms-68099-field_3\">Mitj\u00e0  <span class=\"wpforms-required-label\">*<\/span><\/label><input type=\"text\" id=\"wpforms-68099-field_3\" class=\"wpforms-field-medium wpforms-field-required\" name=\"wpforms[fields][3]\" required><\/div>\t\t<div id=\"wpforms-68099-field_2-container\"\n\t\t\tclass=\"wpforms-field wpforms-field-text\"\n\t\t\tdata-field-type=\"text\"\n\t\t\tdata-field-id=\"2\"\n\t\t\t>\n\t\t\t<label class=\"wpforms-field-label\" for=\"wpforms-68099-field_2\" >electr\u00f2nic Nom Correu<\/label>\n\t\t\t<input type=\"text\" id=\"wpforms-68099-field_2\" class=\"wpforms-field-medium\" name=\"wpforms[fields][2]\" >\n\t\t<\/div>\n\t\t<div id=\"wpforms-68099-field_4-container\" class=\"wpforms-field wpforms-field-number\" data-field-id=\"4\"><label class=\"wpforms-field-label\" for=\"wpforms-68099-field_4\">Tel\u00e8fon<\/label><input type=\"number\" id=\"wpforms-68099-field_4\" class=\"wpforms-field-medium\" name=\"wpforms[fields][4]\" step=\"any\" ><\/div><div id=\"wpforms-68099-field_1-container\" class=\"wpforms-field wpforms-field-email\" data-field-id=\"1\"><label class=\"wpforms-field-label\" for=\"wpforms-68099-field_1\">Correu electr\u00f2nic <span class=\"wpforms-required-label\">*<\/span><\/label><input type=\"email\" id=\"wpforms-68099-field_1\" class=\"wpforms-field-medium wpforms-field-required\" name=\"wpforms[fields][1]\" spellcheck=\"false\" required><\/div><script>\n\t\t\t\t( function() {\n\t\t\t\t\tconst style = document.createElement( 'style' );\n\t\t\t\t\tstyle.appendChild( document.createTextNode( '#wpforms-68099-field_2-container { position: absolute !important; overflow: hidden !important; display: inline !important; height: 1px !important; width: 1px !important; z-index: -1000 !important; padding: 0 !important; } #wpforms-68099-field_2-container input { visibility: hidden; } #wpforms-conversational-form-page #wpforms-68099-field_2-container label { counter-increment: none; }' ) );\n\t\t\t\t\tdocument.head.appendChild( style );\n\t\t\t\t\tdocument.currentScript?.remove();\n\t\t\t\t} )();\n\t\t\t<\/script><\/div><!-- .wpforms-field-container --><div class=\"wpforms-recaptcha-container wpforms-is-recaptcha wpforms-is-recaptcha-type-v3\" ><input type=\"hidden\" name=\"wpforms[recaptcha]\" value=\"\"><\/div><div class=\"wpforms-submit-container\" ><input type=\"hidden\" name=\"wpforms[id]\" value=\"68099\"><input type=\"hidden\" name=\"page_title\" value=\"\"><input type=\"hidden\" name=\"page_url\" value=\"https:\/\/www.cofb.org\/ca\/wp-json\/wp\/v2\/pages\/2996\"><input type=\"hidden\" name=\"url_referer\" value=\"\"><button type=\"submit\" name=\"wpforms[submit]\" id=\"wpforms-submit-68099\" class=\"wpforms-submit\" data-alt-text=\"S&#039;est\u00e0 enviant...\" data-submit-text=\"Envia\" aria-live=\"assertive\" value=\"wpforms-submit\">Envia<\/button><img decoding=\"async\" src=\"https:\/\/www.cofb.org\/wp-content\/plugins\/wpforms-lite\/assets\/images\/submit-spin.svg\" class=\"wpforms-submit-spinner\" style=\"display: none;\" width=\"26\" height=\"26\" alt=\"S&#039;est\u00e0 carregant\"><\/div><\/form><\/div>  <!-- .wpforms-container -->\n\n\n<p class=\"has-small-font-size\">D\u2019acord amb el Reglament del Parlament Europeu i del Consell de Protecci\u00f3 de Dades de 27 d\u2019abril de 2016 i la Llei org\u00e0nica 3\/2018 de 5 de desembre de Protecci\u00f3 de dades personals, el Col\u00b7legi de Farmac\u00e8utics de la Prov\u00edncia de Barcelona \u00e9s el responsable de tractament de la base de dades que es genera amb l&#8217;acc\u00e9s dels usuaris a aquest apartat.&nbsp;<\/p>\n\n\n\n<p class=\"has-small-font-size\"><strong>Finalitat del tractament<\/strong><br>Per gestionar la comunicaci\u00f3 externa del COFB, contactes amb mitjans de comunicaci\u00f3 i\/o persones que demanden informaci\u00f3 i serveis a trav\u00e9s d\u2019aquest mitj\u00e0. No es produeixen decisions automatitzades, ni cap mena de perfils d&#8217;activitat de l&#8217;usuari en concret a trav\u00e9s de la web.<\/p>\n\n\n\n<p class=\"has-small-font-size\"><strong>Conservaci\u00f3 de la informaci\u00f3<\/strong><br>La informaci\u00f3 dels accessos es conserva durant 38 mesos, i un cop finalitzat aquest termini es cancel\u00b7lar\u00e0\u00a0 el tractament de les dades. Es conservaran durant el termini necessari per respondre de les responsabilitats que es poguessin derivar per un \u00fas inadequat d&#8217;aquestes.<\/p>\n\n\n\n<p class=\"has-small-font-size\"><strong>Legitimaci\u00f3<\/strong><br>El Col\u00b7legi com a corporaci\u00f3 de dret p\u00fablic d\u2019acord amb la Llei de Col\u00b7legis professionals, els seus Estatuts, la normativa sobre transpar\u00e8ncia, i el consentiment de l\u2019usuari que demana la informaci\u00f3 i\/o contacte amb el COFB.<\/p>\n\n\n\n<p class=\"has-small-font-size\"><strong>Destinataris<\/strong><br>No hi ha prevista cap cessi\u00f3 de dades ni transfer\u00e8ncies internacionals de les dades.<\/p>\n\n\n\n<p class=\"has-small-font-size\"><strong>Exercici de drets<\/strong><br>L\u2019usuari t\u00e9 dret a l\u2019acc\u00e9s, la rectificaci\u00f3, la cancel\u00b7laci\u00f3, la supressi\u00f3, i portabilitat, aix\u00ed com la limitaci\u00f3 i l\u2019oposici\u00f3, al tractament de les seves dades, a retirar el consentiment prestat amb una comunicaci\u00f3 escrita dirigida al carrer Girona n\u00famero 64, 08009 Barcelona o per correu electr\u00f2nic a l\u2019adre\u00e7a \u201c<a href=\"mailto:protecciodades.cofb@cofb.cat\">protecciodades.cofb@cofb.cat<\/a>\u201d, i a presentar una reclamaci\u00f3 davant l\u2019autoritat de control l\u2019Autoritat Catalana de Protecci\u00f3 de Dades.<\/p>\n\n\n\n<p><\/p>\n","protected":false},"excerpt":{"rendered":"<p>Rep les convocat\u00f2ries i les notes de premsa del COFB. D\u2019acord amb el Reglament del Parlament Europeu i del Consell de Protecci\u00f3 de Dades de 27 d\u2019abril de 2016 i la Llei org\u00e0nica 3\/2018 de 5 de desembre de Protecci\u00f3 de dades personals, el Col\u00b7legi de Farmac\u00e8utics de la Prov\u00edncia [&hellip;]<\/p>\n","protected":false},"author":1,"featured_media":0,"parent":2987,"menu_order":0,"comment_status":"closed","ping_status":"closed","template":"","meta":{"_uag_custom_page_level_css":"","site-sidebar-layout":"default","site-content-layout":"","ast-site-content-layout":"default","site-content-style":"default","site-sidebar-style":"default","ast-global-header-display":"","ast-banner-title-visibility":"","ast-main-header-display":"","ast-hfb-above-header-display":"","ast-hfb-below-header-display":"","ast-hfb-mobile-header-display":"","site-post-title":"","ast-breadcrumbs-content":"","ast-featured-img":"","footer-sml-layout":"","theme-transparent-header-meta":"","adv-header-id-meta":"","stick-header-meta":"","header-above-stick-meta":"","header-main-stick-meta":"","header-below-stick-meta":"","astra-migrate-meta-layouts":"default","ast-page-background-enabled":"default","ast-page-background-meta":{"desktop":{"background-color":"var(--ast-global-color-4)","background-image":"","background-repeat":"repeat","background-position":"center center","background-size":"auto","background-attachment":"scroll","background-type":"","background-media":"","overlay-type":"","overlay-color":"","overlay-opacity":"","overlay-gradient":""},"tablet":{"background-color":"","background-image":"","background-repeat":"repeat","background-position":"center center","background-size":"auto","background-attachment":"scroll","background-type":"","background-media":"","overlay-type":"","overlay-color":"","overlay-opacity":"","overlay-gradient":""},"mobile":{"background-color":"","background-image":"","background-repeat":"repeat","background-position":"center center","background-size":"auto","background-attachment":"scroll","background-type":"","background-media":"","overlay-type":"","overlay-color":"","overlay-opacity":"","overlay-gradient":""}},"ast-content-background-meta":{"desktop":{"background-color":"var(--ast-global-color-5)","background-image":"","background-repeat":"repeat","background-position":"center center","background-size":"auto","background-attachment":"scroll","background-type":"","background-media":"","overlay-type":"","overlay-color":"","overlay-opacity":"","overlay-gradient":""},"tablet":{"background-color":"var(--ast-global-color-5)","background-image":"","background-repeat":"repeat","background-position":"center center","background-size":"auto","background-attachment":"scroll","background-type":"","background-media":"","overlay-type":"","overlay-color":"","overlay-opacity":"","overlay-gradient":""},"mobile":{"background-color":"var(--ast-global-color-5)","background-image":"","background-repeat":"repeat","background-position":"center center","background-size":"auto","background-attachment":"scroll","background-type":"","background-media":"","overlay-type":"","overlay-color":"","overlay-opacity":"","overlay-gradient":""}},"footnotes":""},"class_list":["post-2996","page","type-page","status-publish","hentry"],"yoast_head":"<!-- This site is optimized with the Yoast SEO plugin v22.4 - https:\/\/yoast.com\/wordpress\/plugins\/seo\/ -->\n<title>Formulari de subscripci\u00f3 periodistes - Col\u00b7legi de Farmac\u00e8utics de Barcelona<\/title>\n<meta name=\"robots\" content=\"index, follow, max-snippet:-1, max-image-preview:large, max-video-preview:-1\" \/>\n<link rel=\"canonical\" href=\"https:\/\/novaorg.cofb.net\/premsa\/sala-de-premsa\/formulari-de-subscripcio\/\" \/>\n<meta property=\"og:locale\" content=\"ca_ES\" \/>\n<meta property=\"og:type\" content=\"article\" \/>\n<meta property=\"og:title\" content=\"Formulari de subscripci\u00f3 periodistes - Col\u00b7legi de Farmac\u00e8utics de Barcelona\" \/>\n<meta property=\"og:description\" content=\"Rep les convocat\u00f2ries i les notes de premsa del COFB. D\u2019acord amb el Reglament del Parlament Europeu i del Consell de Protecci\u00f3 de Dades de 27 d\u2019abril de 2016 i la Llei org\u00e0nica 3\/2018 de 5 de desembre de Protecci\u00f3 de dades personals, el Col\u00b7legi de Farmac\u00e8utics de la Prov\u00edncia [&hellip;]\" \/>\n<meta property=\"og:url\" content=\"https:\/\/novaorg.cofb.net\/premsa\/sala-de-premsa\/formulari-de-subscripcio\/\" \/>\n<meta property=\"og:site_name\" content=\"Col\u00b7legi de Farmac\u00e8utics de Barcelona\" \/>\n<meta property=\"article:publisher\" content=\"https:\/\/www.facebook.com\/farmaceuticsbcn\/\" \/>\n<meta property=\"article:modified_time\" content=\"2023-09-20T10:55:07+00:00\" \/>\n<meta property=\"og:image\" content=\"https:\/\/novaorg.cofb.net\/wp-content\/uploads\/2023\/09\/news-1074604_960_720.jpg\" \/>\n<meta name=\"twitter:card\" content=\"summary_large_image\" \/>\n<meta name=\"twitter:site\" content=\"@farmaceuticsbcn\" \/>\n<meta name=\"twitter:label1\" content=\"Temps estimat de lectura\" \/>\n\t<meta name=\"twitter:data1\" content=\"2 minuts\" \/>\n<script type=\"application\/ld+json\" class=\"yoast-schema-graph\">{\"@context\":\"https:\/\/schema.org\",\"@graph\":[{\"@type\":\"WebPage\",\"@id\":\"https:\/\/novaorg.cofb.net\/premsa\/sala-de-premsa\/formulari-de-subscripcio\/\",\"url\":\"https:\/\/novaorg.cofb.net\/premsa\/sala-de-premsa\/formulari-de-subscripcio\/\",\"name\":\"Formulari de subscripci\u00f3 periodistes - Col\u00b7legi de Farmac\u00e8utics de Barcelona\",\"isPartOf\":{\"@id\":\"https:\/\/www.cofb.org\/#website\"},\"primaryImageOfPage\":{\"@id\":\"https:\/\/novaorg.cofb.net\/premsa\/sala-de-premsa\/formulari-de-subscripcio\/#primaryimage\"},\"image\":{\"@id\":\"https:\/\/novaorg.cofb.net\/premsa\/sala-de-premsa\/formulari-de-subscripcio\/#primaryimage\"},\"thumbnailUrl\":\"https:\/\/www.cofb.org\/wp-content\/uploads\/2023\/09\/news-1074604_960_720.jpg\",\"datePublished\":\"2023-06-15T09:08:41+00:00\",\"dateModified\":\"2023-09-20T10:55:07+00:00\",\"breadcrumb\":{\"@id\":\"https:\/\/novaorg.cofb.net\/premsa\/sala-de-premsa\/formulari-de-subscripcio\/#breadcrumb\"},\"inLanguage\":\"ca\",\"potentialAction\":[{\"@type\":\"ReadAction\",\"target\":[\"https:\/\/novaorg.cofb.net\/premsa\/sala-de-premsa\/formulari-de-subscripcio\/\"]}]},{\"@type\":\"ImageObject\",\"inLanguage\":\"ca\",\"@id\":\"https:\/\/novaorg.cofb.net\/premsa\/sala-de-premsa\/formulari-de-subscripcio\/#primaryimage\",\"url\":\"https:\/\/www.cofb.org\/wp-content\/uploads\/2023\/09\/news-1074604_960_720.jpg\",\"contentUrl\":\"https:\/\/www.cofb.org\/wp-content\/uploads\/2023\/09\/news-1074604_960_720.jpg\"},{\"@type\":\"BreadcrumbList\",\"@id\":\"https:\/\/novaorg.cofb.net\/premsa\/sala-de-premsa\/formulari-de-subscripcio\/#breadcrumb\",\"itemListElement\":[{\"@type\":\"ListItem\",\"position\":1,\"name\":\"Inici\",\"item\":\"https:\/\/novaorg.cofb.net\/\"},{\"@type\":\"ListItem\",\"position\":2,\"name\":\"Premsa\",\"item\":\"https:\/\/novaorg.cofb.net\/premsa\/\"},{\"@type\":\"ListItem\",\"position\":3,\"name\":\"Sala de premsa\",\"item\":\"https:\/\/novaorg.cofb.net\/premsa\/sala-de-premsa\/\"},{\"@type\":\"ListItem\",\"position\":4,\"name\":\"Formulari de subscripci\u00f3 periodistes\"}]},{\"@type\":\"WebSite\",\"@id\":\"https:\/\/www.cofb.org\/#website\",\"url\":\"https:\/\/www.cofb.org\/\",\"name\":\"Col\u00b7legi de Farmac\u00e8utics de Barcelona\",\"description\":\"\",\"publisher\":{\"@id\":\"https:\/\/www.cofb.org\/#organization\"},\"potentialAction\":[{\"@type\":\"SearchAction\",\"target\":{\"@type\":\"EntryPoint\",\"urlTemplate\":\"https:\/\/www.cofb.org\/?s={search_term_string}\"},\"query-input\":\"required name=search_term_string\"}],\"inLanguage\":\"ca\"},{\"@type\":\"Organization\",\"@id\":\"https:\/\/www.cofb.org\/#organization\",\"name\":\"Col\u00b7legi de Farmac\u00e8utics de Barcelona\",\"url\":\"https:\/\/www.cofb.org\/\",\"logo\":{\"@type\":\"ImageObject\",\"inLanguage\":\"ca\",\"@id\":\"https:\/\/www.cofb.org\/#\/schema\/logo\/image\/\",\"url\":\"https:\/\/www.cofb.org\/wp-content\/uploads\/2023\/11\/cropped-Logotip-COFB.png\",\"contentUrl\":\"https:\/\/www.cofb.org\/wp-content\/uploads\/2023\/11\/cropped-Logotip-COFB.png\",\"width\":500,\"height\":105,\"caption\":\"Col\u00b7legi de Farmac\u00e8utics de Barcelona\"},\"image\":{\"@id\":\"https:\/\/www.cofb.org\/#\/schema\/logo\/image\/\"},\"sameAs\":[\"https:\/\/www.facebook.com\/farmaceuticsbcn\/\",\"https:\/\/twitter.com\/farmaceuticsbcn\",\"https:\/\/www.instagram.com\/farmaceuticsbcn\/\",\"https:\/\/www.linkedin.com\/company\/farmaceuticsbcn\/\"]}]}<\/script>\n<!-- \/ Yoast SEO plugin. -->","yoast_head_json":{"title":"Formulari de subscripci\u00f3 periodistes - Col\u00b7legi de Farmac\u00e8utics de Barcelona","robots":{"index":"index","follow":"follow","max-snippet":"max-snippet:-1","max-image-preview":"max-image-preview:large","max-video-preview":"max-video-preview:-1"},"canonical":"https:\/\/novaorg.cofb.net\/premsa\/sala-de-premsa\/formulari-de-subscripcio\/","og_locale":"ca_ES","og_type":"article","og_title":"Formulari de subscripci\u00f3 periodistes - Col\u00b7legi de Farmac\u00e8utics de Barcelona","og_description":"Rep les convocat\u00f2ries i les notes de premsa del COFB. D\u2019acord amb el Reglament del Parlament Europeu i del Consell de Protecci\u00f3 de Dades de 27 d\u2019abril de 2016 i la Llei org\u00e0nica 3\/2018 de 5 de desembre de Protecci\u00f3 de dades personals, el Col\u00b7legi de Farmac\u00e8utics de la Prov\u00edncia [&hellip;]","og_url":"https:\/\/novaorg.cofb.net\/premsa\/sala-de-premsa\/formulari-de-subscripcio\/","og_site_name":"Col\u00b7legi de Farmac\u00e8utics de Barcelona","article_publisher":"https:\/\/www.facebook.com\/farmaceuticsbcn\/","article_modified_time":"2023-09-20T10:55:07+00:00","og_image":[{"url":"https:\/\/novaorg.cofb.net\/wp-content\/uploads\/2023\/09\/news-1074604_960_720.jpg"}],"twitter_card":"summary_large_image","twitter_site":"@farmaceuticsbcn","twitter_misc":{"Temps estimat de lectura":"2 minuts"},"schema":{"@context":"https:\/\/schema.org","@graph":[{"@type":"WebPage","@id":"https:\/\/novaorg.cofb.net\/premsa\/sala-de-premsa\/formulari-de-subscripcio\/","url":"https:\/\/novaorg.cofb.net\/premsa\/sala-de-premsa\/formulari-de-subscripcio\/","name":"Formulari de subscripci\u00f3 periodistes - Col\u00b7legi de Farmac\u00e8utics de Barcelona","isPartOf":{"@id":"https:\/\/www.cofb.org\/#website"},"primaryImageOfPage":{"@id":"https:\/\/novaorg.cofb.net\/premsa\/sala-de-premsa\/formulari-de-subscripcio\/#primaryimage"},"image":{"@id":"https:\/\/novaorg.cofb.net\/premsa\/sala-de-premsa\/formulari-de-subscripcio\/#primaryimage"},"thumbnailUrl":"https:\/\/www.cofb.org\/wp-content\/uploads\/2023\/09\/news-1074604_960_720.jpg","datePublished":"2023-06-15T09:08:41+00:00","dateModified":"2023-09-20T10:55:07+00:00","breadcrumb":{"@id":"https:\/\/novaorg.cofb.net\/premsa\/sala-de-premsa\/formulari-de-subscripcio\/#breadcrumb"},"inLanguage":"ca","potentialAction":[{"@type":"ReadAction","target":["https:\/\/novaorg.cofb.net\/premsa\/sala-de-premsa\/formulari-de-subscripcio\/"]}]},{"@type":"ImageObject","inLanguage":"ca","@id":"https:\/\/novaorg.cofb.net\/premsa\/sala-de-premsa\/formulari-de-subscripcio\/#primaryimage","url":"https:\/\/www.cofb.org\/wp-content\/uploads\/2023\/09\/news-1074604_960_720.jpg","contentUrl":"https:\/\/www.cofb.org\/wp-content\/uploads\/2023\/09\/news-1074604_960_720.jpg"},{"@type":"BreadcrumbList","@id":"https:\/\/novaorg.cofb.net\/premsa\/sala-de-premsa\/formulari-de-subscripcio\/#breadcrumb","itemListElement":[{"@type":"ListItem","position":1,"name":"Inici","item":"https:\/\/novaorg.cofb.net\/"},{"@type":"ListItem","position":2,"name":"Premsa","item":"https:\/\/novaorg.cofb.net\/premsa\/"},{"@type":"ListItem","position":3,"name":"Sala de premsa","item":"https:\/\/novaorg.cofb.net\/premsa\/sala-de-premsa\/"},{"@type":"ListItem","position":4,"name":"Formulari de subscripci\u00f3 periodistes"}]},{"@type":"WebSite","@id":"https:\/\/www.cofb.org\/#website","url":"https:\/\/www.cofb.org\/","name":"Col\u00b7legi de Farmac\u00e8utics de Barcelona","description":"","publisher":{"@id":"https:\/\/www.cofb.org\/#organization"},"potentialAction":[{"@type":"SearchAction","target":{"@type":"EntryPoint","urlTemplate":"https:\/\/www.cofb.org\/?s={search_term_string}"},"query-input":"required name=search_term_string"}],"inLanguage":"ca"},{"@type":"Organization","@id":"https:\/\/www.cofb.org\/#organization","name":"Col\u00b7legi de Farmac\u00e8utics de Barcelona","url":"https:\/\/www.cofb.org\/","logo":{"@type":"ImageObject","inLanguage":"ca","@id":"https:\/\/www.cofb.org\/#\/schema\/logo\/image\/","url":"https:\/\/www.cofb.org\/wp-content\/uploads\/2023\/11\/cropped-Logotip-COFB.png","contentUrl":"https:\/\/www.cofb.org\/wp-content\/uploads\/2023\/11\/cropped-Logotip-COFB.png","width":500,"height":105,"caption":"Col\u00b7legi de Farmac\u00e8utics de Barcelona"},"image":{"@id":"https:\/\/www.cofb.org\/#\/schema\/logo\/image\/"},"sameAs":["https:\/\/www.facebook.com\/farmaceuticsbcn\/","https:\/\/twitter.com\/farmaceuticsbcn","https:\/\/www.instagram.com\/farmaceuticsbcn\/","https:\/\/www.linkedin.com\/company\/farmaceuticsbcn\/"]}]}},"uagb_featured_image_src":{"full":false,"thumbnail":false,"medium":false,"medium_large":false,"large":false,"1536x1536":false,"2048x2048":false,"trp-custom-language-flag":false},"uagb_author_info":{"display_name":"wpAdminCofbOrg","author_link":"https:\/\/www.cofb.org\/ca\/author\/wpadmincofborg\/"},"uagb_comment_info":0,"uagb_excerpt":"Rep les convocat\u00f2ries i les notes de premsa del COFB. D\u2019acord amb el Reglament del Parlament Europeu i del Consell de Protecci\u00f3 de Dades de 27 d\u2019abril de 2016 i la Llei org\u00e0nica 3\/2018 de 5 de desembre de Protecci\u00f3 de dades personals, el Col\u00b7legi de Farmac\u00e8utics de la Prov\u00edncia [&hellip;]","_links":{"self":[{"href":"https:\/\/www.cofb.org\/ca\/wp-json\/wp\/v2\/pages\/2996","targetHints":{"allow":["GET"]}}],"collection":[{"href":"https:\/\/www.cofb.org\/ca\/wp-json\/wp\/v2\/pages"}],"about":[{"href":"https:\/\/www.cofb.org\/ca\/wp-json\/wp\/v2\/types\/page"}],"author":[{"embeddable":true,"href":"https:\/\/www.cofb.org\/ca\/wp-json\/wp\/v2\/users\/1"}],"replies":[{"embeddable":true,"href":"https:\/\/www.cofb.org\/ca\/wp-json\/wp\/v2\/comments?post=2996"}],"version-history":[{"count":9,"href":"https:\/\/www.cofb.org\/ca\/wp-json\/wp\/v2\/pages\/2996\/revisions"}],"predecessor-version":[{"id":80962,"href":"https:\/\/www.cofb.org\/ca\/wp-json\/wp\/v2\/pages\/2996\/revisions\/80962"}],"up":[{"embeddable":true,"href":"https:\/\/www.cofb.org\/ca\/wp-json\/wp\/v2\/pages\/2987"}],"wp:attachment":[{"href":"https:\/\/www.cofb.org\/ca\/wp-json\/wp\/v2\/media?parent=2996"}],"curies":[{"name":"wp","href":"https:\/\/api.w.org\/{rel}","templated":true}]}}