{"id":2965,"date":"2023-06-14T13:53:19","date_gmt":"2023-06-14T13:53:19","guid":{"rendered":"https:\/\/novaorg.cofb.net\/?page_id=2965"},"modified":"2023-10-06T07:08:49","modified_gmt":"2023-10-06T07:08:49","slug":"patrocinis-i-collaboracions","status":"publish","type":"page","link":"https:\/\/www.cofb.org\/ca\/que-oferim\/empreses-entitats\/patrocinis-i-collaboracions\/","title":{"rendered":"Patrocinis i col\u00b7laboracions"},"content":{"rendered":"\n<h2 class=\"wp-block-heading\">Qu\u00e8 t&#8217;aporta com a empresa?<\/h2>\n\n\n\n<ul class=\"wp-block-list\">\n<li>Possibilitat d\u2019oferir als farmac\u00e8utics<strong>&nbsp;formaci\u00f3 espec\u00edfica i orientada a les seves necessitats.<\/strong><\/li>\n\n\n\n<li>Posicionament com<strong>&nbsp;a empresa innovadora que aposta pel desenvolupament de la professi\u00f3 farmac\u00e8utica.<\/strong><\/li>\n\n\n\n<li><strong>Enfortir el comprom\u00eds amb el benestar i la salut de les persones.<\/strong><\/li>\n\n\n\n<li><strong>\u200bUna millor&nbsp;estrat\u00e8gia comercial i de m\u00e0rqueting.<\/strong><\/li>\n<\/ul>\n\n\n\n<h2 class=\"wp-block-heading\">Qu\u00e8 et pot oferir el COFB?<\/h2>\n\n\n\n<p><\/p>\n\n\n\n<h3 class=\"wp-block-heading\">Col\u00b7laboraci\u00f3 en formaci\u00f3<\/h3>\n\n\n\n<p>Cada any el&nbsp;<strong>Col\u00b7legi de Farmac\u00e8utics de Barcelona<\/strong>&nbsp;programa diverses&nbsp;<a href=\"https:\/\/www.cofb.org\/que-oferim\/farmaceutics\/serveis\/formacio-i-projectes\/activitats\" target=\"_blank\" rel=\"noreferrer noopener\">activitats de&nbsp;formaci\u00f3 continuada<\/a>&nbsp;per als farmac\u00e8utics de&nbsp;<strong>farm\u00e0cia comunit\u00e0ria, hospital i atenci\u00f3 prim\u00e0ria<\/strong>, entre altres \u00e0mbits d\u2019exercici de la professi\u00f3. Aquesta activitat formativa \u00e9s fruit de les inquietuds del col\u00b7lectiu per estar actualitzat i ben preparat i est\u00e0 motivada per la necessitat d\u2019adaptaci\u00f3 a aquest sector tan din\u00e0mic.<\/p>\n\n\n\n<p>Cada vegada m\u00e9s, les pol\u00edtiques de m\u00e0rqueting i comunicaci\u00f3 de les empreses relacionades amb el sector inclouen la formaci\u00f3 dels professionals sanitaris, tant en l\u2019\u00e0mbit del coneixement dels medicaments i l\u2019atenci\u00f3 farmac\u00e8utica com en el de les habilitats directives. En aquest sentit, els temes que s\u2019aborden&nbsp;a les&nbsp;<a rel=\"noreferrer noopener\" href=\"https:\/\/www.cofb.org\/que-oferim\/farmaceutics\/serveis\/formacio-i-projectes\/activitats\" target=\"_blank\">diferents activitats<\/a><strong>&nbsp;<\/strong>programades pel COFB<strong>&nbsp;poden ser del vostre inter\u00e8s&nbsp; per establir una acci\u00f3 de patrocini o col\u00b7laboraci\u00f3.<\/strong> <\/p>\n\n\n\n<p>Estem oberts a rebre propostes o iniciatives que ajudin a ampliar els coneixements del col\u00b7lectiu i a desenvolupar la professi\u00f3.<\/p>\n\n\n\n<p class=\"icones\"><img decoding=\"async\" src=\"https:\/\/www.cofb.org\/documents\/10136\/1067764\/flecha.png\/71d65293-c5b9-480e-a666-8b56fbeb34d0?t=1542979928000\" alt=\"\">&nbsp;<a href=\"https:\/\/www.cofb.org\/que-oferim\/empreses-entitats\/patrocinis-i-collaboracions\/casos-dexit-formacio\/\" data-type=\"page\" data-id=\"68535\">Exemples d&#8217;\u00e8xit<\/a><\/p>\n\n\n\n<h3 class=\"wp-block-heading\">Implicaci\u00f3 en projectes i campanyes sanit\u00e0ries<\/h3>\n\n\n\n<p>Des del <strong>COFB <\/strong>s\u2019impulsen diferents&nbsp;<strong>projectes i campanyes sanit\u00e0ries<\/strong>&nbsp;amb l&#8217;objectiu de contribuir a&nbsp;<strong>millorar la salut de l\u2019entorn, enfortir la professi\u00f3 farmac\u00e8utica&nbsp;<\/strong>i&nbsp;<strong>contribuir al desenvolupament professional dels farmac\u00e8utics.<\/strong><\/p>\n\n\n\n<p>En aquest marc, el Col\u00b7legi gestiona iniciatives relacionades amb l&#8217;<strong>atenci\u00f3 farmac\u00e8utica, la promoci\u00f3 de la salut i la prevenci\u00f3 de la malaltia<\/strong>, moltes vegades&nbsp;<strong>en col\u00b7laboraci\u00f3 amb altres institucions, empreses o l\u2019Administraci\u00f3 sanit\u00e0ria.<\/strong><\/p>\n\n\n\n<p>Per donar continu\u00eftat a aquesta \u00e0rea de treball comptem amb les aportacions i col\u00b7laboracions d\u2019empreses del sector farmac\u00e8utic que aposten pel futur de la professi\u00f3 farmac\u00e8utica.<\/p>\n\n\n\n<p class=\"icones\"><img decoding=\"async\" src=\"https:\/\/www.cofb.org\/documents\/10136\/1067764\/flecha.png\/71d65293-c5b9-480e-a666-8b56fbeb34d0?t=1542979928000\" alt=\"\">&nbsp;<a href=\"https:\/\/www.cofb.org\/que-oferim\/empreses-entitats\/patrocinis-i-collaboracions\/casos-dexit-formacio\/\" data-type=\"page\" data-id=\"68535\">Exemples d&#8217;\u00e8xit<\/a><\/p>\n\n\n\n<h2 class=\"wp-block-heading\">Empreses col\u00b7laboradores durant el curs 2021\/2022<\/h2>\n\n\n\n<p>Des del Col\u00b7legi volem agrair a totes les empreses i institucions que han apostat pel nostre Programa de Formaci\u00f3 Continuada 2021-2022&nbsp;i per les nostres campanyes sanit\u00e0ries, contribuint al desenvolupament de la professi\u00f3.&nbsp;<\/p>\n\n\n\n<figure class=\"wp-block-image\"><img decoding=\"async\" src=\"https:\/\/www.cofb.org\/documents\/10136\/1063826\/COFB_Agra%C3%AFmentInd%C3%BAstria_20072022.jpg\/dd042138-70d6-4a12-90b3-208967cf666f?t=1658301710430\" alt=\"\"\/><\/figure>\n\n\n\n<h2 class=\"wp-block-heading\">Contacta<\/h2>\n\n\n\n<p class=\"icones\"><img decoding=\"async\" alt=\"\" src=\"https:\/\/www.cofb.org\/documents\/10136\/1067764\/Correu.png\/69f7b5c4-3c19-447d-9ff6-25e8e46c97cf?t=1542018760000\">&nbsp;Correu electr\u00f2nic:&nbsp;<a href=\"mailto:institucions@cofb.net\">institucions@cofb.net<\/a><\/p>\n\n\n\n<p class=\"icones\"><img decoding=\"async\" alt=\"\" src=\"https:\/\/www.cofb.org\/documents\/10136\/1067764\/Tel%C3%A9fono.png\/83de66f5-8867-4acf-ba6c-ea129dc67556?t=1542018738000\">&nbsp;Tel\u00e8fon: 93 244 07 10 (Ext. 108)&nbsp;<\/p>\n","protected":false},"excerpt":{"rendered":"<p>Qu\u00e8 t&#8217;aporta com a empresa? Qu\u00e8 et pot oferir el COFB? Col\u00b7laboraci\u00f3 en formaci\u00f3 Cada any el&nbsp;Col\u00b7legi de Farmac\u00e8utics de Barcelona&nbsp;programa diverses&nbsp;activitats de&nbsp;formaci\u00f3 continuada&nbsp;per als farmac\u00e8utics de&nbsp;farm\u00e0cia comunit\u00e0ria, hospital i atenci\u00f3 prim\u00e0ria, entre altres \u00e0mbits d\u2019exercici de la professi\u00f3. Aquesta activitat formativa \u00e9s fruit de les inquietuds del col\u00b7lectiu per [&hellip;]<\/p>\n","protected":false},"author":1,"featured_media":0,"parent":2963,"menu_order":1,"comment_status":"closed","ping_status":"closed","template":"","meta":{"_uag_custom_page_level_css":"","site-sidebar-layout":"default","site-content-layout":"","ast-site-content-layout":"default","site-content-style":"default","site-sidebar-style":"default","ast-global-header-display":"","ast-banner-title-visibility":"","ast-main-header-display":"","ast-hfb-above-header-display":"","ast-hfb-below-header-display":"","ast-hfb-mobile-header-display":"","site-post-title":"","ast-breadcrumbs-content":"","ast-featured-img":"","footer-sml-layout":"","theme-transparent-header-meta":"","adv-header-id-meta":"","stick-header-meta":"","header-above-stick-meta":"","header-main-stick-meta":"","header-below-stick-meta":"","astra-migrate-meta-layouts":"default","ast-page-background-enabled":"default","ast-page-background-meta":{"desktop":{"background-color":"var(--ast-global-color-4)","background-image":"","background-repeat":"repeat","background-position":"center center","background-size":"auto","background-attachment":"scroll","background-type":"","background-media":"","overlay-type":"","overlay-color":"","overlay-opacity":"","overlay-gradient":""},"tablet":{"background-color":"","background-image":"","background-repeat":"repeat","background-position":"center center","background-size":"auto","background-attachment":"scroll","background-type":"","background-media":"","overlay-type":"","overlay-color":"","overlay-opacity":"","overlay-gradient":""},"mobile":{"background-color":"","background-image":"","background-repeat":"repeat","background-position":"center center","background-size":"auto","background-attachment":"scroll","background-type":"","background-media":"","overlay-type":"","overlay-color":"","overlay-opacity":"","overlay-gradient":""}},"ast-content-background-meta":{"desktop":{"background-color":"var(--ast-global-color-5)","background-image":"","background-repeat":"repeat","background-position":"center center","background-size":"auto","background-attachment":"scroll","background-type":"","background-media":"","overlay-type":"","overlay-color":"","overlay-opacity":"","overlay-gradient":""},"tablet":{"background-color":"var(--ast-global-color-5)","background-image":"","background-repeat":"repeat","background-position":"center center","background-size":"auto","background-attachment":"scroll","background-type":"","background-media":"","overlay-type":"","overlay-color":"","overlay-opacity":"","overlay-gradient":""},"mobile":{"background-color":"var(--ast-global-color-5)","background-image":"","background-repeat":"repeat","background-position":"center center","background-size":"auto","background-attachment":"scroll","background-type":"","background-media":"","overlay-type":"","overlay-color":"","overlay-opacity":"","overlay-gradient":""}},"footnotes":""},"class_list":["post-2965","page","type-page","status-publish","hentry"],"yoast_head":"<!-- This site is optimized with the Yoast SEO plugin v22.4 - https:\/\/yoast.com\/wordpress\/plugins\/seo\/ -->\n<title>Patrocinis i col\u00b7laboracions - Col\u00b7legi de Farmac\u00e8utics de Barcelona<\/title>\n<meta name=\"robots\" content=\"index, follow, max-snippet:-1, max-image-preview:large, max-video-preview:-1\" \/>\n<link rel=\"canonical\" href=\"https:\/\/novaorg.cofb.net\/que-oferim\/empreses-entitats\/patrocinis-i-collaboracions\/\" \/>\n<meta property=\"og:locale\" content=\"ca_ES\" \/>\n<meta property=\"og:type\" content=\"article\" \/>\n<meta property=\"og:title\" content=\"Patrocinis i col\u00b7laboracions - Col\u00b7legi de Farmac\u00e8utics de Barcelona\" \/>\n<meta property=\"og:description\" content=\"Qu\u00e8 t&#8217;aporta com a empresa? Qu\u00e8 et pot oferir el COFB? Col\u00b7laboraci\u00f3 en formaci\u00f3 Cada any el&nbsp;Col\u00b7legi de Farmac\u00e8utics de Barcelona&nbsp;programa diverses&nbsp;activitats de&nbsp;formaci\u00f3 continuada&nbsp;per als farmac\u00e8utics de&nbsp;farm\u00e0cia comunit\u00e0ria, hospital i atenci\u00f3 prim\u00e0ria, entre altres \u00e0mbits d\u2019exercici de la professi\u00f3. Aquesta activitat formativa \u00e9s fruit de les inquietuds del col\u00b7lectiu per [&hellip;]\" \/>\n<meta property=\"og:url\" content=\"https:\/\/novaorg.cofb.net\/que-oferim\/empreses-entitats\/patrocinis-i-collaboracions\/\" \/>\n<meta property=\"og:site_name\" content=\"Col\u00b7legi de Farmac\u00e8utics de Barcelona\" \/>\n<meta property=\"article:publisher\" content=\"https:\/\/www.facebook.com\/farmaceuticsbcn\/\" \/>\n<meta property=\"article:modified_time\" content=\"2023-10-06T07:08:49+00:00\" \/>\n<meta property=\"og:image\" content=\"https:\/\/www.cofb.org\/documents\/10136\/1067764\/flecha.png\/71d65293-c5b9-480e-a666-8b56fbeb34d0?t=1542979928000\" \/>\n<meta name=\"twitter:card\" content=\"summary_large_image\" \/>\n<meta name=\"twitter:site\" content=\"@farmaceuticsbcn\" \/>\n<meta name=\"twitter:label1\" content=\"Temps estimat de lectura\" \/>\n\t<meta name=\"twitter:data1\" content=\"2 minuts\" \/>\n<script type=\"application\/ld+json\" class=\"yoast-schema-graph\">{\"@context\":\"https:\/\/schema.org\",\"@graph\":[{\"@type\":\"WebPage\",\"@id\":\"https:\/\/novaorg.cofb.net\/que-oferim\/empreses-entitats\/patrocinis-i-collaboracions\/\",\"url\":\"https:\/\/novaorg.cofb.net\/que-oferim\/empreses-entitats\/patrocinis-i-collaboracions\/\",\"name\":\"Patrocinis i col\u00b7laboracions - Col\u00b7legi de Farmac\u00e8utics de Barcelona\",\"isPartOf\":{\"@id\":\"https:\/\/www.cofb.org\/#website\"},\"primaryImageOfPage\":{\"@id\":\"https:\/\/novaorg.cofb.net\/que-oferim\/empreses-entitats\/patrocinis-i-collaboracions\/#primaryimage\"},\"image\":{\"@id\":\"https:\/\/novaorg.cofb.net\/que-oferim\/empreses-entitats\/patrocinis-i-collaboracions\/#primaryimage\"},\"thumbnailUrl\":\"https:\/\/www.cofb.org\/documents\/10136\/1067764\/flecha.png\/71d65293-c5b9-480e-a666-8b56fbeb34d0?t=1542979928000\",\"datePublished\":\"2023-06-14T13:53:19+00:00\",\"dateModified\":\"2023-10-06T07:08:49+00:00\",\"breadcrumb\":{\"@id\":\"https:\/\/novaorg.cofb.net\/que-oferim\/empreses-entitats\/patrocinis-i-collaboracions\/#breadcrumb\"},\"inLanguage\":\"ca\",\"potentialAction\":[{\"@type\":\"ReadAction\",\"target\":[\"https:\/\/novaorg.cofb.net\/que-oferim\/empreses-entitats\/patrocinis-i-collaboracions\/\"]}]},{\"@type\":\"ImageObject\",\"inLanguage\":\"ca\",\"@id\":\"https:\/\/novaorg.cofb.net\/que-oferim\/empreses-entitats\/patrocinis-i-collaboracions\/#primaryimage\",\"url\":\"https:\/\/www.cofb.org\/documents\/10136\/1067764\/flecha.png\/71d65293-c5b9-480e-a666-8b56fbeb34d0?t=1542979928000\",\"contentUrl\":\"https:\/\/www.cofb.org\/documents\/10136\/1067764\/flecha.png\/71d65293-c5b9-480e-a666-8b56fbeb34d0?t=1542979928000\"},{\"@type\":\"BreadcrumbList\",\"@id\":\"https:\/\/novaorg.cofb.net\/que-oferim\/empreses-entitats\/patrocinis-i-collaboracions\/#breadcrumb\",\"itemListElement\":[{\"@type\":\"ListItem\",\"position\":1,\"name\":\"Inici\",\"item\":\"https:\/\/novaorg.cofb.net\/\"},{\"@type\":\"ListItem\",\"position\":2,\"name\":\"Qu\u00e8 oferim?\",\"item\":\"https:\/\/novaorg.cofb.net\/que-oferim\/\"},{\"@type\":\"ListItem\",\"position\":3,\"name\":\"Empreses\/Entitats\",\"item\":\"https:\/\/novaorg.cofb.net\/que-oferim\/empreses-entitats\/\"},{\"@type\":\"ListItem\",\"position\":4,\"name\":\"Patrocinis i col\u00b7laboracions\"}]},{\"@type\":\"WebSite\",\"@id\":\"https:\/\/www.cofb.org\/#website\",\"url\":\"https:\/\/www.cofb.org\/\",\"name\":\"Col\u00b7legi de Farmac\u00e8utics de Barcelona\",\"description\":\"\",\"publisher\":{\"@id\":\"https:\/\/www.cofb.org\/#organization\"},\"potentialAction\":[{\"@type\":\"SearchAction\",\"target\":{\"@type\":\"EntryPoint\",\"urlTemplate\":\"https:\/\/www.cofb.org\/?s={search_term_string}\"},\"query-input\":\"required name=search_term_string\"}],\"inLanguage\":\"ca\"},{\"@type\":\"Organization\",\"@id\":\"https:\/\/www.cofb.org\/#organization\",\"name\":\"Col\u00b7legi de Farmac\u00e8utics de Barcelona\",\"url\":\"https:\/\/www.cofb.org\/\",\"logo\":{\"@type\":\"ImageObject\",\"inLanguage\":\"ca\",\"@id\":\"https:\/\/www.cofb.org\/#\/schema\/logo\/image\/\",\"url\":\"https:\/\/www.cofb.org\/wp-content\/uploads\/2023\/11\/cropped-Logotip-COFB.png\",\"contentUrl\":\"https:\/\/www.cofb.org\/wp-content\/uploads\/2023\/11\/cropped-Logotip-COFB.png\",\"width\":500,\"height\":105,\"caption\":\"Col\u00b7legi de Farmac\u00e8utics de Barcelona\"},\"image\":{\"@id\":\"https:\/\/www.cofb.org\/#\/schema\/logo\/image\/\"},\"sameAs\":[\"https:\/\/www.facebook.com\/farmaceuticsbcn\/\",\"https:\/\/twitter.com\/farmaceuticsbcn\",\"https:\/\/www.instagram.com\/farmaceuticsbcn\/\",\"https:\/\/www.linkedin.com\/company\/farmaceuticsbcn\/\"]}]}<\/script>\n<!-- \/ Yoast SEO plugin. -->","yoast_head_json":{"title":"Patrocinis i col\u00b7laboracions - Col\u00b7legi de Farmac\u00e8utics de Barcelona","robots":{"index":"index","follow":"follow","max-snippet":"max-snippet:-1","max-image-preview":"max-image-preview:large","max-video-preview":"max-video-preview:-1"},"canonical":"https:\/\/novaorg.cofb.net\/que-oferim\/empreses-entitats\/patrocinis-i-collaboracions\/","og_locale":"ca_ES","og_type":"article","og_title":"Patrocinis i col\u00b7laboracions - Col\u00b7legi de Farmac\u00e8utics de Barcelona","og_description":"Qu\u00e8 t&#8217;aporta com a empresa? Qu\u00e8 et pot oferir el COFB? Col\u00b7laboraci\u00f3 en formaci\u00f3 Cada any el&nbsp;Col\u00b7legi de Farmac\u00e8utics de Barcelona&nbsp;programa diverses&nbsp;activitats de&nbsp;formaci\u00f3 continuada&nbsp;per als farmac\u00e8utics de&nbsp;farm\u00e0cia comunit\u00e0ria, hospital i atenci\u00f3 prim\u00e0ria, entre altres \u00e0mbits d\u2019exercici de la professi\u00f3. Aquesta activitat formativa \u00e9s fruit de les inquietuds del col\u00b7lectiu per [&hellip;]","og_url":"https:\/\/novaorg.cofb.net\/que-oferim\/empreses-entitats\/patrocinis-i-collaboracions\/","og_site_name":"Col\u00b7legi de Farmac\u00e8utics de Barcelona","article_publisher":"https:\/\/www.facebook.com\/farmaceuticsbcn\/","article_modified_time":"2023-10-06T07:08:49+00:00","og_image":[{"url":"https:\/\/www.cofb.org\/documents\/10136\/1067764\/flecha.png\/71d65293-c5b9-480e-a666-8b56fbeb34d0?t=1542979928000"}],"twitter_card":"summary_large_image","twitter_site":"@farmaceuticsbcn","twitter_misc":{"Temps estimat de lectura":"2 minuts"},"schema":{"@context":"https:\/\/schema.org","@graph":[{"@type":"WebPage","@id":"https:\/\/novaorg.cofb.net\/que-oferim\/empreses-entitats\/patrocinis-i-collaboracions\/","url":"https:\/\/novaorg.cofb.net\/que-oferim\/empreses-entitats\/patrocinis-i-collaboracions\/","name":"Patrocinis i col\u00b7laboracions - Col\u00b7legi de Farmac\u00e8utics de Barcelona","isPartOf":{"@id":"https:\/\/www.cofb.org\/#website"},"primaryImageOfPage":{"@id":"https:\/\/novaorg.cofb.net\/que-oferim\/empreses-entitats\/patrocinis-i-collaboracions\/#primaryimage"},"image":{"@id":"https:\/\/novaorg.cofb.net\/que-oferim\/empreses-entitats\/patrocinis-i-collaboracions\/#primaryimage"},"thumbnailUrl":"https:\/\/www.cofb.org\/documents\/10136\/1067764\/flecha.png\/71d65293-c5b9-480e-a666-8b56fbeb34d0?t=1542979928000","datePublished":"2023-06-14T13:53:19+00:00","dateModified":"2023-10-06T07:08:49+00:00","breadcrumb":{"@id":"https:\/\/novaorg.cofb.net\/que-oferim\/empreses-entitats\/patrocinis-i-collaboracions\/#breadcrumb"},"inLanguage":"ca","potentialAction":[{"@type":"ReadAction","target":["https:\/\/novaorg.cofb.net\/que-oferim\/empreses-entitats\/patrocinis-i-collaboracions\/"]}]},{"@type":"ImageObject","inLanguage":"ca","@id":"https:\/\/novaorg.cofb.net\/que-oferim\/empreses-entitats\/patrocinis-i-collaboracions\/#primaryimage","url":"https:\/\/www.cofb.org\/documents\/10136\/1067764\/flecha.png\/71d65293-c5b9-480e-a666-8b56fbeb34d0?t=1542979928000","contentUrl":"https:\/\/www.cofb.org\/documents\/10136\/1067764\/flecha.png\/71d65293-c5b9-480e-a666-8b56fbeb34d0?t=1542979928000"},{"@type":"BreadcrumbList","@id":"https:\/\/novaorg.cofb.net\/que-oferim\/empreses-entitats\/patrocinis-i-collaboracions\/#breadcrumb","itemListElement":[{"@type":"ListItem","position":1,"name":"Inici","item":"https:\/\/novaorg.cofb.net\/"},{"@type":"ListItem","position":2,"name":"Qu\u00e8 oferim?","item":"https:\/\/novaorg.cofb.net\/que-oferim\/"},{"@type":"ListItem","position":3,"name":"Empreses\/Entitats","item":"https:\/\/novaorg.cofb.net\/que-oferim\/empreses-entitats\/"},{"@type":"ListItem","position":4,"name":"Patrocinis i col\u00b7laboracions"}]},{"@type":"WebSite","@id":"https:\/\/www.cofb.org\/#website","url":"https:\/\/www.cofb.org\/","name":"Col\u00b7legi de Farmac\u00e8utics de Barcelona","description":"","publisher":{"@id":"https:\/\/www.cofb.org\/#organization"},"potentialAction":[{"@type":"SearchAction","target":{"@type":"EntryPoint","urlTemplate":"https:\/\/www.cofb.org\/?s={search_term_string}"},"query-input":"required name=search_term_string"}],"inLanguage":"ca"},{"@type":"Organization","@id":"https:\/\/www.cofb.org\/#organization","name":"Col\u00b7legi de Farmac\u00e8utics de Barcelona","url":"https:\/\/www.cofb.org\/","logo":{"@type":"ImageObject","inLanguage":"ca","@id":"https:\/\/www.cofb.org\/#\/schema\/logo\/image\/","url":"https:\/\/www.cofb.org\/wp-content\/uploads\/2023\/11\/cropped-Logotip-COFB.png","contentUrl":"https:\/\/www.cofb.org\/wp-content\/uploads\/2023\/11\/cropped-Logotip-COFB.png","width":500,"height":105,"caption":"Col\u00b7legi de Farmac\u00e8utics de Barcelona"},"image":{"@id":"https:\/\/www.cofb.org\/#\/schema\/logo\/image\/"},"sameAs":["https:\/\/www.facebook.com\/farmaceuticsbcn\/","https:\/\/twitter.com\/farmaceuticsbcn","https:\/\/www.instagram.com\/farmaceuticsbcn\/","https:\/\/www.linkedin.com\/company\/farmaceuticsbcn\/"]}]}},"uagb_featured_image_src":{"full":false,"thumbnail":false,"medium":false,"medium_large":false,"large":false,"1536x1536":false,"2048x2048":false,"trp-custom-language-flag":false},"uagb_author_info":{"display_name":"wpAdminCofbOrg","author_link":"https:\/\/www.cofb.org\/ca\/author\/wpadmincofborg\/"},"uagb_comment_info":0,"uagb_excerpt":"Qu\u00e8 t&#8217;aporta com a empresa? Qu\u00e8 et pot oferir el COFB? Col\u00b7laboraci\u00f3 en formaci\u00f3 Cada any el&nbsp;Col\u00b7legi de Farmac\u00e8utics de Barcelona&nbsp;programa diverses&nbsp;activitats de&nbsp;formaci\u00f3 continuada&nbsp;per als farmac\u00e8utics de&nbsp;farm\u00e0cia comunit\u00e0ria, hospital i atenci\u00f3 prim\u00e0ria, entre altres \u00e0mbits d\u2019exercici de la professi\u00f3. Aquesta activitat formativa \u00e9s fruit de les inquietuds del col\u00b7lectiu per [&hellip;]","_links":{"self":[{"href":"https:\/\/www.cofb.org\/ca\/wp-json\/wp\/v2\/pages\/2965","targetHints":{"allow":["GET"]}}],"collection":[{"href":"https:\/\/www.cofb.org\/ca\/wp-json\/wp\/v2\/pages"}],"about":[{"href":"https:\/\/www.cofb.org\/ca\/wp-json\/wp\/v2\/types\/page"}],"author":[{"embeddable":true,"href":"https:\/\/www.cofb.org\/ca\/wp-json\/wp\/v2\/users\/1"}],"replies":[{"embeddable":true,"href":"https:\/\/www.cofb.org\/ca\/wp-json\/wp\/v2\/comments?post=2965"}],"version-history":[{"count":14,"href":"https:\/\/www.cofb.org\/ca\/wp-json\/wp\/v2\/pages\/2965\/revisions"}],"predecessor-version":[{"id":68852,"href":"https:\/\/www.cofb.org\/ca\/wp-json\/wp\/v2\/pages\/2965\/revisions\/68852"}],"up":[{"embeddable":true,"href":"https:\/\/www.cofb.org\/ca\/wp-json\/wp\/v2\/pages\/2963"}],"wp:attachment":[{"href":"https:\/\/www.cofb.org\/ca\/wp-json\/wp\/v2\/media?parent=2965"}],"curies":[{"name":"wp","href":"https:\/\/api.w.org\/{rel}","templated":true}]}}