{"id":2955,"date":"2023-06-14T13:38:11","date_gmt":"2023-06-14T13:38:11","guid":{"rendered":"https:\/\/novaorg.cofb.net\/?page_id=2955"},"modified":"2024-08-22T12:35:59","modified_gmt":"2024-08-22T12:35:59","slug":"consells-de-salut","status":"publish","type":"page","link":"https:\/\/www.cofb.org\/ca\/que-oferim\/ciutadans\/consells-de-salut\/","title":{"rendered":"Consells de salut"},"content":{"rendered":"\n<p id=\"yui_patched_v3_11_0_1_1689765081931_289\">Peri\u00f2dicament, la web del\u00a0<a href=\"http:\/\/www.cofb.org\/\" target=\"_blank\" rel=\"noreferrer noopener\">Col\u00b7legi de Farmac\u00e8utics de Barcelona\u00a0(COFB)\u00a0<\/a>i\u00a0el\u00a0<a href=\"https:\/\/www.cofb.org\/ca\/category\/recomanacions-del-farmaceutic\/\" target=\"_blank\" rel=\"noreferrer noopener\">Blog del COFB<\/a>\u00a0publiquen\u00a0consells\u00a0sobre diverses<strong>\u00a0q\u00fcestions\u00a0de salut<\/strong>, extrets\u00a0de\u00a0<em><a href=\"https:\/\/www.farmaceuticonline.com\/\" target=\"_blank\" rel=\"noreferrer noopener\">Farmaceuticonline<\/a>.<\/em><\/p>\n\n\n\n<h2 class=\"wp-block-heading\">Viu amb la salut<\/h2>\n\n\n\n<div class=\"wp-block-uagb-image uagb-block-2124ced6 wp-block-uagb-image--layout-default wp-block-uagb-image--effect-static wp-block-uagb-image--align-none\"><figure class=\"wp-block-uagb-image__figure\"><img loading=\"lazy\" decoding=\"async\" srcset=\"https:\/\/www.cofb.org\/wp-content\/uploads\/2023\/05\/Interseccion-2-1.png \" sizes=\"auto, (max-width: 480px) 150px\" src=\"https:\/\/www.cofb.org\/wp-content\/uploads\/2023\/05\/Interseccion-2-1.png\" alt=\"\" class=\"uag-image-2465\" width=\"827\" height=\"338\" title=\"\" loading=\"lazy\" role=\"img\"\/><\/figure><\/div>\n\n\n\n<h3 class=\"wp-block-heading\"><a href=\"https:\/\/www.farmaceuticonline.com\/pell-i-cabell-sec-lestiu\/\" data-type=\"link\" data-id=\"https:\/\/www.farmaceuticonline.com\/pell-i-cabell-sec-lestiu\/\" target=\"_blank\" rel=\"noreferrer noopener\">Cabell sec: causes i tractaments<\/a><\/h3>\n\n\n\n<p id=\"yui_patched_v3_11_0_1_1689765081931_323\">El&nbsp;<strong>cabell sec<\/strong>&nbsp;es caracteritza perqu\u00e8&nbsp;<strong>ni el cuir cabellut ni el cabell<\/strong>&nbsp;estan&nbsp;<strong>correctament lubricats<\/strong>, ja que hi ha una disminuci\u00f3 dels l\u00edpids i de l\u2019aigua de la superf\u00edcie capil\u00b7lar. Aquesta situaci\u00f3 provoca un&nbsp;<strong>desestructurament de les escames cuticulars<\/strong>&nbsp;del cabell que fan que tingui una&nbsp;aparen\u00e7a aspre i sense lluentor.<\/p>\n\n\n\n<p id=\"yui_patched_v3_11_0_1_1689765081931_328\">Les&nbsp;<strong>causes&nbsp;<\/strong>poden ser&nbsp;<strong>internes&nbsp;<\/strong>(origen gen\u00e8tic) o&nbsp;<strong>externes&nbsp;<\/strong>(factors ambientals o cosm\u00e8tics). Pel que fa al seu&nbsp;<strong>tractament<\/strong>, es recomana l\u2019aplicaci\u00f3 d\u2019<strong>actius hidratants i nutritius<\/strong>&nbsp;i, en funci\u00f3 del cas, tamb\u00e9 de&nbsp;<strong>subst\u00e0ncies calmants.<\/strong><\/p>\n\n\n\n<p><a rel=\"noreferrer noopener\" href=\"https:\/\/www.farmaceuticonline.com\/pell-i-cabell-sec-lestiu\/\" target=\"_blank\">Llegeix l&#8217;article complet al nostre web de salut.<\/a><a href=\"javascript: window.print()\"><\/a><\/p>\n","protected":false},"excerpt":{"rendered":"<p>Peri\u00f2dicament, la web del\u00a0Col\u00b7legi de Farmac\u00e8utics de Barcelona\u00a0(COFB)\u00a0i\u00a0el\u00a0Blog del COFB\u00a0publiquen\u00a0consells\u00a0sobre diverses\u00a0q\u00fcestions\u00a0de salut, extrets\u00a0de\u00a0Farmaceuticonline. Viu amb la salut Cabell sec: causes i tractaments El&nbsp;cabell sec&nbsp;es caracteritza perqu\u00e8&nbsp;ni el cuir cabellut ni el cabell&nbsp;estan&nbsp;correctament lubricats, ja que hi ha una disminuci\u00f3 dels l\u00edpids i de l\u2019aigua de la superf\u00edcie capil\u00b7lar. Aquesta situaci\u00f3 [&hellip;]<\/p>\n","protected":false},"author":1,"featured_media":0,"parent":2945,"menu_order":0,"comment_status":"closed","ping_status":"closed","template":"","meta":{"_uag_custom_page_level_css":"","site-sidebar-layout":"default","site-content-layout":"","ast-site-content-layout":"default","site-content-style":"default","site-sidebar-style":"default","ast-global-header-display":"","ast-banner-title-visibility":"","ast-main-header-display":"","ast-hfb-above-header-display":"","ast-hfb-below-header-display":"","ast-hfb-mobile-header-display":"","site-post-title":"","ast-breadcrumbs-content":"","ast-featured-img":"","footer-sml-layout":"","theme-transparent-header-meta":"","adv-header-id-meta":"","stick-header-meta":"","header-above-stick-meta":"","header-main-stick-meta":"","header-below-stick-meta":"","astra-migrate-meta-layouts":"set","ast-page-background-enabled":"default","ast-page-background-meta":{"desktop":{"background-color":"var(--ast-global-color-4)","background-image":"","background-repeat":"repeat","background-position":"center center","background-size":"auto","background-attachment":"scroll","background-type":"","background-media":"","overlay-type":"","overlay-color":"","overlay-opacity":"","overlay-gradient":""},"tablet":{"background-color":"","background-image":"","background-repeat":"repeat","background-position":"center center","background-size":"auto","background-attachment":"scroll","background-type":"","background-media":"","overlay-type":"","overlay-color":"","overlay-opacity":"","overlay-gradient":""},"mobile":{"background-color":"","background-image":"","background-repeat":"repeat","background-position":"center center","background-size":"auto","background-attachment":"scroll","background-type":"","background-media":"","overlay-type":"","overlay-color":"","overlay-opacity":"","overlay-gradient":""}},"ast-content-background-meta":{"desktop":{"background-color":"var(--ast-global-color-5)","background-image":"","background-repeat":"repeat","background-position":"center center","background-size":"auto","background-attachment":"scroll","background-type":"","background-media":"","overlay-type":"","overlay-color":"","overlay-opacity":"","overlay-gradient":""},"tablet":{"background-color":"var(--ast-global-color-5)","background-image":"","background-repeat":"repeat","background-position":"center center","background-size":"auto","background-attachment":"scroll","background-type":"","background-media":"","overlay-type":"","overlay-color":"","overlay-opacity":"","overlay-gradient":""},"mobile":{"background-color":"var(--ast-global-color-5)","background-image":"","background-repeat":"repeat","background-position":"center center","background-size":"auto","background-attachment":"scroll","background-type":"","background-media":"","overlay-type":"","overlay-color":"","overlay-opacity":"","overlay-gradient":""}},"footnotes":""},"class_list":["post-2955","page","type-page","status-publish","hentry"],"yoast_head":"<!-- This site is optimized with the Yoast SEO plugin v22.4 - https:\/\/yoast.com\/wordpress\/plugins\/seo\/ -->\n<title>Consells de salut - Col\u00b7legi de Farmac\u00e8utics de Barcelona<\/title>\n<meta name=\"robots\" content=\"index, follow, max-snippet:-1, max-image-preview:large, max-video-preview:-1\" \/>\n<link rel=\"canonical\" href=\"https:\/\/www.cofb.org\/ca\/que-oferim\/ciutadans\/consells-de-salut\/\" \/>\n<meta property=\"og:locale\" content=\"ca_ES\" \/>\n<meta property=\"og:type\" content=\"article\" \/>\n<meta property=\"og:title\" content=\"Consells de salut - Col\u00b7legi de Farmac\u00e8utics de Barcelona\" \/>\n<meta property=\"og:description\" content=\"Peri\u00f2dicament, la web del\u00a0Col\u00b7legi de Farmac\u00e8utics de Barcelona\u00a0(COFB)\u00a0i\u00a0el\u00a0Blog del COFB\u00a0publiquen\u00a0consells\u00a0sobre diverses\u00a0q\u00fcestions\u00a0de salut, extrets\u00a0de\u00a0Farmaceuticonline. Viu amb la salut Cabell sec: causes i tractaments El&nbsp;cabell sec&nbsp;es caracteritza perqu\u00e8&nbsp;ni el cuir cabellut ni el cabell&nbsp;estan&nbsp;correctament lubricats, ja que hi ha una disminuci\u00f3 dels l\u00edpids i de l\u2019aigua de la superf\u00edcie capil\u00b7lar. Aquesta situaci\u00f3 [&hellip;]\" \/>\n<meta property=\"og:url\" content=\"https:\/\/www.cofb.org\/ca\/que-oferim\/ciutadans\/consells-de-salut\/\" \/>\n<meta property=\"og:site_name\" content=\"Col\u00b7legi de Farmac\u00e8utics de Barcelona\" \/>\n<meta property=\"article:publisher\" content=\"https:\/\/www.facebook.com\/farmaceuticsbcn\/\" \/>\n<meta property=\"article:modified_time\" content=\"2024-08-22T12:35:59+00:00\" \/>\n<meta property=\"og:image\" content=\"https:\/\/www.cofb.org\/wp-content\/uploads\/2023\/05\/Interseccion-2-1.png\" \/>\n<meta name=\"twitter:card\" content=\"summary_large_image\" \/>\n<meta name=\"twitter:site\" content=\"@farmaceuticsbcn\" \/>\n<meta name=\"twitter:label1\" content=\"Temps estimat de lectura\" \/>\n\t<meta name=\"twitter:data1\" content=\"1 minut\" \/>\n<script type=\"application\/ld+json\" class=\"yoast-schema-graph\">{\"@context\":\"https:\/\/schema.org\",\"@graph\":[{\"@type\":\"WebPage\",\"@id\":\"https:\/\/www.cofb.org\/que-oferim\/ciutadans\/consells-de-salut\/\",\"url\":\"https:\/\/www.cofb.org\/que-oferim\/ciutadans\/consells-de-salut\/\",\"name\":\"Consells de salut - Col\u00b7legi de Farmac\u00e8utics de Barcelona\",\"isPartOf\":{\"@id\":\"https:\/\/www.cofb.org\/#website\"},\"primaryImageOfPage\":{\"@id\":\"https:\/\/www.cofb.org\/que-oferim\/ciutadans\/consells-de-salut\/#primaryimage\"},\"image\":{\"@id\":\"https:\/\/www.cofb.org\/que-oferim\/ciutadans\/consells-de-salut\/#primaryimage\"},\"thumbnailUrl\":\"https:\/\/www.cofb.org\/wp-content\/uploads\/2023\/05\/Interseccion-2-1.png\",\"datePublished\":\"2023-06-14T13:38:11+00:00\",\"dateModified\":\"2024-08-22T12:35:59+00:00\",\"breadcrumb\":{\"@id\":\"https:\/\/www.cofb.org\/que-oferim\/ciutadans\/consells-de-salut\/#breadcrumb\"},\"inLanguage\":\"ca\",\"potentialAction\":[{\"@type\":\"ReadAction\",\"target\":[\"https:\/\/www.cofb.org\/que-oferim\/ciutadans\/consells-de-salut\/\"]}]},{\"@type\":\"ImageObject\",\"inLanguage\":\"ca\",\"@id\":\"https:\/\/www.cofb.org\/que-oferim\/ciutadans\/consells-de-salut\/#primaryimage\",\"url\":\"https:\/\/www.cofb.org\/wp-content\/uploads\/2023\/05\/Interseccion-2-1.png\",\"contentUrl\":\"https:\/\/www.cofb.org\/wp-content\/uploads\/2023\/05\/Interseccion-2-1.png\"},{\"@type\":\"BreadcrumbList\",\"@id\":\"https:\/\/www.cofb.org\/que-oferim\/ciutadans\/consells-de-salut\/#breadcrumb\",\"itemListElement\":[{\"@type\":\"ListItem\",\"position\":1,\"name\":\"Inici\",\"item\":\"https:\/\/novaorg.cofb.net\/\"},{\"@type\":\"ListItem\",\"position\":2,\"name\":\"Qu\u00e8 oferim?\",\"item\":\"https:\/\/novaorg.cofb.net\/que-oferim\/\"},{\"@type\":\"ListItem\",\"position\":3,\"name\":\"Ciutadans\",\"item\":\"https:\/\/novaorg.cofb.net\/que-oferim\/ciutadans\/\"},{\"@type\":\"ListItem\",\"position\":4,\"name\":\"Consells de salut\"}]},{\"@type\":\"WebSite\",\"@id\":\"https:\/\/www.cofb.org\/#website\",\"url\":\"https:\/\/www.cofb.org\/\",\"name\":\"Col\u00b7legi de Farmac\u00e8utics de Barcelona\",\"description\":\"\",\"publisher\":{\"@id\":\"https:\/\/www.cofb.org\/#organization\"},\"potentialAction\":[{\"@type\":\"SearchAction\",\"target\":{\"@type\":\"EntryPoint\",\"urlTemplate\":\"https:\/\/www.cofb.org\/?s={search_term_string}\"},\"query-input\":\"required name=search_term_string\"}],\"inLanguage\":\"ca\"},{\"@type\":\"Organization\",\"@id\":\"https:\/\/www.cofb.org\/#organization\",\"name\":\"Col\u00b7legi de Farmac\u00e8utics de Barcelona\",\"url\":\"https:\/\/www.cofb.org\/\",\"logo\":{\"@type\":\"ImageObject\",\"inLanguage\":\"ca\",\"@id\":\"https:\/\/www.cofb.org\/#\/schema\/logo\/image\/\",\"url\":\"https:\/\/www.cofb.org\/wp-content\/uploads\/2023\/11\/cropped-Logotip-COFB.png\",\"contentUrl\":\"https:\/\/www.cofb.org\/wp-content\/uploads\/2023\/11\/cropped-Logotip-COFB.png\",\"width\":500,\"height\":105,\"caption\":\"Col\u00b7legi de Farmac\u00e8utics de Barcelona\"},\"image\":{\"@id\":\"https:\/\/www.cofb.org\/#\/schema\/logo\/image\/\"},\"sameAs\":[\"https:\/\/www.facebook.com\/farmaceuticsbcn\/\",\"https:\/\/twitter.com\/farmaceuticsbcn\",\"https:\/\/www.instagram.com\/farmaceuticsbcn\/\",\"https:\/\/www.linkedin.com\/company\/farmaceuticsbcn\/\"]}]}<\/script>\n<!-- \/ Yoast SEO plugin. -->","yoast_head_json":{"title":"Consells de salut - Col\u00b7legi de Farmac\u00e8utics de Barcelona","robots":{"index":"index","follow":"follow","max-snippet":"max-snippet:-1","max-image-preview":"max-image-preview:large","max-video-preview":"max-video-preview:-1"},"canonical":"https:\/\/www.cofb.org\/ca\/que-oferim\/ciutadans\/consells-de-salut\/","og_locale":"ca_ES","og_type":"article","og_title":"Consells de salut - Col\u00b7legi de Farmac\u00e8utics de Barcelona","og_description":"Peri\u00f2dicament, la web del\u00a0Col\u00b7legi de Farmac\u00e8utics de Barcelona\u00a0(COFB)\u00a0i\u00a0el\u00a0Blog del COFB\u00a0publiquen\u00a0consells\u00a0sobre diverses\u00a0q\u00fcestions\u00a0de salut, extrets\u00a0de\u00a0Farmaceuticonline. Viu amb la salut Cabell sec: causes i tractaments El&nbsp;cabell sec&nbsp;es caracteritza perqu\u00e8&nbsp;ni el cuir cabellut ni el cabell&nbsp;estan&nbsp;correctament lubricats, ja que hi ha una disminuci\u00f3 dels l\u00edpids i de l\u2019aigua de la superf\u00edcie capil\u00b7lar. Aquesta situaci\u00f3 [&hellip;]","og_url":"https:\/\/www.cofb.org\/ca\/que-oferim\/ciutadans\/consells-de-salut\/","og_site_name":"Col\u00b7legi de Farmac\u00e8utics de Barcelona","article_publisher":"https:\/\/www.facebook.com\/farmaceuticsbcn\/","article_modified_time":"2024-08-22T12:35:59+00:00","og_image":[{"url":"https:\/\/www.cofb.org\/wp-content\/uploads\/2023\/05\/Interseccion-2-1.png"}],"twitter_card":"summary_large_image","twitter_site":"@farmaceuticsbcn","twitter_misc":{"Temps estimat de lectura":"1 minut"},"schema":{"@context":"https:\/\/schema.org","@graph":[{"@type":"WebPage","@id":"https:\/\/www.cofb.org\/que-oferim\/ciutadans\/consells-de-salut\/","url":"https:\/\/www.cofb.org\/que-oferim\/ciutadans\/consells-de-salut\/","name":"Consells de salut - Col\u00b7legi de Farmac\u00e8utics de Barcelona","isPartOf":{"@id":"https:\/\/www.cofb.org\/#website"},"primaryImageOfPage":{"@id":"https:\/\/www.cofb.org\/que-oferim\/ciutadans\/consells-de-salut\/#primaryimage"},"image":{"@id":"https:\/\/www.cofb.org\/que-oferim\/ciutadans\/consells-de-salut\/#primaryimage"},"thumbnailUrl":"https:\/\/www.cofb.org\/wp-content\/uploads\/2023\/05\/Interseccion-2-1.png","datePublished":"2023-06-14T13:38:11+00:00","dateModified":"2024-08-22T12:35:59+00:00","breadcrumb":{"@id":"https:\/\/www.cofb.org\/que-oferim\/ciutadans\/consells-de-salut\/#breadcrumb"},"inLanguage":"ca","potentialAction":[{"@type":"ReadAction","target":["https:\/\/www.cofb.org\/que-oferim\/ciutadans\/consells-de-salut\/"]}]},{"@type":"ImageObject","inLanguage":"ca","@id":"https:\/\/www.cofb.org\/que-oferim\/ciutadans\/consells-de-salut\/#primaryimage","url":"https:\/\/www.cofb.org\/wp-content\/uploads\/2023\/05\/Interseccion-2-1.png","contentUrl":"https:\/\/www.cofb.org\/wp-content\/uploads\/2023\/05\/Interseccion-2-1.png"},{"@type":"BreadcrumbList","@id":"https:\/\/www.cofb.org\/que-oferim\/ciutadans\/consells-de-salut\/#breadcrumb","itemListElement":[{"@type":"ListItem","position":1,"name":"Inici","item":"https:\/\/novaorg.cofb.net\/"},{"@type":"ListItem","position":2,"name":"Qu\u00e8 oferim?","item":"https:\/\/novaorg.cofb.net\/que-oferim\/"},{"@type":"ListItem","position":3,"name":"Ciutadans","item":"https:\/\/novaorg.cofb.net\/que-oferim\/ciutadans\/"},{"@type":"ListItem","position":4,"name":"Consells de salut"}]},{"@type":"WebSite","@id":"https:\/\/www.cofb.org\/#website","url":"https:\/\/www.cofb.org\/","name":"Col\u00b7legi de Farmac\u00e8utics de Barcelona","description":"","publisher":{"@id":"https:\/\/www.cofb.org\/#organization"},"potentialAction":[{"@type":"SearchAction","target":{"@type":"EntryPoint","urlTemplate":"https:\/\/www.cofb.org\/?s={search_term_string}"},"query-input":"required name=search_term_string"}],"inLanguage":"ca"},{"@type":"Organization","@id":"https:\/\/www.cofb.org\/#organization","name":"Col\u00b7legi de Farmac\u00e8utics de Barcelona","url":"https:\/\/www.cofb.org\/","logo":{"@type":"ImageObject","inLanguage":"ca","@id":"https:\/\/www.cofb.org\/#\/schema\/logo\/image\/","url":"https:\/\/www.cofb.org\/wp-content\/uploads\/2023\/11\/cropped-Logotip-COFB.png","contentUrl":"https:\/\/www.cofb.org\/wp-content\/uploads\/2023\/11\/cropped-Logotip-COFB.png","width":500,"height":105,"caption":"Col\u00b7legi de Farmac\u00e8utics de Barcelona"},"image":{"@id":"https:\/\/www.cofb.org\/#\/schema\/logo\/image\/"},"sameAs":["https:\/\/www.facebook.com\/farmaceuticsbcn\/","https:\/\/twitter.com\/farmaceuticsbcn","https:\/\/www.instagram.com\/farmaceuticsbcn\/","https:\/\/www.linkedin.com\/company\/farmaceuticsbcn\/"]}]}},"uagb_featured_image_src":{"full":false,"thumbnail":false,"medium":false,"medium_large":false,"large":false,"1536x1536":false,"2048x2048":false,"trp-custom-language-flag":false},"uagb_author_info":{"display_name":"wpAdminCofbOrg","author_link":"https:\/\/www.cofb.org\/ca\/author\/wpadmincofborg\/"},"uagb_comment_info":0,"uagb_excerpt":"Peri\u00f2dicament, la web del\u00a0Col\u00b7legi de Farmac\u00e8utics de Barcelona\u00a0(COFB)\u00a0i\u00a0el\u00a0Blog del COFB\u00a0publiquen\u00a0consells\u00a0sobre diverses\u00a0q\u00fcestions\u00a0de salut, extrets\u00a0de\u00a0Farmaceuticonline. Viu amb la salut Cabell sec: causes i tractaments El&nbsp;cabell sec&nbsp;es caracteritza perqu\u00e8&nbsp;ni el cuir cabellut ni el cabell&nbsp;estan&nbsp;correctament lubricats, ja que hi ha una disminuci\u00f3 dels l\u00edpids i de l\u2019aigua de la superf\u00edcie capil\u00b7lar. Aquesta situaci\u00f3 [&hellip;]","_links":{"self":[{"href":"https:\/\/www.cofb.org\/ca\/wp-json\/wp\/v2\/pages\/2955","targetHints":{"allow":["GET"]}}],"collection":[{"href":"https:\/\/www.cofb.org\/ca\/wp-json\/wp\/v2\/pages"}],"about":[{"href":"https:\/\/www.cofb.org\/ca\/wp-json\/wp\/v2\/types\/page"}],"author":[{"embeddable":true,"href":"https:\/\/www.cofb.org\/ca\/wp-json\/wp\/v2\/users\/1"}],"replies":[{"embeddable":true,"href":"https:\/\/www.cofb.org\/ca\/wp-json\/wp\/v2\/comments?post=2955"}],"version-history":[{"count":6,"href":"https:\/\/www.cofb.org\/ca\/wp-json\/wp\/v2\/pages\/2955\/revisions"}],"predecessor-version":[{"id":79386,"href":"https:\/\/www.cofb.org\/ca\/wp-json\/wp\/v2\/pages\/2955\/revisions\/79386"}],"up":[{"embeddable":true,"href":"https:\/\/www.cofb.org\/ca\/wp-json\/wp\/v2\/pages\/2945"}],"wp:attachment":[{"href":"https:\/\/www.cofb.org\/ca\/wp-json\/wp\/v2\/media?parent=2955"}],"curies":[{"name":"wp","href":"https:\/\/api.w.org\/{rel}","templated":true}]}}