{"id":2953,"date":"2023-06-14T13:37:49","date_gmt":"2023-06-14T13:37:49","guid":{"rendered":"https:\/\/novaorg.cofb.net\/?page_id=2953"},"modified":"2023-07-26T10:13:50","modified_gmt":"2023-07-26T10:13:50","slug":"serveis-per-escoles","status":"publish","type":"page","link":"https:\/\/www.cofb.org\/ca\/que-oferim\/ciutadans\/serveis-per-escoles\/","title":{"rendered":"Serveis per escoles"},"content":{"rendered":"\n<p id=\"yui_patched_v3_11_0_1_1689764892608_284\">Educar els nens en h\u00e0bits de vida saludables \u00e9s un dels objectius del Col\u00b7legi. Per aconseguir-ho, treballa principalment en dues l\u00ednies.<\/p>\n\n\n\n<h2 class=\"wp-block-heading\">Espai web al farmaceuticonline<\/h2>\n\n\n\n<p><\/p>\n\n\n\n<h3 class=\"wp-block-heading\">En qu\u00e8 consisteix?<\/h3>\n\n\n\n<p id=\"yui_patched_v3_11_0_1_1689764892608_294\">En aquest espai els nens i els mestres tenen acc\u00e9s a tota mena de materials did\u00e0ctics per treballar temes de salut en combinaci\u00f3 amb l&#8217;\u00fas de les Tecnologies de la Informaci\u00f3 i la Comunicaci\u00f3 (TIC), des de jocs fins a fitxes. El web recull temes com la&nbsp;<strong>protecci\u00f3 solar<\/strong>, la&nbsp;<strong>import\u00e0ncia de rentar-se les mans, per qu\u00e8 tenim tos, l&#8217;otitis, els polls, la higiene bucal i la c\u00e0ries<\/strong>, etc.<\/p>\n\n\n\n<p id=\"yui_patched_v3_11_0_1_1689764892608_298\">Els materials s\u2019adapten a tres franges d\u2019edat,&nbsp;<strong>d&#8217;entre 6 i 8 anys, de 8 a 12, i de 12 a 16<\/strong>. A m\u00e9s, tots els materials es poden trobar en angl\u00e8s.<\/p>\n\n\n\n<h3 class=\"wp-block-heading\">El xarop dels idiomes<\/h3>\n\n\n\n<p id=\"yui_patched_v3_11_0_1_1689764892608_303\">Per tal que els nens adquireixin vocabulari de salut en diversos idiomes, l&#8217;any 2006 es va crear&nbsp;<strong><em>El xarop dels idiomes<\/em><\/strong>, una iniciativa inclosa en el llistat de la UNESCO&nbsp;<strong>\u201cd&#8217;iniciatives educacionals de promoci\u00f3 de la integraci\u00f3 i de l&#8217;educaci\u00f3 de qualitat mitjan\u00e7ant el suport a l&#8217;educaci\u00f3 biling\u00fce i pluriling\u00fce, especialment la utilitzaci\u00f3 de lleng\u00fces maternes, en tots els nivells d&#8217;educaci\u00f3 i en els contextos formals i no formals, prestant especial atenci\u00f3 a la formaci\u00f3 dels docents, alfabetitzaci\u00f3 i l&#8217;educaci\u00f3 per a la salut\u201d.<\/strong><\/p>\n\n\n\n<p id=\"yui_patched_v3_11_0_1_1689764892608_305\">Els materials inclosos en&nbsp;<em>El xarop dels idiomes<\/em>&nbsp;s\u00f3n d&#8217;<strong>especial utilitat<\/strong>&nbsp;per als mestres amb alumnes que encara<strong>&nbsp;no dominen la llengua del pa\u00eds d&#8217;acollida<\/strong>&nbsp;i, per tant, poden tenir&nbsp;<strong>car\u00e8ncies de vocabulari en l&#8217;\u00e0mbit de la salut<\/strong>, per exemple, per explicar qu\u00e8 els hi fa mal quan es troben malament. L&#8217;objectiu \u00e9s facilitar-los eines per comunicar-se i aprendre la nova llengua sense perdre el vincle de connexi\u00f3 amb la llengua materna.<\/p>\n\n\n\n<p id=\"yui_patched_v3_11_0_1_1689764892608_321\">Al web de salut&nbsp;del Col\u00b7legi&nbsp;<a rel=\"noreferrer noopener\" href=\"https:\/\/www.farmaceuticonline.com\/\" target=\"_blank\">Farmaceuticonline<\/a>&nbsp;trobar\u00e0s informaci\u00f3 \u00fatil i entenedora sobre diverses q\u00fcestions de salut, des de&nbsp;<strong>com preparar un viatge, qu\u00e8 fer en cas de picada de medusa, deshidrataci\u00f3, cremada, ferida, diarrea&#8230;, a qu\u00e8 hem de tenir en compte amb els f\u00e0rmacs quan fa calor o com evitar interaccions entre medicaments i aliments<\/strong>, entre d\u2019altres.<a href=\"javascript: window.print()\"><\/a><\/p>\n","protected":false},"excerpt":{"rendered":"<p>Educar els nens en h\u00e0bits de vida saludables \u00e9s un dels objectius del Col\u00b7legi. Per aconseguir-ho, treballa principalment en dues l\u00ednies. Espai web al farmaceuticonline En qu\u00e8 consisteix? En aquest espai els nens i els mestres tenen acc\u00e9s a tota mena de materials did\u00e0ctics per treballar temes de salut en [&hellip;]<\/p>\n","protected":false},"author":1,"featured_media":0,"parent":2945,"menu_order":0,"comment_status":"closed","ping_status":"closed","template":"","meta":{"_uag_custom_page_level_css":"","site-sidebar-layout":"default","site-content-layout":"","ast-site-content-layout":"default","site-content-style":"default","site-sidebar-style":"default","ast-global-header-display":"","ast-banner-title-visibility":"","ast-main-header-display":"","ast-hfb-above-header-display":"","ast-hfb-below-header-display":"","ast-hfb-mobile-header-display":"","site-post-title":"","ast-breadcrumbs-content":"","ast-featured-img":"","footer-sml-layout":"","theme-transparent-header-meta":"","adv-header-id-meta":"","stick-header-meta":"","header-above-stick-meta":"","header-main-stick-meta":"","header-below-stick-meta":"","astra-migrate-meta-layouts":"default","ast-page-background-enabled":"default","ast-page-background-meta":{"desktop":{"background-color":"var(--ast-global-color-4)","background-image":"","background-repeat":"repeat","background-position":"center center","background-size":"auto","background-attachment":"scroll","background-type":"","background-media":"","overlay-type":"","overlay-color":"","overlay-opacity":"","overlay-gradient":""},"tablet":{"background-color":"","background-image":"","background-repeat":"repeat","background-position":"center center","background-size":"auto","background-attachment":"scroll","background-type":"","background-media":"","overlay-type":"","overlay-color":"","overlay-opacity":"","overlay-gradient":""},"mobile":{"background-color":"","background-image":"","background-repeat":"repeat","background-position":"center center","background-size":"auto","background-attachment":"scroll","background-type":"","background-media":"","overlay-type":"","overlay-color":"","overlay-opacity":"","overlay-gradient":""}},"ast-content-background-meta":{"desktop":{"background-color":"var(--ast-global-color-5)","background-image":"","background-repeat":"repeat","background-position":"center center","background-size":"auto","background-attachment":"scroll","background-type":"","background-media":"","overlay-type":"","overlay-color":"","overlay-opacity":"","overlay-gradient":""},"tablet":{"background-color":"var(--ast-global-color-5)","background-image":"","background-repeat":"repeat","background-position":"center center","background-size":"auto","background-attachment":"scroll","background-type":"","background-media":"","overlay-type":"","overlay-color":"","overlay-opacity":"","overlay-gradient":""},"mobile":{"background-color":"var(--ast-global-color-5)","background-image":"","background-repeat":"repeat","background-position":"center center","background-size":"auto","background-attachment":"scroll","background-type":"","background-media":"","overlay-type":"","overlay-color":"","overlay-opacity":"","overlay-gradient":""}},"footnotes":""},"class_list":["post-2953","page","type-page","status-publish","hentry"],"yoast_head":"<!-- This site is optimized with the Yoast SEO plugin v22.4 - https:\/\/yoast.com\/wordpress\/plugins\/seo\/ -->\n<title>Serveis per escoles - Col\u00b7legi de Farmac\u00e8utics de Barcelona<\/title>\n<meta name=\"robots\" content=\"index, follow, max-snippet:-1, max-image-preview:large, max-video-preview:-1\" \/>\n<link rel=\"canonical\" href=\"https:\/\/novaorg.cofb.net\/que-oferim\/ciutadans\/serveis-per-escoles\/\" \/>\n<meta property=\"og:locale\" content=\"ca_ES\" \/>\n<meta property=\"og:type\" content=\"article\" \/>\n<meta property=\"og:title\" content=\"Serveis per escoles - Col\u00b7legi de Farmac\u00e8utics de Barcelona\" \/>\n<meta property=\"og:description\" content=\"Educar els nens en h\u00e0bits de vida saludables \u00e9s un dels objectius del Col\u00b7legi. Per aconseguir-ho, treballa principalment en dues l\u00ednies. Espai web al farmaceuticonline En qu\u00e8 consisteix? En aquest espai els nens i els mestres tenen acc\u00e9s a tota mena de materials did\u00e0ctics per treballar temes de salut en [&hellip;]\" \/>\n<meta property=\"og:url\" content=\"https:\/\/novaorg.cofb.net\/que-oferim\/ciutadans\/serveis-per-escoles\/\" \/>\n<meta property=\"og:site_name\" content=\"Col\u00b7legi de Farmac\u00e8utics de Barcelona\" \/>\n<meta property=\"article:publisher\" content=\"https:\/\/www.facebook.com\/farmaceuticsbcn\/\" \/>\n<meta property=\"article:modified_time\" content=\"2023-07-26T10:13:50+00:00\" \/>\n<meta name=\"twitter:card\" content=\"summary_large_image\" \/>\n<meta name=\"twitter:site\" content=\"@farmaceuticsbcn\" \/>\n<meta name=\"twitter:label1\" content=\"Temps estimat de lectura\" \/>\n\t<meta name=\"twitter:data1\" content=\"2 minuts\" \/>\n<script type=\"application\/ld+json\" class=\"yoast-schema-graph\">{\"@context\":\"https:\/\/schema.org\",\"@graph\":[{\"@type\":\"WebPage\",\"@id\":\"https:\/\/novaorg.cofb.net\/que-oferim\/ciutadans\/serveis-per-escoles\/\",\"url\":\"https:\/\/novaorg.cofb.net\/que-oferim\/ciutadans\/serveis-per-escoles\/\",\"name\":\"Serveis per escoles - Col\u00b7legi de Farmac\u00e8utics de Barcelona\",\"isPartOf\":{\"@id\":\"https:\/\/www.cofb.org\/#website\"},\"datePublished\":\"2023-06-14T13:37:49+00:00\",\"dateModified\":\"2023-07-26T10:13:50+00:00\",\"breadcrumb\":{\"@id\":\"https:\/\/novaorg.cofb.net\/que-oferim\/ciutadans\/serveis-per-escoles\/#breadcrumb\"},\"inLanguage\":\"ca\",\"potentialAction\":[{\"@type\":\"ReadAction\",\"target\":[\"https:\/\/novaorg.cofb.net\/que-oferim\/ciutadans\/serveis-per-escoles\/\"]}]},{\"@type\":\"BreadcrumbList\",\"@id\":\"https:\/\/novaorg.cofb.net\/que-oferim\/ciutadans\/serveis-per-escoles\/#breadcrumb\",\"itemListElement\":[{\"@type\":\"ListItem\",\"position\":1,\"name\":\"Inici\",\"item\":\"https:\/\/novaorg.cofb.net\/\"},{\"@type\":\"ListItem\",\"position\":2,\"name\":\"Qu\u00e8 oferim?\",\"item\":\"https:\/\/novaorg.cofb.net\/que-oferim\/\"},{\"@type\":\"ListItem\",\"position\":3,\"name\":\"Ciutadans\",\"item\":\"https:\/\/novaorg.cofb.net\/que-oferim\/ciutadans\/\"},{\"@type\":\"ListItem\",\"position\":4,\"name\":\"Serveis per escoles\"}]},{\"@type\":\"WebSite\",\"@id\":\"https:\/\/www.cofb.org\/#website\",\"url\":\"https:\/\/www.cofb.org\/\",\"name\":\"Col\u00b7legi de Farmac\u00e8utics de Barcelona\",\"description\":\"\",\"publisher\":{\"@id\":\"https:\/\/www.cofb.org\/#organization\"},\"potentialAction\":[{\"@type\":\"SearchAction\",\"target\":{\"@type\":\"EntryPoint\",\"urlTemplate\":\"https:\/\/www.cofb.org\/?s={search_term_string}\"},\"query-input\":\"required name=search_term_string\"}],\"inLanguage\":\"ca\"},{\"@type\":\"Organization\",\"@id\":\"https:\/\/www.cofb.org\/#organization\",\"name\":\"Col\u00b7legi de Farmac\u00e8utics de Barcelona\",\"url\":\"https:\/\/www.cofb.org\/\",\"logo\":{\"@type\":\"ImageObject\",\"inLanguage\":\"ca\",\"@id\":\"https:\/\/www.cofb.org\/#\/schema\/logo\/image\/\",\"url\":\"https:\/\/www.cofb.org\/wp-content\/uploads\/2023\/11\/cropped-Logotip-COFB.png\",\"contentUrl\":\"https:\/\/www.cofb.org\/wp-content\/uploads\/2023\/11\/cropped-Logotip-COFB.png\",\"width\":500,\"height\":105,\"caption\":\"Col\u00b7legi de Farmac\u00e8utics de Barcelona\"},\"image\":{\"@id\":\"https:\/\/www.cofb.org\/#\/schema\/logo\/image\/\"},\"sameAs\":[\"https:\/\/www.facebook.com\/farmaceuticsbcn\/\",\"https:\/\/twitter.com\/farmaceuticsbcn\",\"https:\/\/www.instagram.com\/farmaceuticsbcn\/\",\"https:\/\/www.linkedin.com\/company\/farmaceuticsbcn\/\"]}]}<\/script>\n<!-- \/ Yoast SEO plugin. -->","yoast_head_json":{"title":"Serveis per escoles - Col\u00b7legi de Farmac\u00e8utics de Barcelona","robots":{"index":"index","follow":"follow","max-snippet":"max-snippet:-1","max-image-preview":"max-image-preview:large","max-video-preview":"max-video-preview:-1"},"canonical":"https:\/\/novaorg.cofb.net\/que-oferim\/ciutadans\/serveis-per-escoles\/","og_locale":"ca_ES","og_type":"article","og_title":"Serveis per escoles - Col\u00b7legi de Farmac\u00e8utics de Barcelona","og_description":"Educar els nens en h\u00e0bits de vida saludables \u00e9s un dels objectius del Col\u00b7legi. Per aconseguir-ho, treballa principalment en dues l\u00ednies. Espai web al farmaceuticonline En qu\u00e8 consisteix? En aquest espai els nens i els mestres tenen acc\u00e9s a tota mena de materials did\u00e0ctics per treballar temes de salut en [&hellip;]","og_url":"https:\/\/novaorg.cofb.net\/que-oferim\/ciutadans\/serveis-per-escoles\/","og_site_name":"Col\u00b7legi de Farmac\u00e8utics de Barcelona","article_publisher":"https:\/\/www.facebook.com\/farmaceuticsbcn\/","article_modified_time":"2023-07-26T10:13:50+00:00","twitter_card":"summary_large_image","twitter_site":"@farmaceuticsbcn","twitter_misc":{"Temps estimat de lectura":"2 minuts"},"schema":{"@context":"https:\/\/schema.org","@graph":[{"@type":"WebPage","@id":"https:\/\/novaorg.cofb.net\/que-oferim\/ciutadans\/serveis-per-escoles\/","url":"https:\/\/novaorg.cofb.net\/que-oferim\/ciutadans\/serveis-per-escoles\/","name":"Serveis per escoles - Col\u00b7legi de Farmac\u00e8utics de Barcelona","isPartOf":{"@id":"https:\/\/www.cofb.org\/#website"},"datePublished":"2023-06-14T13:37:49+00:00","dateModified":"2023-07-26T10:13:50+00:00","breadcrumb":{"@id":"https:\/\/novaorg.cofb.net\/que-oferim\/ciutadans\/serveis-per-escoles\/#breadcrumb"},"inLanguage":"ca","potentialAction":[{"@type":"ReadAction","target":["https:\/\/novaorg.cofb.net\/que-oferim\/ciutadans\/serveis-per-escoles\/"]}]},{"@type":"BreadcrumbList","@id":"https:\/\/novaorg.cofb.net\/que-oferim\/ciutadans\/serveis-per-escoles\/#breadcrumb","itemListElement":[{"@type":"ListItem","position":1,"name":"Inici","item":"https:\/\/novaorg.cofb.net\/"},{"@type":"ListItem","position":2,"name":"Qu\u00e8 oferim?","item":"https:\/\/novaorg.cofb.net\/que-oferim\/"},{"@type":"ListItem","position":3,"name":"Ciutadans","item":"https:\/\/novaorg.cofb.net\/que-oferim\/ciutadans\/"},{"@type":"ListItem","position":4,"name":"Serveis per escoles"}]},{"@type":"WebSite","@id":"https:\/\/www.cofb.org\/#website","url":"https:\/\/www.cofb.org\/","name":"Col\u00b7legi de Farmac\u00e8utics de Barcelona","description":"","publisher":{"@id":"https:\/\/www.cofb.org\/#organization"},"potentialAction":[{"@type":"SearchAction","target":{"@type":"EntryPoint","urlTemplate":"https:\/\/www.cofb.org\/?s={search_term_string}"},"query-input":"required name=search_term_string"}],"inLanguage":"ca"},{"@type":"Organization","@id":"https:\/\/www.cofb.org\/#organization","name":"Col\u00b7legi de Farmac\u00e8utics de Barcelona","url":"https:\/\/www.cofb.org\/","logo":{"@type":"ImageObject","inLanguage":"ca","@id":"https:\/\/www.cofb.org\/#\/schema\/logo\/image\/","url":"https:\/\/www.cofb.org\/wp-content\/uploads\/2023\/11\/cropped-Logotip-COFB.png","contentUrl":"https:\/\/www.cofb.org\/wp-content\/uploads\/2023\/11\/cropped-Logotip-COFB.png","width":500,"height":105,"caption":"Col\u00b7legi de Farmac\u00e8utics de Barcelona"},"image":{"@id":"https:\/\/www.cofb.org\/#\/schema\/logo\/image\/"},"sameAs":["https:\/\/www.facebook.com\/farmaceuticsbcn\/","https:\/\/twitter.com\/farmaceuticsbcn","https:\/\/www.instagram.com\/farmaceuticsbcn\/","https:\/\/www.linkedin.com\/company\/farmaceuticsbcn\/"]}]}},"uagb_featured_image_src":{"full":false,"thumbnail":false,"medium":false,"medium_large":false,"large":false,"1536x1536":false,"2048x2048":false,"trp-custom-language-flag":false},"uagb_author_info":{"display_name":"wpAdminCofbOrg","author_link":"https:\/\/www.cofb.org\/ca\/author\/wpadmincofborg\/"},"uagb_comment_info":0,"uagb_excerpt":"Educar els nens en h\u00e0bits de vida saludables \u00e9s un dels objectius del Col\u00b7legi. Per aconseguir-ho, treballa principalment en dues l\u00ednies. Espai web al farmaceuticonline En qu\u00e8 consisteix? En aquest espai els nens i els mestres tenen acc\u00e9s a tota mena de materials did\u00e0ctics per treballar temes de salut en [&hellip;]","_links":{"self":[{"href":"https:\/\/www.cofb.org\/ca\/wp-json\/wp\/v2\/pages\/2953","targetHints":{"allow":["GET"]}}],"collection":[{"href":"https:\/\/www.cofb.org\/ca\/wp-json\/wp\/v2\/pages"}],"about":[{"href":"https:\/\/www.cofb.org\/ca\/wp-json\/wp\/v2\/types\/page"}],"author":[{"embeddable":true,"href":"https:\/\/www.cofb.org\/ca\/wp-json\/wp\/v2\/users\/1"}],"replies":[{"embeddable":true,"href":"https:\/\/www.cofb.org\/ca\/wp-json\/wp\/v2\/comments?post=2953"}],"version-history":[{"count":3,"href":"https:\/\/www.cofb.org\/ca\/wp-json\/wp\/v2\/pages\/2953\/revisions"}],"predecessor-version":[{"id":67541,"href":"https:\/\/www.cofb.org\/ca\/wp-json\/wp\/v2\/pages\/2953\/revisions\/67541"}],"up":[{"embeddable":true,"href":"https:\/\/www.cofb.org\/ca\/wp-json\/wp\/v2\/pages\/2945"}],"wp:attachment":[{"href":"https:\/\/www.cofb.org\/ca\/wp-json\/wp\/v2\/media?parent=2953"}],"curies":[{"name":"wp","href":"https:\/\/api.w.org\/{rel}","templated":true}]}}