{"id":2881,"date":"2023-06-14T10:09:31","date_gmt":"2023-06-14T10:09:31","guid":{"rendered":"https:\/\/novaorg.cofb.net\/?page_id=2881"},"modified":"2023-07-19T10:51:23","modified_gmt":"2023-07-19T10:51:23","slug":"noves-farmacies","status":"publish","type":"page","link":"https:\/\/www.cofb.org\/ca\/que-oferim\/farmaceutics\/serveis-als-collegiats\/noves-farmacies\/","title":{"rendered":"Noves farm\u00e0cies"},"content":{"rendered":"\n<div class=\"wp-block-uagb-image uagb-block-417e8b29 wp-block-uagb-image--layout-default wp-block-uagb-image--effect-static wp-block-uagb-image--align-none\"><figure class=\"wp-block-uagb-image__figure\"><img decoding=\"async\" srcset=\"https:\/\/www.cofb.org\/wp-content\/uploads\/2023\/07\/ServeisNoves-farmacies.jpg \" sizes=\"auto, (max-width: 480px) 150px\" src=\"https:\/\/www.cofb.org\/wp-content\/uploads\/2023\/07\/ServeisNoves-farmacies.jpg\" alt=\"\" class=\"uag-image-67307\" width=\"864\" height=\"350\" title=\"\" loading=\"lazy\"\/><\/figure><\/div>\n\n\n\n<p id=\"yui_patched_v3_11_0_1_1689763770040_288\">Les oficines de farm\u00e0cia s\u00f3n establiments sanitaris subjectes a regulaci\u00f3 per raons de garantia sanit\u00e0ria. El marc de la regulaci\u00f3 actualment vigent est\u00e0 en l\u2019article 103 de la Llei general de sanitat 14\/1986 de 25 d\u2019abril, que introdueix els principis de planificaci\u00f3 i ordenaci\u00f3, i continua amb la figura de l\u2019autoritzaci\u00f3 administrativa com a requisit previ per les noves instal\u00b7lacions, el tancament, el trasllat i modificaci\u00f3 de local, i la seva transmissi\u00f3.<\/p>\n\n\n\n<p id=\"yui_patched_v3_11_0_1_1689763770040_302\">A partir de la Llei general de sanitat i en assumpci\u00f3 de compet\u00e8ncies els parlaments de les comunitats aut\u00f2nomes van anar aprovant les Lleis d\u2019ordenaci\u00f3 farmac\u00e8utica, establint criteris de planificaci\u00f3 d\u2019acord amb les caracter\u00edstiques de cada territori, la proporci\u00f3 d\u2019habitants per oficina de farm\u00e0cia i les dist\u00e0ncies entre aquestes, i entre aquestes i els centres d\u2019atenci\u00f3 prim\u00e0ria m\u00e9s propers.<\/p>\n\n\n\n<p id=\"yui_patched_v3_11_0_1_1689763770040_304\">La Llei 31\/1991 de 13 de desembre \u00e9s la Llei d\u2019ordenaci\u00f3 farmac\u00e8utica actualment en vigor a Catalunya, que estableix que l\u2019\u00e0mbit territorial a tenir en compte respecte a l\u2019ordenaci\u00f3 i planificaci\u00f3 de les oficines de farm\u00e0cia \u00e9s l\u2019\u00e0rea b\u00e0sica de salut.<\/p>\n\n\n\n<p id=\"yui_patched_v3_11_0_1_1689763770040_306\">Per delegaci\u00f3 del\/a Conseller\/a de Salut, els col\u00b7legis de farmac\u00e8utics de Catalunya exerceixen la compet\u00e8ncia de tramitaci\u00f3 i resoluci\u00f3 de les peticions sobre noves instal\u00b7lacions, trasllat, modificacions de local i transmissi\u00f3 de les oficines de farm\u00e0cia, aix\u00ed com els nomenaments de regents, adjunts i\/o substituts, els tancaments temporals i definitius, d&#8217;acord amb el que disposa el Decret 12\/1992 de 20 de gener i Ordre de 23 de gener de 1992.<\/p>\n\n\n\n<p id=\"yui_patched_v3_11_0_1_1689763770040_308\">El procediment per a la tramitaci\u00f3 d\u2019aquestes sol\u00b7licituds est\u00e0 regulat en el Decret 40\/1992 de 17 de febrer.<\/p>\n\n\n\n<h2 class=\"wp-block-heading\">Com realitzar el tr\u00e0mit?<\/h2>\n\n\n\n<p id=\"yui_patched_v3_11_0_1_1689763770040_310\">A trav\u00e9s del\u00a0<a rel=\"noreferrer noopener\" href=\"https:\/\/tramits.cofb.net\/Ciutadania\/DetallTramit.aspx?IdPerfil=2&amp;IdTramit=6&amp;IdPerfil=2\" target=\"_blank\">portal de tr\u00e0mits del COFB<\/a>.\u00a0<a href=\"mailto:ajuridica@cofb.cat\"><\/a><\/p>\n","protected":false},"excerpt":{"rendered":"<p>Les oficines de farm\u00e0cia s\u00f3n establiments sanitaris subjectes a regulaci\u00f3 per raons de garantia sanit\u00e0ria. El marc de la regulaci\u00f3 actualment vigent est\u00e0 en l\u2019article 103 de la Llei general de sanitat 14\/1986 de 25 d\u2019abril, que introdueix els principis de planificaci\u00f3 i ordenaci\u00f3, i continua amb la figura de [&hellip;]<\/p>\n","protected":false},"author":1,"featured_media":0,"parent":2750,"menu_order":8,"comment_status":"closed","ping_status":"closed","template":"","meta":{"_uag_custom_page_level_css":"","site-sidebar-layout":"default","site-content-layout":"","ast-site-content-layout":"default","site-content-style":"default","site-sidebar-style":"default","ast-global-header-display":"","ast-banner-title-visibility":"","ast-main-header-display":"","ast-hfb-above-header-display":"","ast-hfb-below-header-display":"","ast-hfb-mobile-header-display":"","site-post-title":"","ast-breadcrumbs-content":"","ast-featured-img":"","footer-sml-layout":"","theme-transparent-header-meta":"","adv-header-id-meta":"","stick-header-meta":"","header-above-stick-meta":"","header-main-stick-meta":"","header-below-stick-meta":"","astra-migrate-meta-layouts":"default","ast-page-background-enabled":"default","ast-page-background-meta":{"desktop":{"background-color":"var(--ast-global-color-4)","background-image":"","background-repeat":"repeat","background-position":"center center","background-size":"auto","background-attachment":"scroll","background-type":"","background-media":"","overlay-type":"","overlay-color":"","overlay-opacity":"","overlay-gradient":""},"tablet":{"background-color":"","background-image":"","background-repeat":"repeat","background-position":"center center","background-size":"auto","background-attachment":"scroll","background-type":"","background-media":"","overlay-type":"","overlay-color":"","overlay-opacity":"","overlay-gradient":""},"mobile":{"background-color":"","background-image":"","background-repeat":"repeat","background-position":"center center","background-size":"auto","background-attachment":"scroll","background-type":"","background-media":"","overlay-type":"","overlay-color":"","overlay-opacity":"","overlay-gradient":""}},"ast-content-background-meta":{"desktop":{"background-color":"var(--ast-global-color-5)","background-image":"","background-repeat":"repeat","background-position":"center center","background-size":"auto","background-attachment":"scroll","background-type":"","background-media":"","overlay-type":"","overlay-color":"","overlay-opacity":"","overlay-gradient":""},"tablet":{"background-color":"var(--ast-global-color-5)","background-image":"","background-repeat":"repeat","background-position":"center center","background-size":"auto","background-attachment":"scroll","background-type":"","background-media":"","overlay-type":"","overlay-color":"","overlay-opacity":"","overlay-gradient":""},"mobile":{"background-color":"var(--ast-global-color-5)","background-image":"","background-repeat":"repeat","background-position":"center center","background-size":"auto","background-attachment":"scroll","background-type":"","background-media":"","overlay-type":"","overlay-color":"","overlay-opacity":"","overlay-gradient":""}},"footnotes":""},"class_list":["post-2881","page","type-page","status-publish","hentry"],"yoast_head":"<!-- This site is optimized with the Yoast SEO plugin v22.4 - https:\/\/yoast.com\/wordpress\/plugins\/seo\/ -->\n<title>Noves farm\u00e0cies - Col\u00b7legi de Farmac\u00e8utics de Barcelona<\/title>\n<meta name=\"robots\" content=\"index, follow, max-snippet:-1, max-image-preview:large, max-video-preview:-1\" \/>\n<link rel=\"canonical\" href=\"https:\/\/www.cofb.org\/ca\/que-oferim\/farmaceutics\/serveis-als-collegiats\/noves-farmacies\/\" \/>\n<meta property=\"og:locale\" content=\"ca_ES\" \/>\n<meta property=\"og:type\" content=\"article\" \/>\n<meta property=\"og:title\" content=\"Noves farm\u00e0cies - Col\u00b7legi de Farmac\u00e8utics de Barcelona\" \/>\n<meta property=\"og:description\" content=\"Les oficines de farm\u00e0cia s\u00f3n establiments sanitaris subjectes a regulaci\u00f3 per raons de garantia sanit\u00e0ria. El marc de la regulaci\u00f3 actualment vigent est\u00e0 en l\u2019article 103 de la Llei general de sanitat 14\/1986 de 25 d\u2019abril, que introdueix els principis de planificaci\u00f3 i ordenaci\u00f3, i continua amb la figura de [&hellip;]\" \/>\n<meta property=\"og:url\" content=\"https:\/\/www.cofb.org\/ca\/que-oferim\/farmaceutics\/serveis-als-collegiats\/noves-farmacies\/\" \/>\n<meta property=\"og:site_name\" content=\"Col\u00b7legi de Farmac\u00e8utics de Barcelona\" \/>\n<meta property=\"article:publisher\" content=\"https:\/\/www.facebook.com\/farmaceuticsbcn\/\" \/>\n<meta property=\"article:modified_time\" content=\"2023-07-19T10:51:23+00:00\" \/>\n<meta property=\"og:image\" content=\"https:\/\/novaorg.cofb.net\/wp-content\/uploads\/2023\/07\/ServeisNoves-farmacies.jpg\" \/>\n<meta name=\"twitter:card\" content=\"summary_large_image\" \/>\n<meta name=\"twitter:site\" content=\"@farmaceuticsbcn\" \/>\n<meta name=\"twitter:label1\" content=\"Temps estimat de lectura\" \/>\n\t<meta name=\"twitter:data1\" content=\"2 minuts\" \/>\n<script type=\"application\/ld+json\" class=\"yoast-schema-graph\">{\"@context\":\"https:\/\/schema.org\",\"@graph\":[{\"@type\":\"WebPage\",\"@id\":\"https:\/\/www.cofb.org\/que-oferim\/farmaceutics\/serveis-als-collegiats\/noves-farmacies\/\",\"url\":\"https:\/\/www.cofb.org\/que-oferim\/farmaceutics\/serveis-als-collegiats\/noves-farmacies\/\",\"name\":\"Noves farm\u00e0cies - Col\u00b7legi de Farmac\u00e8utics de Barcelona\",\"isPartOf\":{\"@id\":\"https:\/\/www.cofb.org\/#website\"},\"primaryImageOfPage\":{\"@id\":\"https:\/\/www.cofb.org\/que-oferim\/farmaceutics\/serveis-als-collegiats\/noves-farmacies\/#primaryimage\"},\"image\":{\"@id\":\"https:\/\/www.cofb.org\/que-oferim\/farmaceutics\/serveis-als-collegiats\/noves-farmacies\/#primaryimage\"},\"thumbnailUrl\":\"https:\/\/www.cofb.org\/wp-content\/uploads\/2023\/07\/ServeisNoves-farmacies.jpg\",\"datePublished\":\"2023-06-14T10:09:31+00:00\",\"dateModified\":\"2023-07-19T10:51:23+00:00\",\"breadcrumb\":{\"@id\":\"https:\/\/www.cofb.org\/que-oferim\/farmaceutics\/serveis-als-collegiats\/noves-farmacies\/#breadcrumb\"},\"inLanguage\":\"ca\",\"potentialAction\":[{\"@type\":\"ReadAction\",\"target\":[\"https:\/\/www.cofb.org\/que-oferim\/farmaceutics\/serveis-als-collegiats\/noves-farmacies\/\"]}]},{\"@type\":\"ImageObject\",\"inLanguage\":\"ca\",\"@id\":\"https:\/\/www.cofb.org\/que-oferim\/farmaceutics\/serveis-als-collegiats\/noves-farmacies\/#primaryimage\",\"url\":\"https:\/\/www.cofb.org\/wp-content\/uploads\/2023\/07\/ServeisNoves-farmacies.jpg\",\"contentUrl\":\"https:\/\/www.cofb.org\/wp-content\/uploads\/2023\/07\/ServeisNoves-farmacies.jpg\"},{\"@type\":\"BreadcrumbList\",\"@id\":\"https:\/\/www.cofb.org\/que-oferim\/farmaceutics\/serveis-als-collegiats\/noves-farmacies\/#breadcrumb\",\"itemListElement\":[{\"@type\":\"ListItem\",\"position\":1,\"name\":\"Inici\",\"item\":\"https:\/\/novaorg.cofb.net\/\"},{\"@type\":\"ListItem\",\"position\":2,\"name\":\"Qu\u00e8 oferim?\",\"item\":\"https:\/\/novaorg.cofb.net\/que-oferim\/\"},{\"@type\":\"ListItem\",\"position\":3,\"name\":\"Farmac\u00e8utics\",\"item\":\"https:\/\/novaorg.cofb.net\/que-oferim\/farmaceutics\/\"},{\"@type\":\"ListItem\",\"position\":4,\"name\":\"Serveis als col\u00b7legiats\",\"item\":\"https:\/\/www.cofb.org\/que-oferim\/farmaceutics\/serveis-als-collegiats\/\"},{\"@type\":\"ListItem\",\"position\":5,\"name\":\"Noves farm\u00e0cies\"}]},{\"@type\":\"WebSite\",\"@id\":\"https:\/\/www.cofb.org\/#website\",\"url\":\"https:\/\/www.cofb.org\/\",\"name\":\"Col\u00b7legi de Farmac\u00e8utics de Barcelona\",\"description\":\"\",\"publisher\":{\"@id\":\"https:\/\/www.cofb.org\/#organization\"},\"potentialAction\":[{\"@type\":\"SearchAction\",\"target\":{\"@type\":\"EntryPoint\",\"urlTemplate\":\"https:\/\/www.cofb.org\/?s={search_term_string}\"},\"query-input\":\"required name=search_term_string\"}],\"inLanguage\":\"ca\"},{\"@type\":\"Organization\",\"@id\":\"https:\/\/www.cofb.org\/#organization\",\"name\":\"Col\u00b7legi de Farmac\u00e8utics de Barcelona\",\"url\":\"https:\/\/www.cofb.org\/\",\"logo\":{\"@type\":\"ImageObject\",\"inLanguage\":\"ca\",\"@id\":\"https:\/\/www.cofb.org\/#\/schema\/logo\/image\/\",\"url\":\"https:\/\/www.cofb.org\/wp-content\/uploads\/2023\/11\/cropped-Logotip-COFB.png\",\"contentUrl\":\"https:\/\/www.cofb.org\/wp-content\/uploads\/2023\/11\/cropped-Logotip-COFB.png\",\"width\":500,\"height\":105,\"caption\":\"Col\u00b7legi de Farmac\u00e8utics de Barcelona\"},\"image\":{\"@id\":\"https:\/\/www.cofb.org\/#\/schema\/logo\/image\/\"},\"sameAs\":[\"https:\/\/www.facebook.com\/farmaceuticsbcn\/\",\"https:\/\/twitter.com\/farmaceuticsbcn\",\"https:\/\/www.instagram.com\/farmaceuticsbcn\/\",\"https:\/\/www.linkedin.com\/company\/farmaceuticsbcn\/\"]}]}<\/script>\n<!-- \/ Yoast SEO plugin. -->","yoast_head_json":{"title":"Noves farm\u00e0cies - Col\u00b7legi de Farmac\u00e8utics de Barcelona","robots":{"index":"index","follow":"follow","max-snippet":"max-snippet:-1","max-image-preview":"max-image-preview:large","max-video-preview":"max-video-preview:-1"},"canonical":"https:\/\/www.cofb.org\/ca\/que-oferim\/farmaceutics\/serveis-als-collegiats\/noves-farmacies\/","og_locale":"ca_ES","og_type":"article","og_title":"Noves farm\u00e0cies - Col\u00b7legi de Farmac\u00e8utics de Barcelona","og_description":"Les oficines de farm\u00e0cia s\u00f3n establiments sanitaris subjectes a regulaci\u00f3 per raons de garantia sanit\u00e0ria. El marc de la regulaci\u00f3 actualment vigent est\u00e0 en l\u2019article 103 de la Llei general de sanitat 14\/1986 de 25 d\u2019abril, que introdueix els principis de planificaci\u00f3 i ordenaci\u00f3, i continua amb la figura de [&hellip;]","og_url":"https:\/\/www.cofb.org\/ca\/que-oferim\/farmaceutics\/serveis-als-collegiats\/noves-farmacies\/","og_site_name":"Col\u00b7legi de Farmac\u00e8utics de Barcelona","article_publisher":"https:\/\/www.facebook.com\/farmaceuticsbcn\/","article_modified_time":"2023-07-19T10:51:23+00:00","og_image":[{"url":"https:\/\/novaorg.cofb.net\/wp-content\/uploads\/2023\/07\/ServeisNoves-farmacies.jpg"}],"twitter_card":"summary_large_image","twitter_site":"@farmaceuticsbcn","twitter_misc":{"Temps estimat de lectura":"2 minuts"},"schema":{"@context":"https:\/\/schema.org","@graph":[{"@type":"WebPage","@id":"https:\/\/www.cofb.org\/que-oferim\/farmaceutics\/serveis-als-collegiats\/noves-farmacies\/","url":"https:\/\/www.cofb.org\/que-oferim\/farmaceutics\/serveis-als-collegiats\/noves-farmacies\/","name":"Noves farm\u00e0cies - Col\u00b7legi de Farmac\u00e8utics de Barcelona","isPartOf":{"@id":"https:\/\/www.cofb.org\/#website"},"primaryImageOfPage":{"@id":"https:\/\/www.cofb.org\/que-oferim\/farmaceutics\/serveis-als-collegiats\/noves-farmacies\/#primaryimage"},"image":{"@id":"https:\/\/www.cofb.org\/que-oferim\/farmaceutics\/serveis-als-collegiats\/noves-farmacies\/#primaryimage"},"thumbnailUrl":"https:\/\/www.cofb.org\/wp-content\/uploads\/2023\/07\/ServeisNoves-farmacies.jpg","datePublished":"2023-06-14T10:09:31+00:00","dateModified":"2023-07-19T10:51:23+00:00","breadcrumb":{"@id":"https:\/\/www.cofb.org\/que-oferim\/farmaceutics\/serveis-als-collegiats\/noves-farmacies\/#breadcrumb"},"inLanguage":"ca","potentialAction":[{"@type":"ReadAction","target":["https:\/\/www.cofb.org\/que-oferim\/farmaceutics\/serveis-als-collegiats\/noves-farmacies\/"]}]},{"@type":"ImageObject","inLanguage":"ca","@id":"https:\/\/www.cofb.org\/que-oferim\/farmaceutics\/serveis-als-collegiats\/noves-farmacies\/#primaryimage","url":"https:\/\/www.cofb.org\/wp-content\/uploads\/2023\/07\/ServeisNoves-farmacies.jpg","contentUrl":"https:\/\/www.cofb.org\/wp-content\/uploads\/2023\/07\/ServeisNoves-farmacies.jpg"},{"@type":"BreadcrumbList","@id":"https:\/\/www.cofb.org\/que-oferim\/farmaceutics\/serveis-als-collegiats\/noves-farmacies\/#breadcrumb","itemListElement":[{"@type":"ListItem","position":1,"name":"Inici","item":"https:\/\/novaorg.cofb.net\/"},{"@type":"ListItem","position":2,"name":"Qu\u00e8 oferim?","item":"https:\/\/novaorg.cofb.net\/que-oferim\/"},{"@type":"ListItem","position":3,"name":"Farmac\u00e8utics","item":"https:\/\/novaorg.cofb.net\/que-oferim\/farmaceutics\/"},{"@type":"ListItem","position":4,"name":"Serveis als col\u00b7legiats","item":"https:\/\/www.cofb.org\/que-oferim\/farmaceutics\/serveis-als-collegiats\/"},{"@type":"ListItem","position":5,"name":"Noves farm\u00e0cies"}]},{"@type":"WebSite","@id":"https:\/\/www.cofb.org\/#website","url":"https:\/\/www.cofb.org\/","name":"Col\u00b7legi de Farmac\u00e8utics de Barcelona","description":"","publisher":{"@id":"https:\/\/www.cofb.org\/#organization"},"potentialAction":[{"@type":"SearchAction","target":{"@type":"EntryPoint","urlTemplate":"https:\/\/www.cofb.org\/?s={search_term_string}"},"query-input":"required name=search_term_string"}],"inLanguage":"ca"},{"@type":"Organization","@id":"https:\/\/www.cofb.org\/#organization","name":"Col\u00b7legi de Farmac\u00e8utics de Barcelona","url":"https:\/\/www.cofb.org\/","logo":{"@type":"ImageObject","inLanguage":"ca","@id":"https:\/\/www.cofb.org\/#\/schema\/logo\/image\/","url":"https:\/\/www.cofb.org\/wp-content\/uploads\/2023\/11\/cropped-Logotip-COFB.png","contentUrl":"https:\/\/www.cofb.org\/wp-content\/uploads\/2023\/11\/cropped-Logotip-COFB.png","width":500,"height":105,"caption":"Col\u00b7legi de Farmac\u00e8utics de Barcelona"},"image":{"@id":"https:\/\/www.cofb.org\/#\/schema\/logo\/image\/"},"sameAs":["https:\/\/www.facebook.com\/farmaceuticsbcn\/","https:\/\/twitter.com\/farmaceuticsbcn","https:\/\/www.instagram.com\/farmaceuticsbcn\/","https:\/\/www.linkedin.com\/company\/farmaceuticsbcn\/"]}]}},"uagb_featured_image_src":{"full":false,"thumbnail":false,"medium":false,"medium_large":false,"large":false,"1536x1536":false,"2048x2048":false,"trp-custom-language-flag":false},"uagb_author_info":{"display_name":"wpAdminCofbOrg","author_link":"https:\/\/www.cofb.org\/ca\/author\/wpadmincofborg\/"},"uagb_comment_info":0,"uagb_excerpt":"Les oficines de farm\u00e0cia s\u00f3n establiments sanitaris subjectes a regulaci\u00f3 per raons de garantia sanit\u00e0ria. El marc de la regulaci\u00f3 actualment vigent est\u00e0 en l\u2019article 103 de la Llei general de sanitat 14\/1986 de 25 d\u2019abril, que introdueix els principis de planificaci\u00f3 i ordenaci\u00f3, i continua amb la figura de [&hellip;]","_links":{"self":[{"href":"https:\/\/www.cofb.org\/ca\/wp-json\/wp\/v2\/pages\/2881","targetHints":{"allow":["GET"]}}],"collection":[{"href":"https:\/\/www.cofb.org\/ca\/wp-json\/wp\/v2\/pages"}],"about":[{"href":"https:\/\/www.cofb.org\/ca\/wp-json\/wp\/v2\/types\/page"}],"author":[{"embeddable":true,"href":"https:\/\/www.cofb.org\/ca\/wp-json\/wp\/v2\/users\/1"}],"replies":[{"embeddable":true,"href":"https:\/\/www.cofb.org\/ca\/wp-json\/wp\/v2\/comments?post=2881"}],"version-history":[{"count":3,"href":"https:\/\/www.cofb.org\/ca\/wp-json\/wp\/v2\/pages\/2881\/revisions"}],"predecessor-version":[{"id":67311,"href":"https:\/\/www.cofb.org\/ca\/wp-json\/wp\/v2\/pages\/2881\/revisions\/67311"}],"up":[{"embeddable":true,"href":"https:\/\/www.cofb.org\/ca\/wp-json\/wp\/v2\/pages\/2750"}],"wp:attachment":[{"href":"https:\/\/www.cofb.org\/ca\/wp-json\/wp\/v2\/media?parent=2881"}],"curies":[{"name":"wp","href":"https:\/\/api.w.org\/{rel}","templated":true}]}}