{"id":2878,"date":"2023-06-14T10:09:31","date_gmt":"2023-06-14T10:09:31","guid":{"rendered":"https:\/\/novaorg.cofb.net\/?page_id=2878"},"modified":"2023-09-12T07:24:10","modified_gmt":"2023-09-12T07:24:10","slug":"formacio-i-projectes","status":"publish","type":"page","link":"https:\/\/www.cofb.org\/ca\/que-oferim\/farmaceutics\/serveis-als-collegiats\/formacio-i-projectes\/","title":{"rendered":"Formaci\u00f3 i projectes"},"content":{"rendered":"\n<div class=\"wp-block-uagb-image uagb-block-295142d7 wp-block-uagb-image--layout-default wp-block-uagb-image--effect-static wp-block-uagb-image--align-none\"><figure class=\"wp-block-uagb-image__figure\"><img loading=\"lazy\" decoding=\"async\" srcset=\"https:\/\/www.cofb.org\/wp-content\/uploads\/2023\/07\/QueOferimFarmaceutics_FormaciProjectesOK.jpg \" sizes=\"auto, (max-width: 480px) 150px\" src=\"https:\/\/www.cofb.org\/wp-content\/uploads\/2023\/07\/QueOferimFarmaceutics_FormaciProjectesOK.jpg\" alt=\"\" class=\"uag-image-67290\" width=\"864\" height=\"247\" title=\"\" loading=\"lazy\"\/><\/figure><\/div>\n\n\n\n<p id=\"yui_patched_v3_11_0_1_1689762428970_296\">Un dels objectius prioritaris del Col\u00b7legi \u00e9s la formaci\u00f3 continuada. A trav\u00e9s de&nbsp;<strong>seminaris, tallers, cursos, m\u00e0sters,&nbsp;jornades<\/strong>&nbsp;i&nbsp;<strong>confer\u00e8ncies<\/strong>&nbsp;es busca&nbsp;<strong>garantir l\u2019actualitzaci\u00f3 de coneixements<\/strong>&nbsp;que afavoreixin la&nbsp;<strong>motivaci\u00f3<\/strong>&nbsp;i la<strong>&nbsp;millora dels serveis que ofereixes com a farmac\u00e8utic.<\/strong><\/p>\n\n\n\n<p id=\"yui_patched_v3_11_0_1_1689762428970_307\">Els cursos abasten tots els \u00e0mbits de la professi\u00f3 i els trobar\u00e0s classificats a les seg\u00fcents \u00e0rees:&nbsp;&nbsp;<strong>Actualitzaci\u00f3 terap\u00e8utica, Alimentaci\u00f3 i nutrici\u00f3, An\u00e0lisis cl\u00edniques, Dermofarm\u00e0cia i productes sanitaris, Desenvolupament empresarial de la farm\u00e0cia, Fitoter\u00e0pia, Homeopatia, Ind\u00fastria farmac\u00e8utica, Innovaci\u00f3, Metodologia i qualitat, Ortop\u00e8dia, Promoci\u00f3 de la salut i prevenci\u00f3 de la malaltia, Seguretat del pacient, T\u00e8cnics i auxiliars de farm\u00e0cia i Altres.<\/strong>&nbsp;Tamb\u00e9 es facilita&nbsp;<strong>l\u2019aprenentatge d&#8217;eines tecnol\u00f2giques i l\u2019adquisici\u00f3 d&#8217;habilitats.&nbsp;<\/strong>Cada curs ha estat dissenyat pensant en quina era la metodologia i el format m\u00e9s adequats als objectius que busca i, en aquest sentit, trobar\u00e0s cursos en format&nbsp;<strong>presencial, webinar i&nbsp;<em>online<\/em><\/strong>.<\/p>\n\n\n\n<p id=\"yui_patched_v3_11_0_1_1689762428970_309\">A trav\u00e9s del portal&nbsp;<a rel=\"noreferrer noopener\" href=\"https:\/\/www.agorasanitaria.com\/\" target=\"_blank\">\u00c0gora Sanit\u00e0ria<\/a>&nbsp;tindr\u00e0s acc\u00e9s a tota la formaci\u00f3&nbsp;<em>online<\/em>.<\/p>\n\n\n\n<p id=\"yui_patched_v3_11_0_1_1689762428970_330\"><strong>A l&#8217;apartat d&#8217;<a href=\"https:\/\/www.cofb.org\/activitats\/\" data-type=\"page\" data-id=\"2414\" target=\"_blank\" rel=\"noreferrer noopener\">Activitats<\/a>\u00a0trobar\u00e0s el conjunt de formacions que\u00a0ofereix el Col\u00b7legi.\u00a0<\/strong><\/p>\n\n\n\n<p id=\"yui_patched_v3_11_0_1_1689762428970_340\"><strong>Consulta&nbsp;<a rel=\"noreferrer noopener\" href=\"https:\/\/www.cofb.org\/documents\/10136\/1056757\/INFORMACIO+GENERAL_BBS+%2B+ORG_cat.pdf\/31c08f20-cb00-4a8f-a32e-b5809df05497\" target=\"_blank\">aqu\u00ed&nbsp;<\/a>la informaci\u00f3 general dels cursos.&nbsp;<\/strong><\/p>\n\n\n\n<h2 class=\"wp-block-heading\">Com accedir-hi?<\/h2>\n\n\n\n<p class=\"icones\"><img decoding=\"async\" width=\"70\" height=\"70\" class=\"wp-image-67293\" style=\"width: 70px;\" src=\"https:\/\/www.cofb.org\/wp-content\/uploads\/2023\/07\/web-cofb.png\" alt=\"\">&nbsp;A trav\u00e9s de la&nbsp;<a rel=\"noreferrer noopener\" href=\"https:\/\/www.cofb.net\/group\/guest\/formacio3\" target=\"_blank\">web col\u00b7legial<\/a>&nbsp;i a l&#8217;apartat&nbsp;<a rel=\"noreferrer noopener\" href=\"https:\/\/www.cofb.org\/que-oferim\/farmaceutics\/serveis\/formacio-i-projectes\/activitats\" target=\"_blank\">Activitats<\/a>.<\/p>\n\n\n\n<p class=\"icones\"><img decoding=\"async\" alt=\"\" src=\"https:\/\/www.cofb.org\/documents\/10136\/1067764\/Correu.png\/69f7b5c4-3c19-447d-9ff6-25e8e46c97cf?t=1542018760660\">&nbsp;Correu electr\u00f2nic:&nbsp;<a href=\"mailto:projectes@cofb.net\">projectes@cofb.net<\/a><\/p>\n\n\n\n<p class=\"icones\"><img decoding=\"async\" src=\"https:\/\/www.cofb.org\/documents\/10136\/1067764\/Tel%C3%A9fono.png\/83de66f5-8867-4acf-ba6c-ea129dc67556?t=1542018738546\" alt=\"\">&nbsp;Tel\u00e8fon:&nbsp;93 244 07 10 (ext. 2)<\/p>\n","protected":false},"excerpt":{"rendered":"<p>Un dels objectius prioritaris del Col\u00b7legi \u00e9s la formaci\u00f3 continuada. A trav\u00e9s de&nbsp;seminaris, tallers, cursos, m\u00e0sters,&nbsp;jornades&nbsp;i&nbsp;confer\u00e8ncies&nbsp;es busca&nbsp;garantir l\u2019actualitzaci\u00f3 de coneixements&nbsp;que afavoreixin la&nbsp;motivaci\u00f3&nbsp;i la&nbsp;millora dels serveis que ofereixes com a farmac\u00e8utic. Els cursos abasten tots els \u00e0mbits de la professi\u00f3 i els trobar\u00e0s classificats a les seg\u00fcents \u00e0rees:&nbsp;&nbsp;Actualitzaci\u00f3 terap\u00e8utica, Alimentaci\u00f3 i [&hellip;]<\/p>\n","protected":false},"author":1,"featured_media":0,"parent":2750,"menu_order":0,"comment_status":"closed","ping_status":"closed","template":"","meta":{"_uag_custom_page_level_css":"","site-sidebar-layout":"default","site-content-layout":"","ast-site-content-layout":"default","site-content-style":"default","site-sidebar-style":"default","ast-global-header-display":"","ast-banner-title-visibility":"","ast-main-header-display":"","ast-hfb-above-header-display":"","ast-hfb-below-header-display":"","ast-hfb-mobile-header-display":"","site-post-title":"","ast-breadcrumbs-content":"","ast-featured-img":"","footer-sml-layout":"","theme-transparent-header-meta":"","adv-header-id-meta":"","stick-header-meta":"","header-above-stick-meta":"","header-main-stick-meta":"","header-below-stick-meta":"","astra-migrate-meta-layouts":"default","ast-page-background-enabled":"default","ast-page-background-meta":{"desktop":{"background-color":"var(--ast-global-color-4)","background-image":"","background-repeat":"repeat","background-position":"center center","background-size":"auto","background-attachment":"scroll","background-type":"","background-media":"","overlay-type":"","overlay-color":"","overlay-opacity":"","overlay-gradient":""},"tablet":{"background-color":"","background-image":"","background-repeat":"repeat","background-position":"center center","background-size":"auto","background-attachment":"scroll","background-type":"","background-media":"","overlay-type":"","overlay-color":"","overlay-opacity":"","overlay-gradient":""},"mobile":{"background-color":"","background-image":"","background-repeat":"repeat","background-position":"center center","background-size":"auto","background-attachment":"scroll","background-type":"","background-media":"","overlay-type":"","overlay-color":"","overlay-opacity":"","overlay-gradient":""}},"ast-content-background-meta":{"desktop":{"background-color":"var(--ast-global-color-5)","background-image":"","background-repeat":"repeat","background-position":"center center","background-size":"auto","background-attachment":"scroll","background-type":"","background-media":"","overlay-type":"","overlay-color":"","overlay-opacity":"","overlay-gradient":""},"tablet":{"background-color":"var(--ast-global-color-5)","background-image":"","background-repeat":"repeat","background-position":"center center","background-size":"auto","background-attachment":"scroll","background-type":"","background-media":"","overlay-type":"","overlay-color":"","overlay-opacity":"","overlay-gradient":""},"mobile":{"background-color":"var(--ast-global-color-5)","background-image":"","background-repeat":"repeat","background-position":"center center","background-size":"auto","background-attachment":"scroll","background-type":"","background-media":"","overlay-type":"","overlay-color":"","overlay-opacity":"","overlay-gradient":""}},"footnotes":""},"class_list":["post-2878","page","type-page","status-publish","hentry"],"yoast_head":"<!-- This site is optimized with the Yoast SEO plugin v22.4 - https:\/\/yoast.com\/wordpress\/plugins\/seo\/ -->\n<title>Formaci\u00f3 i projectes - Col\u00b7legi de Farmac\u00e8utics de Barcelona<\/title>\n<meta name=\"robots\" content=\"index, follow, max-snippet:-1, max-image-preview:large, max-video-preview:-1\" \/>\n<link rel=\"canonical\" href=\"https:\/\/www.cofb.org\/ca\/que-oferim\/farmaceutics\/serveis-als-collegiats\/formacio-i-projectes\/\" \/>\n<meta property=\"og:locale\" content=\"ca_ES\" \/>\n<meta property=\"og:type\" content=\"article\" \/>\n<meta property=\"og:title\" content=\"Formaci\u00f3 i projectes - Col\u00b7legi de Farmac\u00e8utics de Barcelona\" \/>\n<meta property=\"og:description\" content=\"Un dels objectius prioritaris del Col\u00b7legi \u00e9s la formaci\u00f3 continuada. A trav\u00e9s de&nbsp;seminaris, tallers, cursos, m\u00e0sters,&nbsp;jornades&nbsp;i&nbsp;confer\u00e8ncies&nbsp;es busca&nbsp;garantir l\u2019actualitzaci\u00f3 de coneixements&nbsp;que afavoreixin la&nbsp;motivaci\u00f3&nbsp;i la&nbsp;millora dels serveis que ofereixes com a farmac\u00e8utic. Els cursos abasten tots els \u00e0mbits de la professi\u00f3 i els trobar\u00e0s classificats a les seg\u00fcents \u00e0rees:&nbsp;&nbsp;Actualitzaci\u00f3 terap\u00e8utica, Alimentaci\u00f3 i [&hellip;]\" \/>\n<meta property=\"og:url\" content=\"https:\/\/www.cofb.org\/ca\/que-oferim\/farmaceutics\/serveis-als-collegiats\/formacio-i-projectes\/\" \/>\n<meta property=\"og:site_name\" content=\"Col\u00b7legi de Farmac\u00e8utics de Barcelona\" \/>\n<meta property=\"article:publisher\" content=\"https:\/\/www.facebook.com\/farmaceuticsbcn\/\" \/>\n<meta property=\"article:modified_time\" content=\"2023-09-12T07:24:10+00:00\" \/>\n<meta property=\"og:image\" content=\"https:\/\/novaorg.cofb.net\/wp-content\/uploads\/2023\/07\/QueOferimFarmaceutics_FormaciProjectesOK.jpg\" \/>\n<meta name=\"twitter:card\" content=\"summary_large_image\" \/>\n<meta name=\"twitter:site\" content=\"@farmaceuticsbcn\" \/>\n<meta name=\"twitter:label1\" content=\"Temps estimat de lectura\" \/>\n\t<meta name=\"twitter:data1\" content=\"1 minut\" \/>\n<script type=\"application\/ld+json\" class=\"yoast-schema-graph\">{\"@context\":\"https:\/\/schema.org\",\"@graph\":[{\"@type\":\"WebPage\",\"@id\":\"https:\/\/www.cofb.org\/que-oferim\/farmaceutics\/serveis-als-collegiats\/formacio-i-projectes\/\",\"url\":\"https:\/\/www.cofb.org\/que-oferim\/farmaceutics\/serveis-als-collegiats\/formacio-i-projectes\/\",\"name\":\"Formaci\u00f3 i projectes - Col\u00b7legi de Farmac\u00e8utics de Barcelona\",\"isPartOf\":{\"@id\":\"https:\/\/www.cofb.org\/#website\"},\"primaryImageOfPage\":{\"@id\":\"https:\/\/www.cofb.org\/que-oferim\/farmaceutics\/serveis-als-collegiats\/formacio-i-projectes\/#primaryimage\"},\"image\":{\"@id\":\"https:\/\/www.cofb.org\/que-oferim\/farmaceutics\/serveis-als-collegiats\/formacio-i-projectes\/#primaryimage\"},\"thumbnailUrl\":\"https:\/\/www.cofb.org\/wp-content\/uploads\/2023\/07\/QueOferimFarmaceutics_FormaciProjectesOK.jpg\",\"datePublished\":\"2023-06-14T10:09:31+00:00\",\"dateModified\":\"2023-09-12T07:24:10+00:00\",\"breadcrumb\":{\"@id\":\"https:\/\/www.cofb.org\/que-oferim\/farmaceutics\/serveis-als-collegiats\/formacio-i-projectes\/#breadcrumb\"},\"inLanguage\":\"ca\",\"potentialAction\":[{\"@type\":\"ReadAction\",\"target\":[\"https:\/\/www.cofb.org\/que-oferim\/farmaceutics\/serveis-als-collegiats\/formacio-i-projectes\/\"]}]},{\"@type\":\"ImageObject\",\"inLanguage\":\"ca\",\"@id\":\"https:\/\/www.cofb.org\/que-oferim\/farmaceutics\/serveis-als-collegiats\/formacio-i-projectes\/#primaryimage\",\"url\":\"https:\/\/www.cofb.org\/wp-content\/uploads\/2023\/07\/QueOferimFarmaceutics_FormaciProjectesOK.jpg\",\"contentUrl\":\"https:\/\/www.cofb.org\/wp-content\/uploads\/2023\/07\/QueOferimFarmaceutics_FormaciProjectesOK.jpg\"},{\"@type\":\"BreadcrumbList\",\"@id\":\"https:\/\/www.cofb.org\/que-oferim\/farmaceutics\/serveis-als-collegiats\/formacio-i-projectes\/#breadcrumb\",\"itemListElement\":[{\"@type\":\"ListItem\",\"position\":1,\"name\":\"Inici\",\"item\":\"https:\/\/novaorg.cofb.net\/\"},{\"@type\":\"ListItem\",\"position\":2,\"name\":\"Qu\u00e8 oferim?\",\"item\":\"https:\/\/novaorg.cofb.net\/que-oferim\/\"},{\"@type\":\"ListItem\",\"position\":3,\"name\":\"Farmac\u00e8utics\",\"item\":\"https:\/\/novaorg.cofb.net\/que-oferim\/farmaceutics\/\"},{\"@type\":\"ListItem\",\"position\":4,\"name\":\"Serveis als col\u00b7legiats\",\"item\":\"https:\/\/www.cofb.org\/que-oferim\/farmaceutics\/serveis-als-collegiats\/\"},{\"@type\":\"ListItem\",\"position\":5,\"name\":\"Formaci\u00f3 i projectes\"}]},{\"@type\":\"WebSite\",\"@id\":\"https:\/\/www.cofb.org\/#website\",\"url\":\"https:\/\/www.cofb.org\/\",\"name\":\"Col\u00b7legi de Farmac\u00e8utics de Barcelona\",\"description\":\"\",\"publisher\":{\"@id\":\"https:\/\/www.cofb.org\/#organization\"},\"potentialAction\":[{\"@type\":\"SearchAction\",\"target\":{\"@type\":\"EntryPoint\",\"urlTemplate\":\"https:\/\/www.cofb.org\/?s={search_term_string}\"},\"query-input\":\"required name=search_term_string\"}],\"inLanguage\":\"ca\"},{\"@type\":\"Organization\",\"@id\":\"https:\/\/www.cofb.org\/#organization\",\"name\":\"Col\u00b7legi de Farmac\u00e8utics de Barcelona\",\"url\":\"https:\/\/www.cofb.org\/\",\"logo\":{\"@type\":\"ImageObject\",\"inLanguage\":\"ca\",\"@id\":\"https:\/\/www.cofb.org\/#\/schema\/logo\/image\/\",\"url\":\"https:\/\/www.cofb.org\/wp-content\/uploads\/2023\/11\/cropped-Logotip-COFB.png\",\"contentUrl\":\"https:\/\/www.cofb.org\/wp-content\/uploads\/2023\/11\/cropped-Logotip-COFB.png\",\"width\":500,\"height\":105,\"caption\":\"Col\u00b7legi de Farmac\u00e8utics de Barcelona\"},\"image\":{\"@id\":\"https:\/\/www.cofb.org\/#\/schema\/logo\/image\/\"},\"sameAs\":[\"https:\/\/www.facebook.com\/farmaceuticsbcn\/\",\"https:\/\/twitter.com\/farmaceuticsbcn\",\"https:\/\/www.instagram.com\/farmaceuticsbcn\/\",\"https:\/\/www.linkedin.com\/company\/farmaceuticsbcn\/\"]}]}<\/script>\n<!-- \/ Yoast SEO plugin. -->","yoast_head_json":{"title":"Formaci\u00f3 i projectes - Col\u00b7legi de Farmac\u00e8utics de Barcelona","robots":{"index":"index","follow":"follow","max-snippet":"max-snippet:-1","max-image-preview":"max-image-preview:large","max-video-preview":"max-video-preview:-1"},"canonical":"https:\/\/www.cofb.org\/ca\/que-oferim\/farmaceutics\/serveis-als-collegiats\/formacio-i-projectes\/","og_locale":"ca_ES","og_type":"article","og_title":"Formaci\u00f3 i projectes - Col\u00b7legi de Farmac\u00e8utics de Barcelona","og_description":"Un dels objectius prioritaris del Col\u00b7legi \u00e9s la formaci\u00f3 continuada. A trav\u00e9s de&nbsp;seminaris, tallers, cursos, m\u00e0sters,&nbsp;jornades&nbsp;i&nbsp;confer\u00e8ncies&nbsp;es busca&nbsp;garantir l\u2019actualitzaci\u00f3 de coneixements&nbsp;que afavoreixin la&nbsp;motivaci\u00f3&nbsp;i la&nbsp;millora dels serveis que ofereixes com a farmac\u00e8utic. Els cursos abasten tots els \u00e0mbits de la professi\u00f3 i els trobar\u00e0s classificats a les seg\u00fcents \u00e0rees:&nbsp;&nbsp;Actualitzaci\u00f3 terap\u00e8utica, Alimentaci\u00f3 i [&hellip;]","og_url":"https:\/\/www.cofb.org\/ca\/que-oferim\/farmaceutics\/serveis-als-collegiats\/formacio-i-projectes\/","og_site_name":"Col\u00b7legi de Farmac\u00e8utics de Barcelona","article_publisher":"https:\/\/www.facebook.com\/farmaceuticsbcn\/","article_modified_time":"2023-09-12T07:24:10+00:00","og_image":[{"url":"https:\/\/novaorg.cofb.net\/wp-content\/uploads\/2023\/07\/QueOferimFarmaceutics_FormaciProjectesOK.jpg"}],"twitter_card":"summary_large_image","twitter_site":"@farmaceuticsbcn","twitter_misc":{"Temps estimat de lectura":"1 minut"},"schema":{"@context":"https:\/\/schema.org","@graph":[{"@type":"WebPage","@id":"https:\/\/www.cofb.org\/que-oferim\/farmaceutics\/serveis-als-collegiats\/formacio-i-projectes\/","url":"https:\/\/www.cofb.org\/que-oferim\/farmaceutics\/serveis-als-collegiats\/formacio-i-projectes\/","name":"Formaci\u00f3 i projectes - Col\u00b7legi de Farmac\u00e8utics de Barcelona","isPartOf":{"@id":"https:\/\/www.cofb.org\/#website"},"primaryImageOfPage":{"@id":"https:\/\/www.cofb.org\/que-oferim\/farmaceutics\/serveis-als-collegiats\/formacio-i-projectes\/#primaryimage"},"image":{"@id":"https:\/\/www.cofb.org\/que-oferim\/farmaceutics\/serveis-als-collegiats\/formacio-i-projectes\/#primaryimage"},"thumbnailUrl":"https:\/\/www.cofb.org\/wp-content\/uploads\/2023\/07\/QueOferimFarmaceutics_FormaciProjectesOK.jpg","datePublished":"2023-06-14T10:09:31+00:00","dateModified":"2023-09-12T07:24:10+00:00","breadcrumb":{"@id":"https:\/\/www.cofb.org\/que-oferim\/farmaceutics\/serveis-als-collegiats\/formacio-i-projectes\/#breadcrumb"},"inLanguage":"ca","potentialAction":[{"@type":"ReadAction","target":["https:\/\/www.cofb.org\/que-oferim\/farmaceutics\/serveis-als-collegiats\/formacio-i-projectes\/"]}]},{"@type":"ImageObject","inLanguage":"ca","@id":"https:\/\/www.cofb.org\/que-oferim\/farmaceutics\/serveis-als-collegiats\/formacio-i-projectes\/#primaryimage","url":"https:\/\/www.cofb.org\/wp-content\/uploads\/2023\/07\/QueOferimFarmaceutics_FormaciProjectesOK.jpg","contentUrl":"https:\/\/www.cofb.org\/wp-content\/uploads\/2023\/07\/QueOferimFarmaceutics_FormaciProjectesOK.jpg"},{"@type":"BreadcrumbList","@id":"https:\/\/www.cofb.org\/que-oferim\/farmaceutics\/serveis-als-collegiats\/formacio-i-projectes\/#breadcrumb","itemListElement":[{"@type":"ListItem","position":1,"name":"Inici","item":"https:\/\/novaorg.cofb.net\/"},{"@type":"ListItem","position":2,"name":"Qu\u00e8 oferim?","item":"https:\/\/novaorg.cofb.net\/que-oferim\/"},{"@type":"ListItem","position":3,"name":"Farmac\u00e8utics","item":"https:\/\/novaorg.cofb.net\/que-oferim\/farmaceutics\/"},{"@type":"ListItem","position":4,"name":"Serveis als col\u00b7legiats","item":"https:\/\/www.cofb.org\/que-oferim\/farmaceutics\/serveis-als-collegiats\/"},{"@type":"ListItem","position":5,"name":"Formaci\u00f3 i projectes"}]},{"@type":"WebSite","@id":"https:\/\/www.cofb.org\/#website","url":"https:\/\/www.cofb.org\/","name":"Col\u00b7legi de Farmac\u00e8utics de Barcelona","description":"","publisher":{"@id":"https:\/\/www.cofb.org\/#organization"},"potentialAction":[{"@type":"SearchAction","target":{"@type":"EntryPoint","urlTemplate":"https:\/\/www.cofb.org\/?s={search_term_string}"},"query-input":"required name=search_term_string"}],"inLanguage":"ca"},{"@type":"Organization","@id":"https:\/\/www.cofb.org\/#organization","name":"Col\u00b7legi de Farmac\u00e8utics de Barcelona","url":"https:\/\/www.cofb.org\/","logo":{"@type":"ImageObject","inLanguage":"ca","@id":"https:\/\/www.cofb.org\/#\/schema\/logo\/image\/","url":"https:\/\/www.cofb.org\/wp-content\/uploads\/2023\/11\/cropped-Logotip-COFB.png","contentUrl":"https:\/\/www.cofb.org\/wp-content\/uploads\/2023\/11\/cropped-Logotip-COFB.png","width":500,"height":105,"caption":"Col\u00b7legi de Farmac\u00e8utics de Barcelona"},"image":{"@id":"https:\/\/www.cofb.org\/#\/schema\/logo\/image\/"},"sameAs":["https:\/\/www.facebook.com\/farmaceuticsbcn\/","https:\/\/twitter.com\/farmaceuticsbcn","https:\/\/www.instagram.com\/farmaceuticsbcn\/","https:\/\/www.linkedin.com\/company\/farmaceuticsbcn\/"]}]}},"uagb_featured_image_src":{"full":false,"thumbnail":false,"medium":false,"medium_large":false,"large":false,"1536x1536":false,"2048x2048":false,"trp-custom-language-flag":false},"uagb_author_info":{"display_name":"wpAdminCofbOrg","author_link":"https:\/\/www.cofb.org\/ca\/author\/wpadmincofborg\/"},"uagb_comment_info":0,"uagb_excerpt":"Un dels objectius prioritaris del Col\u00b7legi \u00e9s la formaci\u00f3 continuada. A trav\u00e9s de&nbsp;seminaris, tallers, cursos, m\u00e0sters,&nbsp;jornades&nbsp;i&nbsp;confer\u00e8ncies&nbsp;es busca&nbsp;garantir l\u2019actualitzaci\u00f3 de coneixements&nbsp;que afavoreixin la&nbsp;motivaci\u00f3&nbsp;i la&nbsp;millora dels serveis que ofereixes com a farmac\u00e8utic. Els cursos abasten tots els \u00e0mbits de la professi\u00f3 i els trobar\u00e0s classificats a les seg\u00fcents \u00e0rees:&nbsp;&nbsp;Actualitzaci\u00f3 terap\u00e8utica, Alimentaci\u00f3 i [&hellip;]","_links":{"self":[{"href":"https:\/\/www.cofb.org\/ca\/wp-json\/wp\/v2\/pages\/2878","targetHints":{"allow":["GET"]}}],"collection":[{"href":"https:\/\/www.cofb.org\/ca\/wp-json\/wp\/v2\/pages"}],"about":[{"href":"https:\/\/www.cofb.org\/ca\/wp-json\/wp\/v2\/types\/page"}],"author":[{"embeddable":true,"href":"https:\/\/www.cofb.org\/ca\/wp-json\/wp\/v2\/users\/1"}],"replies":[{"embeddable":true,"href":"https:\/\/www.cofb.org\/ca\/wp-json\/wp\/v2\/comments?post=2878"}],"version-history":[{"count":4,"href":"https:\/\/www.cofb.org\/ca\/wp-json\/wp\/v2\/pages\/2878\/revisions"}],"predecessor-version":[{"id":68413,"href":"https:\/\/www.cofb.org\/ca\/wp-json\/wp\/v2\/pages\/2878\/revisions\/68413"}],"up":[{"embeddable":true,"href":"https:\/\/www.cofb.org\/ca\/wp-json\/wp\/v2\/pages\/2750"}],"wp:attachment":[{"href":"https:\/\/www.cofb.org\/ca\/wp-json\/wp\/v2\/media?parent=2878"}],"curies":[{"name":"wp","href":"https:\/\/api.w.org\/{rel}","templated":true}]}}