{"id":2786,"date":"2023-06-13T10:33:17","date_gmt":"2023-06-13T10:33:17","guid":{"rendered":"https:\/\/novaorg.cofb.net\/?page_id=2786"},"modified":"2024-07-05T08:53:51","modified_gmt":"2024-07-05T08:53:51","slug":"contacte","status":"publish","type":"page","link":"https:\/\/www.cofb.org\/ca\/contacte\/","title":{"rendered":"Contacte"},"content":{"rendered":"\n<div class=\"wp-block-uagb-container uagb-block-8275ce9a alignfull uagb-is-root-container\"><div class=\"uagb-container-inner-blocks-wrap\">\n<div class=\"wp-block-uagb-container uagb-block-87d83fda\">\n<h2 class=\"wp-block-heading\">On ens pots trobar?<\/h2>\n\n\n\n<p><strong>Adre\u00e7a:<\/strong><br>Carrer Girona, 64 (entre Consell de Cent i Diputaci\u00f3) 08009 Barcelona<br><br><strong>Tel\u00e8fon:<\/strong><br>Tel. 93 244 07 10<\/p>\n\n\n\t\t\t<div \n\t\t\tclass=\"wp-block-uagb-google-map uagb-google-map__wrap uagb-block-b6a6a88d     \"\n\t\t\tstyle=\"\" >\n\t\t\t\t<embed\n\t\t\t\t\tclass=\"uagb-google-map__iframe\"\n\t\t\t\t\ttitle=\"Google Map for \"\n\t\t\t\t\tsrc=\"https:\/\/maps.google.com\/maps?q=Carrer%20Girona%2C%2064&#038;z=16&#038;hl=ca&#038;t=m&#038;output=embed&#038;iwloc=near\"\n\t\t\t\t\twidth=\"640\"\n\t\t\t\t\theight=\"300\"\n\t\t\t\t\tloading=\"lazy\"\n\t\t\t\t><\/embed>\n\t\t\t<\/div>\n\t\t\t\n\n\n<div class=\"wp-block-columns is-layout-flex wp-container-core-columns-is-layout-28f84493 wp-block-columns-is-layout-flex\">\n<div class=\"wp-block-column is-layout-flow wp-block-column-is-layout-flow\">\n<p><strong>Metro:<\/strong><br>L4 &#8211; Girona<br>L2 &#8211; Tetuan<\/p>\n\n\n\n<p><strong>Bicing:<\/strong><br>C\/ Bruc, 66<br>C\/ Bail\u00e9n, 62<\/p>\n<\/div>\n\n\n\n<div class=\"wp-block-column is-layout-flow wp-block-column-is-layout-flow\">\n<p><strong>Autobusos:<\/strong><br>6, 7, 19, 39, 47, 54, 62, H10, H12, V17, V19, D50<\/p>\n\n\n\n<p><strong>Tren:<\/strong> <br>R2, R2 Nord, R2 Sud, R11, R13, R14, R15, R16&nbsp;&nbsp;<\/p>\n<\/div>\n<\/div>\n\n\n\n<p><strong>Horari:<\/strong><br>De dilluns a dijous: 9:00 a 18:00 hores<br>Divendres: 8:00 a 14:30 hores<br><br><strong>Horari d&#8217;estiu (del 15 de juliol al 31 d&#8217;agost):<\/strong><br>De dilluns a divendres: de 8:00 a 14:30 hores&nbsp;<br><br>Segueix-nos:&nbsp;<br><a href=\"https:\/\/twitter.com\/farmaceuticsbcn\" target=\"_blank\" rel=\"noreferrer noopener\">X<\/a>&nbsp;|&nbsp;<a href=\"https:\/\/instagram.com\/farmaceuticsbcn\" target=\"_blank\" rel=\"noreferrer noopener\">Instagram<\/a>&nbsp;|&nbsp;<a href=\"https:\/\/www.linkedin.com\/company\/farmaceuticsbcn\/\" target=\"_blank\" rel=\"noreferrer noopener\">Linkedin<\/a>&nbsp;|&nbsp;<a href=\"https:\/\/www.facebook.com\/farmaceuticsbcn\" target=\"_blank\" rel=\"noreferrer noopener\">Facebook<\/a><\/p>\n<\/div>\n\n\n\n<div class=\"wp-block-uagb-container uagb-block-4fec129e\">\n<h2 class=\"wp-block-heading\">Vols contactar amb nosaltres?<\/h2>\n\n\n\n<p>Si vols contactar amb nosaltres, fer una consulta o un suggeriment, pots fer-ho a trav\u00e9s del Portal de Tr\u00e0mits:<\/p>\n\n\n\n<div class=\"wp-block-uagb-buttons uagb-buttons__outer-wrap uagb-btn__default-btn uagb-btn-tablet__default-btn uagb-btn-mobile__default-btn uagb-block-7c0384ae\"><div class=\"uagb-buttons__wrap uagb-buttons-layout-wrap \">\n<div class=\"wp-block-uagb-buttons-child uagb-buttons__outer-wrap uagb-block-32e90957 wp-block-button\"><div class=\"uagb-button__wrapper\"><a class=\"uagb-buttons-repeater wp-block-button__link\" aria-label=\"\" href=\"https:\/\/tramits.cofb.net\/Ciutadania\/DetallTramit.aspx?Cercador=True&amp;IdTramit=54\" rel=\"follow noopener\" target=\"_self\"><div class=\"uagb-button__link\">Consulta o suggeriment\u00a0<\/div><\/a><\/div><\/div>\n<\/div><\/div>\n<\/div>\n<\/div><\/div>\n\n\n\n<p><\/p>\n","protected":false},"excerpt":{"rendered":"<p>On ens pots trobar? Adre\u00e7a:Carrer Girona, 64 (entre Consell de Cent i Diputaci\u00f3) 08009 Barcelona Tel\u00e8fon:Tel. 93 244 07 10 Metro:L4 &#8211; GironaL2 &#8211; Tetuan Bicing:C\/ Bruc, 66C\/ Bail\u00e9n, 62 Autobusos:6, 7, 19, 39, 47, 54, 62, H10, H12, V17, V19, D50 Tren: R2, R2 Nord, R2 Sud, R11, R13, [&hellip;]<\/p>\n","protected":false},"author":1,"featured_media":0,"parent":0,"menu_order":8,"comment_status":"closed","ping_status":"closed","template":"","meta":{"_uag_custom_page_level_css":"","site-sidebar-layout":"no-sidebar","site-content-layout":"","ast-site-content-layout":"normal-width-container","site-content-style":"default","site-sidebar-style":"default","ast-global-header-display":"","ast-banner-title-visibility":"","ast-main-header-display":"","ast-hfb-above-header-display":"","ast-hfb-below-header-display":"","ast-hfb-mobile-header-display":"","site-post-title":"","ast-breadcrumbs-content":"","ast-featured-img":"","footer-sml-layout":"","theme-transparent-header-meta":"","adv-header-id-meta":"","stick-header-meta":"","header-above-stick-meta":"","header-main-stick-meta":"","header-below-stick-meta":"","astra-migrate-meta-layouts":"set","ast-page-background-enabled":"default","ast-page-background-meta":{"desktop":{"background-color":"var(--ast-global-color-4)","background-image":"","background-repeat":"repeat","background-position":"center center","background-size":"auto","background-attachment":"scroll","background-type":"","background-media":"","overlay-type":"","overlay-color":"","overlay-opacity":"","overlay-gradient":""},"tablet":{"background-color":"","background-image":"","background-repeat":"repeat","background-position":"center center","background-size":"auto","background-attachment":"scroll","background-type":"","background-media":"","overlay-type":"","overlay-color":"","overlay-opacity":"","overlay-gradient":""},"mobile":{"background-color":"","background-image":"","background-repeat":"repeat","background-position":"center center","background-size":"auto","background-attachment":"scroll","background-type":"","background-media":"","overlay-type":"","overlay-color":"","overlay-opacity":"","overlay-gradient":""}},"ast-content-background-meta":{"desktop":{"background-color":"var(--ast-global-color-5)","background-image":"","background-repeat":"repeat","background-position":"center center","background-size":"auto","background-attachment":"scroll","background-type":"","background-media":"","overlay-type":"","overlay-color":"","overlay-opacity":"","overlay-gradient":""},"tablet":{"background-color":"var(--ast-global-color-5)","background-image":"","background-repeat":"repeat","background-position":"center center","background-size":"auto","background-attachment":"scroll","background-type":"","background-media":"","overlay-type":"","overlay-color":"","overlay-opacity":"","overlay-gradient":""},"mobile":{"background-color":"var(--ast-global-color-5)","background-image":"","background-repeat":"repeat","background-position":"center center","background-size":"auto","background-attachment":"scroll","background-type":"","background-media":"","overlay-type":"","overlay-color":"","overlay-opacity":"","overlay-gradient":""}},"footnotes":""},"class_list":["post-2786","page","type-page","status-publish","hentry"],"yoast_head":"<!-- This site is optimized with the Yoast SEO plugin v22.4 - https:\/\/yoast.com\/wordpress\/plugins\/seo\/ -->\n<title>Contacte - Col\u00b7legi de Farmac\u00e8utics de Barcelona<\/title>\n<meta name=\"robots\" content=\"index, follow, max-snippet:-1, max-image-preview:large, max-video-preview:-1\" \/>\n<link rel=\"canonical\" href=\"https:\/\/www.cofb.org\/ca\/contacte\/\" \/>\n<meta property=\"og:locale\" content=\"ca_ES\" \/>\n<meta property=\"og:type\" content=\"article\" \/>\n<meta property=\"og:title\" content=\"Contacte - Col\u00b7legi de Farmac\u00e8utics de Barcelona\" \/>\n<meta property=\"og:description\" content=\"On ens pots trobar? Adre\u00e7a:Carrer Girona, 64 (entre Consell de Cent i Diputaci\u00f3) 08009 Barcelona Tel\u00e8fon:Tel. 93 244 07 10 Metro:L4 &#8211; GironaL2 &#8211; Tetuan Bicing:C\/ Bruc, 66C\/ Bail\u00e9n, 62 Autobusos:6, 7, 19, 39, 47, 54, 62, H10, H12, V17, V19, D50 Tren: R2, R2 Nord, R2 Sud, R11, R13, [&hellip;]\" \/>\n<meta property=\"og:url\" content=\"https:\/\/www.cofb.org\/ca\/contacte\/\" \/>\n<meta property=\"og:site_name\" content=\"Col\u00b7legi de Farmac\u00e8utics de Barcelona\" \/>\n<meta property=\"article:publisher\" content=\"https:\/\/www.facebook.com\/farmaceuticsbcn\/\" \/>\n<meta property=\"article:modified_time\" content=\"2024-07-05T08:53:51+00:00\" \/>\n<meta name=\"twitter:card\" content=\"summary_large_image\" \/>\n<meta name=\"twitter:site\" content=\"@farmaceuticsbcn\" \/>\n<meta name=\"twitter:label1\" content=\"Temps estimat de lectura\" \/>\n\t<meta name=\"twitter:data1\" content=\"1 minut\" \/>\n<script type=\"application\/ld+json\" class=\"yoast-schema-graph\">{\"@context\":\"https:\/\/schema.org\",\"@graph\":[{\"@type\":\"WebPage\",\"@id\":\"https:\/\/www.cofb.org\/contacte\/\",\"url\":\"https:\/\/www.cofb.org\/contacte\/\",\"name\":\"Contacte - Col\u00b7legi de Farmac\u00e8utics de Barcelona\",\"isPartOf\":{\"@id\":\"https:\/\/www.cofb.org\/#website\"},\"datePublished\":\"2023-06-13T10:33:17+00:00\",\"dateModified\":\"2024-07-05T08:53:51+00:00\",\"breadcrumb\":{\"@id\":\"https:\/\/www.cofb.org\/contacte\/#breadcrumb\"},\"inLanguage\":\"ca\",\"potentialAction\":[{\"@type\":\"ReadAction\",\"target\":[\"https:\/\/www.cofb.org\/contacte\/\"]}]},{\"@type\":\"BreadcrumbList\",\"@id\":\"https:\/\/www.cofb.org\/contacte\/#breadcrumb\",\"itemListElement\":[{\"@type\":\"ListItem\",\"position\":1,\"name\":\"Inici\",\"item\":\"https:\/\/novaorg.cofb.net\/\"},{\"@type\":\"ListItem\",\"position\":2,\"name\":\"Contacte\"}]},{\"@type\":\"WebSite\",\"@id\":\"https:\/\/www.cofb.org\/#website\",\"url\":\"https:\/\/www.cofb.org\/\",\"name\":\"Col\u00b7legi de Farmac\u00e8utics de Barcelona\",\"description\":\"\",\"publisher\":{\"@id\":\"https:\/\/www.cofb.org\/#organization\"},\"potentialAction\":[{\"@type\":\"SearchAction\",\"target\":{\"@type\":\"EntryPoint\",\"urlTemplate\":\"https:\/\/www.cofb.org\/?s={search_term_string}\"},\"query-input\":\"required name=search_term_string\"}],\"inLanguage\":\"ca\"},{\"@type\":\"Organization\",\"@id\":\"https:\/\/www.cofb.org\/#organization\",\"name\":\"Col\u00b7legi de Farmac\u00e8utics de Barcelona\",\"url\":\"https:\/\/www.cofb.org\/\",\"logo\":{\"@type\":\"ImageObject\",\"inLanguage\":\"ca\",\"@id\":\"https:\/\/www.cofb.org\/#\/schema\/logo\/image\/\",\"url\":\"https:\/\/www.cofb.org\/wp-content\/uploads\/2023\/11\/cropped-Logotip-COFB.png\",\"contentUrl\":\"https:\/\/www.cofb.org\/wp-content\/uploads\/2023\/11\/cropped-Logotip-COFB.png\",\"width\":500,\"height\":105,\"caption\":\"Col\u00b7legi de Farmac\u00e8utics de Barcelona\"},\"image\":{\"@id\":\"https:\/\/www.cofb.org\/#\/schema\/logo\/image\/\"},\"sameAs\":[\"https:\/\/www.facebook.com\/farmaceuticsbcn\/\",\"https:\/\/twitter.com\/farmaceuticsbcn\",\"https:\/\/www.instagram.com\/farmaceuticsbcn\/\",\"https:\/\/www.linkedin.com\/company\/farmaceuticsbcn\/\"]}]}<\/script>\n<!-- \/ Yoast SEO plugin. -->","yoast_head_json":{"title":"Contacte - Col\u00b7legi de Farmac\u00e8utics de Barcelona","robots":{"index":"index","follow":"follow","max-snippet":"max-snippet:-1","max-image-preview":"max-image-preview:large","max-video-preview":"max-video-preview:-1"},"canonical":"https:\/\/www.cofb.org\/ca\/contacte\/","og_locale":"ca_ES","og_type":"article","og_title":"Contacte - Col\u00b7legi de Farmac\u00e8utics de Barcelona","og_description":"On ens pots trobar? Adre\u00e7a:Carrer Girona, 64 (entre Consell de Cent i Diputaci\u00f3) 08009 Barcelona Tel\u00e8fon:Tel. 93 244 07 10 Metro:L4 &#8211; GironaL2 &#8211; Tetuan Bicing:C\/ Bruc, 66C\/ Bail\u00e9n, 62 Autobusos:6, 7, 19, 39, 47, 54, 62, H10, H12, V17, V19, D50 Tren: R2, R2 Nord, R2 Sud, R11, R13, [&hellip;]","og_url":"https:\/\/www.cofb.org\/ca\/contacte\/","og_site_name":"Col\u00b7legi de Farmac\u00e8utics de Barcelona","article_publisher":"https:\/\/www.facebook.com\/farmaceuticsbcn\/","article_modified_time":"2024-07-05T08:53:51+00:00","twitter_card":"summary_large_image","twitter_site":"@farmaceuticsbcn","twitter_misc":{"Temps estimat de lectura":"1 minut"},"schema":{"@context":"https:\/\/schema.org","@graph":[{"@type":"WebPage","@id":"https:\/\/www.cofb.org\/contacte\/","url":"https:\/\/www.cofb.org\/contacte\/","name":"Contacte - Col\u00b7legi de Farmac\u00e8utics de Barcelona","isPartOf":{"@id":"https:\/\/www.cofb.org\/#website"},"datePublished":"2023-06-13T10:33:17+00:00","dateModified":"2024-07-05T08:53:51+00:00","breadcrumb":{"@id":"https:\/\/www.cofb.org\/contacte\/#breadcrumb"},"inLanguage":"ca","potentialAction":[{"@type":"ReadAction","target":["https:\/\/www.cofb.org\/contacte\/"]}]},{"@type":"BreadcrumbList","@id":"https:\/\/www.cofb.org\/contacte\/#breadcrumb","itemListElement":[{"@type":"ListItem","position":1,"name":"Inici","item":"https:\/\/novaorg.cofb.net\/"},{"@type":"ListItem","position":2,"name":"Contacte"}]},{"@type":"WebSite","@id":"https:\/\/www.cofb.org\/#website","url":"https:\/\/www.cofb.org\/","name":"Col\u00b7legi de Farmac\u00e8utics de Barcelona","description":"","publisher":{"@id":"https:\/\/www.cofb.org\/#organization"},"potentialAction":[{"@type":"SearchAction","target":{"@type":"EntryPoint","urlTemplate":"https:\/\/www.cofb.org\/?s={search_term_string}"},"query-input":"required name=search_term_string"}],"inLanguage":"ca"},{"@type":"Organization","@id":"https:\/\/www.cofb.org\/#organization","name":"Col\u00b7legi de Farmac\u00e8utics de Barcelona","url":"https:\/\/www.cofb.org\/","logo":{"@type":"ImageObject","inLanguage":"ca","@id":"https:\/\/www.cofb.org\/#\/schema\/logo\/image\/","url":"https:\/\/www.cofb.org\/wp-content\/uploads\/2023\/11\/cropped-Logotip-COFB.png","contentUrl":"https:\/\/www.cofb.org\/wp-content\/uploads\/2023\/11\/cropped-Logotip-COFB.png","width":500,"height":105,"caption":"Col\u00b7legi de Farmac\u00e8utics de Barcelona"},"image":{"@id":"https:\/\/www.cofb.org\/#\/schema\/logo\/image\/"},"sameAs":["https:\/\/www.facebook.com\/farmaceuticsbcn\/","https:\/\/twitter.com\/farmaceuticsbcn","https:\/\/www.instagram.com\/farmaceuticsbcn\/","https:\/\/www.linkedin.com\/company\/farmaceuticsbcn\/"]}]}},"uagb_featured_image_src":{"full":false,"thumbnail":false,"medium":false,"medium_large":false,"large":false,"1536x1536":false,"2048x2048":false,"trp-custom-language-flag":false},"uagb_author_info":{"display_name":"wpAdminCofbOrg","author_link":"https:\/\/www.cofb.org\/ca\/author\/wpadmincofborg\/"},"uagb_comment_info":0,"uagb_excerpt":"On ens pots trobar? Adre\u00e7a:Carrer Girona, 64 (entre Consell de Cent i Diputaci\u00f3) 08009 Barcelona Tel\u00e8fon:Tel. 93 244 07 10 Metro:L4 &#8211; GironaL2 &#8211; Tetuan Bicing:C\/ Bruc, 66C\/ Bail\u00e9n, 62 Autobusos:6, 7, 19, 39, 47, 54, 62, H10, H12, V17, V19, D50 Tren: R2, R2 Nord, R2 Sud, R11, R13, [&hellip;]","_links":{"self":[{"href":"https:\/\/www.cofb.org\/ca\/wp-json\/wp\/v2\/pages\/2786","targetHints":{"allow":["GET"]}}],"collection":[{"href":"https:\/\/www.cofb.org\/ca\/wp-json\/wp\/v2\/pages"}],"about":[{"href":"https:\/\/www.cofb.org\/ca\/wp-json\/wp\/v2\/types\/page"}],"author":[{"embeddable":true,"href":"https:\/\/www.cofb.org\/ca\/wp-json\/wp\/v2\/users\/1"}],"replies":[{"embeddable":true,"href":"https:\/\/www.cofb.org\/ca\/wp-json\/wp\/v2\/comments?post=2786"}],"version-history":[{"count":33,"href":"https:\/\/www.cofb.org\/ca\/wp-json\/wp\/v2\/pages\/2786\/revisions"}],"predecessor-version":[{"id":78731,"href":"https:\/\/www.cofb.org\/ca\/wp-json\/wp\/v2\/pages\/2786\/revisions\/78731"}],"wp:attachment":[{"href":"https:\/\/www.cofb.org\/ca\/wp-json\/wp\/v2\/media?parent=2786"}],"curies":[{"name":"wp","href":"https:\/\/api.w.org\/{rel}","templated":true}]}}