{"id":2612,"date":"2023-06-12T09:28:10","date_gmt":"2023-06-12T09:28:10","guid":{"rendered":"https:\/\/novaorg.cofb.net\/?page_id=2612"},"modified":"2024-10-22T10:36:08","modified_gmt":"2024-10-22T10:36:08","slug":"que-es-el-collegi","status":"publish","type":"page","link":"https:\/\/www.cofb.org\/ca\/qui-som\/el-collegi\/que-es-el-collegi\/","title":{"rendered":"Qu\u00e8 \u00e9s el Col\u00b7legi?"},"content":{"rendered":"\n<div class=\"wp-block-uagb-image uagb-block-aab5a6a7 wp-block-uagb-image--layout-default wp-block-uagb-image--effect-static wp-block-uagb-image--align-none\"><figure class=\"wp-block-uagb-image__figure\"><img loading=\"lazy\" decoding=\"async\" srcset=\"https:\/\/www.cofb.org\/wp-content\/uploads\/2024\/01\/COFB_facana.jpg ,https:\/\/www.cofb.org\/wp-content\/uploads\/2024\/01\/COFB_facana.jpg 780w, https:\/\/www.cofb.org\/wp-content\/uploads\/2024\/01\/COFB_facana-1024x354.jpg 360w\" sizes=\"auto, (max-width: 480px) 150px\" src=\"https:\/\/www.cofb.org\/wp-content\/uploads\/2024\/01\/COFB_facana.jpg\" alt=\"\" class=\"uag-image-70961\" width=\"1448\" height=\"500\" title=\"\" loading=\"lazy\" role=\"img\"\/><\/figure><\/div>\n\n\n\n<p>\n\n\n\n<ul class=\"wp-block-list\">\n<li>Una <strong>corporaci\u00f3 de dret p\u00fablic<\/strong>. <\/li>\n\n\n\n<li>Representa a <strong>9.325&nbsp;farmac\u00e8utics i farmac\u00e8utiques<\/strong>&nbsp;que treballen en els \u00e0mbits de l&#8217;<strong>alimentaci\u00f3 i nutrici\u00f3<\/strong>, l&#8217;<strong>an\u00e0lisi<\/strong>, l&#8217;<strong>atenci\u00f3 prim\u00e0ria<\/strong>, la <strong>dermofarm\u00e0cia<\/strong>, la <strong>distribuci\u00f3<\/strong>, els <strong>hospitals<\/strong>, la <strong>ind\u00fastria<\/strong>, la <strong>investigaci\u00f3 i doc\u00e8ncia<\/strong>, l&#8217;<strong>oficina de farm\u00e0cia<\/strong>, l&#8217;<strong>ortop\u00e8dia<\/strong>, les <strong>plantes medicinals<\/strong> i la <strong>salut p\u00fablica<\/strong>.<\/li>\n\n\n\n<li><strong>Vetlla pel bon exercici de la professi\u00f3<\/strong> seguint criteris \u00e8tics i de qualitat: consulta <a href=\"https:\/\/www.cofb.org\/documents\/10136\/13337\/Codi+Deontol%C3%B2gic+professi%C3%B3+farmac%C3%A8utica.pdf\/a3a2d656-774d-4bf7-9852-0a35030fa986\" target=\"_blank\" rel=\"noreferrer noopener\">aqu\u00ed<\/a> el Codi deontol\u00f2gic.<\/li>\n\n\n\n<li><strong>Posa a l\u2019abast dels farmac\u00e8utics serveis \/ activitats i formaci\u00f3 continuada<\/strong> per fomentar el seu desenvolupament professional per poder donar el millor servei a les persones.<\/li>\n\n\n\n<li><strong>Treballa juntament amb el col\u00b7lectiu farmac\u00e8utic per fer del m\u00f3n un lloc m\u00e9s saludable.<\/strong><\/li>\n<\/ul>\n\n\n\n<p><\/p>\n\n\n\n<cite id=\"yui_patched_v3_11_0_1_1687961721061_298\">Per a m\u00e9s informaci\u00f3, podeu consultar la presentaci\u00f3 institucional del COFB, &#8220;<a href=\"\/wp-content\/uploads\/2023\/09\/Amb-esperit-de-servei.-COFB.pdf\" target=\"_blank\" rel=\"noopener\">Amb esperit de servei<\/a>&#8221; i l&#8217;apartat&nbsp;<a href=\"\/ca\/qui-som\/el-collegi\/que-es-el-collegi\/el-col\u00b7legi-en-xifres\/\" rel=\"noopener\">El Col\u00b7legi, en xifres<\/a>.<\/cite>\n\n\n\n<p><\/p>\n\n\n\n<h2 class=\"wp-block-heading\">Missi\u00f3 del Col\u00b7legi<\/h2>\n\n\n\n<p><\/p>\n\n\n\n<ul class=\"wp-block-list\">\n<li><strong>Defensar&nbsp;<\/strong>els <strong>interessos generals&nbsp;<\/strong>dels seus&nbsp;<strong>col\u00b7legiats&nbsp;<\/strong>i&nbsp;<strong>representar-los<\/strong>&nbsp;davant les autoritats, institucions i societat en general.<\/li>\n\n\n\n<li><strong>Vetllar<\/strong> per l&#8217;<strong>excel\u00b7l\u00e8ncia<\/strong>&nbsp;en l&#8217;actuaci\u00f3 dels <strong>professionals<\/strong> i perqu\u00e8 els farmac\u00e8utics puguin desenvolupar el seu potencial i aportar el m\u00e0xim valor a la societat.<\/li>\n\n\n\n<li><strong>Impulsar<\/strong>&nbsp;la <strong>professi\u00f3<\/strong> i el <strong>desenvolupament de nous serveis professionals<\/strong> que contribueixin a millorar la salut de la poblaci\u00f3 i els resultats de salut p\u00fablica.<\/li>\n\n\n\n<li><strong>Ordenar<\/strong>&nbsp;l&#8217;exercici general de la professi\u00f3 conforme la legislaci\u00f3 vigent.<\/li>\n\n\n\n<li><strong>Promoure i facilitar<\/strong> els <strong>serveis<\/strong>, les <strong>activitats<\/strong> i la <strong>formaci\u00f3 continuada<\/strong> necess\u00e0ries per al correcte<strong>&nbsp;desenvolupament professional<\/strong>&nbsp;del <strong>col\u00b7legiat<\/strong>.<\/li>\n\n\n\n<li><strong>Protegir els interessos dels consumidors i usuaris<\/strong>&nbsp;dels serveis prestats pels <strong>col\u00b7legiats.<\/strong><\/li>\n\n\n\n<li><strong>Fomentar la investigaci\u00f3 per millorar els tractaments<\/strong>, l\u2019\u00fas que se\u2019n fa i que aconsegueixin l\u2019efecte buscat.<\/li>\n\n\n\n<li><strong>Fer difusi\u00f3 d\u2019informaci\u00f3 \u00fatil <\/strong>per ampliar el coneixement dels ciutadans en q\u00fcestions de salut.<\/li>\n<\/ul>\n\n\n\n<h2 class=\"wp-block-heading\">Els estatuts del Col\u00b7legi<\/h2>\n\n\n\n<p>Els actuals <a rel=\"noreferrer noopener\" href=\"https:\/\/www.cofb.org\/c\/document_library\/get_file?uuid=d7638dc5-8130-4d34-ac75-2e2c8516cfd6&amp;groupId=10136\" target=\"_blank\">Estatuts<\/a> del <strong>Col\u00b7legi de Farmac\u00e8utics de Barcelona<\/strong> van ser aprovats el maig de 2008, adaptats als preceptes de la Llei 7\/2006, de 31 de maig, de l&#8217;exercici de les professions titulades i dels col\u00b7legis professionals.<\/p>\n\n\n\n<h2 class=\"wp-block-heading\">Hist\u00f2ria del COFB<\/h2>\n\n\n\n<p>El <strong>Col\u00b7legi de Farmac\u00e8utics de Barcelona (COFB)<\/strong>&nbsp;\u00e9s una <strong>instituci\u00f3 centen\u00e0ria<\/strong>&nbsp;que va n\u00e9ixer l&#8217;any 1898, amb la publicaci\u00f3 del Reial Decret de creaci\u00f3 dels col\u00b7legis oficials provincials de metges i farmac\u00e8utics.<\/p>\n\n\n\n<p>En els seus inicis, la instituci\u00f3 comptava amb 500 col\u00b7legiats. La&nbsp;implicaci\u00f3&nbsp;i dedicaci\u00f3 del COFB&nbsp;en tots&nbsp;els canvis&nbsp;que s&#8217;han produ\u00eft en el m\u00f3n farmac\u00e8utic i social l&#8217;han convertit en una instituci\u00f3 forta amb un pes rellevant en l&#8217;\u00e0mbit sanitari.<\/p>\n\n\n\n<cite id=\"yui_patched_v3_11_0_1_1687961721061_330\">Per a m\u00e9s informaci\u00f3, pots accedir a la publicaci\u00f3 <a href=\"https:\/\/farmaceutics.cofb.net\/contingutsftp\/Colegio\/apuntssegle\/Apunts_d'un_segle_tot.pdf\" target=\"_blank\" rel=\"noopener\">\u201cApunts d\u2019un segle del COFB\u201d&nbsp;<\/a>(via web col\u00b7legial).<\/cite>\n","protected":false},"excerpt":{"rendered":"<p>Per a m\u00e9s informaci\u00f3, podeu consultar la presentaci\u00f3 institucional del COFB, &#8220;Amb esperit de servei&#8221; i l&#8217;apartat&nbsp;El Col\u00b7legi, en xifres. Missi\u00f3 del Col\u00b7legi Els estatuts del Col\u00b7legi Els actuals Estatuts del Col\u00b7legi de Farmac\u00e8utics de Barcelona van ser aprovats el maig de 2008, adaptats als preceptes de la Llei 7\/2006, [&hellip;]<\/p>\n","protected":false},"author":1,"featured_media":0,"parent":2980,"menu_order":1,"comment_status":"closed","ping_status":"closed","template":"","meta":{"_uag_custom_page_level_css":"","site-sidebar-layout":"default","site-content-layout":"","ast-site-content-layout":"default","site-content-style":"default","site-sidebar-style":"default","ast-global-header-display":"","ast-banner-title-visibility":"","ast-main-header-display":"","ast-hfb-above-header-display":"","ast-hfb-below-header-display":"","ast-hfb-mobile-header-display":"","site-post-title":"","ast-breadcrumbs-content":"","ast-featured-img":"","footer-sml-layout":"","theme-transparent-header-meta":"","adv-header-id-meta":"","stick-header-meta":"","header-above-stick-meta":"","header-main-stick-meta":"","header-below-stick-meta":"","astra-migrate-meta-layouts":"set","ast-page-background-enabled":"default","ast-page-background-meta":{"desktop":{"background-color":"var(--ast-global-color-4)","background-image":"","background-repeat":"repeat","background-position":"center center","background-size":"auto","background-attachment":"scroll","background-type":"","background-media":"","overlay-type":"","overlay-color":"","overlay-opacity":"","overlay-gradient":""},"tablet":{"background-color":"","background-image":"","background-repeat":"repeat","background-position":"center center","background-size":"auto","background-attachment":"scroll","background-type":"","background-media":"","overlay-type":"","overlay-color":"","overlay-opacity":"","overlay-gradient":""},"mobile":{"background-color":"","background-image":"","background-repeat":"repeat","background-position":"center center","background-size":"auto","background-attachment":"scroll","background-type":"","background-media":"","overlay-type":"","overlay-color":"","overlay-opacity":"","overlay-gradient":""}},"ast-content-background-meta":{"desktop":{"background-color":"var(--ast-global-color-5)","background-image":"","background-repeat":"repeat","background-position":"center center","background-size":"auto","background-attachment":"scroll","background-type":"","background-media":"","overlay-type":"","overlay-color":"","overlay-opacity":"","overlay-gradient":""},"tablet":{"background-color":"var(--ast-global-color-5)","background-image":"","background-repeat":"repeat","background-position":"center center","background-size":"auto","background-attachment":"scroll","background-type":"","background-media":"","overlay-type":"","overlay-color":"","overlay-opacity":"","overlay-gradient":""},"mobile":{"background-color":"var(--ast-global-color-5)","background-image":"","background-repeat":"repeat","background-position":"center center","background-size":"auto","background-attachment":"scroll","background-type":"","background-media":"","overlay-type":"","overlay-color":"","overlay-opacity":"","overlay-gradient":""}},"footnotes":""},"class_list":["post-2612","page","type-page","status-publish","hentry"],"yoast_head":"<!-- This site is optimized with the Yoast SEO plugin v22.4 - https:\/\/yoast.com\/wordpress\/plugins\/seo\/ -->\n<title>Qu\u00e8 \u00e9s el Col\u00b7legi? - Col\u00b7legi de Farmac\u00e8utics de Barcelona<\/title>\n<meta name=\"robots\" content=\"index, follow, max-snippet:-1, max-image-preview:large, max-video-preview:-1\" \/>\n<link rel=\"canonical\" href=\"https:\/\/www.cofb.org\/ca\/qui-som\/el-collegi\/que-es-el-collegi\/\" \/>\n<meta property=\"og:locale\" content=\"ca_ES\" \/>\n<meta property=\"og:type\" content=\"article\" \/>\n<meta property=\"og:title\" content=\"Qu\u00e8 \u00e9s el Col\u00b7legi? - Col\u00b7legi de Farmac\u00e8utics de Barcelona\" \/>\n<meta property=\"og:description\" content=\"Per a m\u00e9s informaci\u00f3, podeu consultar la presentaci\u00f3 institucional del COFB, &#8220;Amb esperit de servei&#8221; i l&#8217;apartat&nbsp;El Col\u00b7legi, en xifres. Missi\u00f3 del Col\u00b7legi Els estatuts del Col\u00b7legi Els actuals Estatuts del Col\u00b7legi de Farmac\u00e8utics de Barcelona van ser aprovats el maig de 2008, adaptats als preceptes de la Llei 7\/2006, [&hellip;]\" \/>\n<meta property=\"og:url\" content=\"https:\/\/www.cofb.org\/ca\/qui-som\/el-collegi\/que-es-el-collegi\/\" \/>\n<meta property=\"og:site_name\" content=\"Col\u00b7legi de Farmac\u00e8utics de Barcelona\" \/>\n<meta property=\"article:publisher\" content=\"https:\/\/www.facebook.com\/farmaceuticsbcn\/\" \/>\n<meta property=\"article:modified_time\" content=\"2024-10-22T10:36:08+00:00\" \/>\n<meta property=\"og:image\" content=\"https:\/\/www.cofb.org\/wp-content\/uploads\/2024\/01\/COFB_facana.jpg\" \/>\n<meta name=\"twitter:card\" content=\"summary_large_image\" \/>\n<meta name=\"twitter:site\" content=\"@farmaceuticsbcn\" \/>\n<meta name=\"twitter:label1\" content=\"Temps estimat de lectura\" \/>\n\t<meta name=\"twitter:data1\" content=\"3 minuts\" \/>\n<script type=\"application\/ld+json\" class=\"yoast-schema-graph\">{\"@context\":\"https:\/\/schema.org\",\"@graph\":[{\"@type\":\"WebPage\",\"@id\":\"https:\/\/www.cofb.org\/qui-som\/el-collegi\/que-es-el-collegi\/\",\"url\":\"https:\/\/www.cofb.org\/qui-som\/el-collegi\/que-es-el-collegi\/\",\"name\":\"Qu\u00e8 \u00e9s el Col\u00b7legi? - Col\u00b7legi de Farmac\u00e8utics de Barcelona\",\"isPartOf\":{\"@id\":\"https:\/\/www.cofb.org\/#website\"},\"primaryImageOfPage\":{\"@id\":\"https:\/\/www.cofb.org\/qui-som\/el-collegi\/que-es-el-collegi\/#primaryimage\"},\"image\":{\"@id\":\"https:\/\/www.cofb.org\/qui-som\/el-collegi\/que-es-el-collegi\/#primaryimage\"},\"thumbnailUrl\":\"https:\/\/www.cofb.org\/wp-content\/uploads\/2024\/01\/COFB_facana.jpg\",\"datePublished\":\"2023-06-12T09:28:10+00:00\",\"dateModified\":\"2024-10-22T10:36:08+00:00\",\"breadcrumb\":{\"@id\":\"https:\/\/www.cofb.org\/qui-som\/el-collegi\/que-es-el-collegi\/#breadcrumb\"},\"inLanguage\":\"ca\",\"potentialAction\":[{\"@type\":\"ReadAction\",\"target\":[\"https:\/\/www.cofb.org\/qui-som\/el-collegi\/que-es-el-collegi\/\"]}]},{\"@type\":\"ImageObject\",\"inLanguage\":\"ca\",\"@id\":\"https:\/\/www.cofb.org\/qui-som\/el-collegi\/que-es-el-collegi\/#primaryimage\",\"url\":\"https:\/\/www.cofb.org\/wp-content\/uploads\/2024\/01\/COFB_facana.jpg\",\"contentUrl\":\"https:\/\/www.cofb.org\/wp-content\/uploads\/2024\/01\/COFB_facana.jpg\"},{\"@type\":\"BreadcrumbList\",\"@id\":\"https:\/\/www.cofb.org\/qui-som\/el-collegi\/que-es-el-collegi\/#breadcrumb\",\"itemListElement\":[{\"@type\":\"ListItem\",\"position\":1,\"name\":\"Inici\",\"item\":\"https:\/\/novaorg.cofb.net\/\"},{\"@type\":\"ListItem\",\"position\":2,\"name\":\"Qui som?\",\"item\":\"https:\/\/novaorg.cofb.net\/qui-som\/\"},{\"@type\":\"ListItem\",\"position\":3,\"name\":\"El Col\u00b7legi\",\"item\":\"https:\/\/novaorg.cofb.net\/qui-som\/el-collegi\/\"},{\"@type\":\"ListItem\",\"position\":4,\"name\":\"Qu\u00e8 \u00e9s el Col\u00b7legi?\"}]},{\"@type\":\"WebSite\",\"@id\":\"https:\/\/www.cofb.org\/#website\",\"url\":\"https:\/\/www.cofb.org\/\",\"name\":\"Col\u00b7legi de Farmac\u00e8utics de Barcelona\",\"description\":\"\",\"publisher\":{\"@id\":\"https:\/\/www.cofb.org\/#organization\"},\"potentialAction\":[{\"@type\":\"SearchAction\",\"target\":{\"@type\":\"EntryPoint\",\"urlTemplate\":\"https:\/\/www.cofb.org\/?s={search_term_string}\"},\"query-input\":\"required name=search_term_string\"}],\"inLanguage\":\"ca\"},{\"@type\":\"Organization\",\"@id\":\"https:\/\/www.cofb.org\/#organization\",\"name\":\"Col\u00b7legi de Farmac\u00e8utics de Barcelona\",\"url\":\"https:\/\/www.cofb.org\/\",\"logo\":{\"@type\":\"ImageObject\",\"inLanguage\":\"ca\",\"@id\":\"https:\/\/www.cofb.org\/#\/schema\/logo\/image\/\",\"url\":\"https:\/\/www.cofb.org\/wp-content\/uploads\/2023\/11\/cropped-Logotip-COFB.png\",\"contentUrl\":\"https:\/\/www.cofb.org\/wp-content\/uploads\/2023\/11\/cropped-Logotip-COFB.png\",\"width\":500,\"height\":105,\"caption\":\"Col\u00b7legi de Farmac\u00e8utics de Barcelona\"},\"image\":{\"@id\":\"https:\/\/www.cofb.org\/#\/schema\/logo\/image\/\"},\"sameAs\":[\"https:\/\/www.facebook.com\/farmaceuticsbcn\/\",\"https:\/\/twitter.com\/farmaceuticsbcn\",\"https:\/\/www.instagram.com\/farmaceuticsbcn\/\",\"https:\/\/www.linkedin.com\/company\/farmaceuticsbcn\/\"]}]}<\/script>\n<!-- \/ Yoast SEO plugin. -->","yoast_head_json":{"title":"Qu\u00e8 \u00e9s el Col\u00b7legi? - Col\u00b7legi de Farmac\u00e8utics de Barcelona","robots":{"index":"index","follow":"follow","max-snippet":"max-snippet:-1","max-image-preview":"max-image-preview:large","max-video-preview":"max-video-preview:-1"},"canonical":"https:\/\/www.cofb.org\/ca\/qui-som\/el-collegi\/que-es-el-collegi\/","og_locale":"ca_ES","og_type":"article","og_title":"Qu\u00e8 \u00e9s el Col\u00b7legi? - Col\u00b7legi de Farmac\u00e8utics de Barcelona","og_description":"Per a m\u00e9s informaci\u00f3, podeu consultar la presentaci\u00f3 institucional del COFB, &#8220;Amb esperit de servei&#8221; i l&#8217;apartat&nbsp;El Col\u00b7legi, en xifres. Missi\u00f3 del Col\u00b7legi Els estatuts del Col\u00b7legi Els actuals Estatuts del Col\u00b7legi de Farmac\u00e8utics de Barcelona van ser aprovats el maig de 2008, adaptats als preceptes de la Llei 7\/2006, [&hellip;]","og_url":"https:\/\/www.cofb.org\/ca\/qui-som\/el-collegi\/que-es-el-collegi\/","og_site_name":"Col\u00b7legi de Farmac\u00e8utics de Barcelona","article_publisher":"https:\/\/www.facebook.com\/farmaceuticsbcn\/","article_modified_time":"2024-10-22T10:36:08+00:00","og_image":[{"url":"https:\/\/www.cofb.org\/wp-content\/uploads\/2024\/01\/COFB_facana.jpg"}],"twitter_card":"summary_large_image","twitter_site":"@farmaceuticsbcn","twitter_misc":{"Temps estimat de lectura":"3 minuts"},"schema":{"@context":"https:\/\/schema.org","@graph":[{"@type":"WebPage","@id":"https:\/\/www.cofb.org\/qui-som\/el-collegi\/que-es-el-collegi\/","url":"https:\/\/www.cofb.org\/qui-som\/el-collegi\/que-es-el-collegi\/","name":"Qu\u00e8 \u00e9s el Col\u00b7legi? - Col\u00b7legi de Farmac\u00e8utics de Barcelona","isPartOf":{"@id":"https:\/\/www.cofb.org\/#website"},"primaryImageOfPage":{"@id":"https:\/\/www.cofb.org\/qui-som\/el-collegi\/que-es-el-collegi\/#primaryimage"},"image":{"@id":"https:\/\/www.cofb.org\/qui-som\/el-collegi\/que-es-el-collegi\/#primaryimage"},"thumbnailUrl":"https:\/\/www.cofb.org\/wp-content\/uploads\/2024\/01\/COFB_facana.jpg","datePublished":"2023-06-12T09:28:10+00:00","dateModified":"2024-10-22T10:36:08+00:00","breadcrumb":{"@id":"https:\/\/www.cofb.org\/qui-som\/el-collegi\/que-es-el-collegi\/#breadcrumb"},"inLanguage":"ca","potentialAction":[{"@type":"ReadAction","target":["https:\/\/www.cofb.org\/qui-som\/el-collegi\/que-es-el-collegi\/"]}]},{"@type":"ImageObject","inLanguage":"ca","@id":"https:\/\/www.cofb.org\/qui-som\/el-collegi\/que-es-el-collegi\/#primaryimage","url":"https:\/\/www.cofb.org\/wp-content\/uploads\/2024\/01\/COFB_facana.jpg","contentUrl":"https:\/\/www.cofb.org\/wp-content\/uploads\/2024\/01\/COFB_facana.jpg"},{"@type":"BreadcrumbList","@id":"https:\/\/www.cofb.org\/qui-som\/el-collegi\/que-es-el-collegi\/#breadcrumb","itemListElement":[{"@type":"ListItem","position":1,"name":"Inici","item":"https:\/\/novaorg.cofb.net\/"},{"@type":"ListItem","position":2,"name":"Qui som?","item":"https:\/\/novaorg.cofb.net\/qui-som\/"},{"@type":"ListItem","position":3,"name":"El Col\u00b7legi","item":"https:\/\/novaorg.cofb.net\/qui-som\/el-collegi\/"},{"@type":"ListItem","position":4,"name":"Qu\u00e8 \u00e9s el Col\u00b7legi?"}]},{"@type":"WebSite","@id":"https:\/\/www.cofb.org\/#website","url":"https:\/\/www.cofb.org\/","name":"Col\u00b7legi de Farmac\u00e8utics de Barcelona","description":"","publisher":{"@id":"https:\/\/www.cofb.org\/#organization"},"potentialAction":[{"@type":"SearchAction","target":{"@type":"EntryPoint","urlTemplate":"https:\/\/www.cofb.org\/?s={search_term_string}"},"query-input":"required name=search_term_string"}],"inLanguage":"ca"},{"@type":"Organization","@id":"https:\/\/www.cofb.org\/#organization","name":"Col\u00b7legi de Farmac\u00e8utics de Barcelona","url":"https:\/\/www.cofb.org\/","logo":{"@type":"ImageObject","inLanguage":"ca","@id":"https:\/\/www.cofb.org\/#\/schema\/logo\/image\/","url":"https:\/\/www.cofb.org\/wp-content\/uploads\/2023\/11\/cropped-Logotip-COFB.png","contentUrl":"https:\/\/www.cofb.org\/wp-content\/uploads\/2023\/11\/cropped-Logotip-COFB.png","width":500,"height":105,"caption":"Col\u00b7legi de Farmac\u00e8utics de Barcelona"},"image":{"@id":"https:\/\/www.cofb.org\/#\/schema\/logo\/image\/"},"sameAs":["https:\/\/www.facebook.com\/farmaceuticsbcn\/","https:\/\/twitter.com\/farmaceuticsbcn","https:\/\/www.instagram.com\/farmaceuticsbcn\/","https:\/\/www.linkedin.com\/company\/farmaceuticsbcn\/"]}]}},"uagb_featured_image_src":{"full":false,"thumbnail":false,"medium":false,"medium_large":false,"large":false,"1536x1536":false,"2048x2048":false,"trp-custom-language-flag":false},"uagb_author_info":{"display_name":"wpAdminCofbOrg","author_link":"https:\/\/www.cofb.org\/ca\/author\/wpadmincofborg\/"},"uagb_comment_info":0,"uagb_excerpt":"Per a m\u00e9s informaci\u00f3, podeu consultar la presentaci\u00f3 institucional del COFB, &#8220;Amb esperit de servei&#8221; i l&#8217;apartat&nbsp;El Col\u00b7legi, en xifres. Missi\u00f3 del Col\u00b7legi Els estatuts del Col\u00b7legi Els actuals Estatuts del Col\u00b7legi de Farmac\u00e8utics de Barcelona van ser aprovats el maig de 2008, adaptats als preceptes de la Llei 7\/2006, [&hellip;]","_links":{"self":[{"href":"https:\/\/www.cofb.org\/ca\/wp-json\/wp\/v2\/pages\/2612","targetHints":{"allow":["GET"]}}],"collection":[{"href":"https:\/\/www.cofb.org\/ca\/wp-json\/wp\/v2\/pages"}],"about":[{"href":"https:\/\/www.cofb.org\/ca\/wp-json\/wp\/v2\/types\/page"}],"author":[{"embeddable":true,"href":"https:\/\/www.cofb.org\/ca\/wp-json\/wp\/v2\/users\/1"}],"replies":[{"embeddable":true,"href":"https:\/\/www.cofb.org\/ca\/wp-json\/wp\/v2\/comments?post=2612"}],"version-history":[{"count":22,"href":"https:\/\/www.cofb.org\/ca\/wp-json\/wp\/v2\/pages\/2612\/revisions"}],"predecessor-version":[{"id":79757,"href":"https:\/\/www.cofb.org\/ca\/wp-json\/wp\/v2\/pages\/2612\/revisions\/79757"}],"up":[{"embeddable":true,"href":"https:\/\/www.cofb.org\/ca\/wp-json\/wp\/v2\/pages\/2980"}],"wp:attachment":[{"href":"https:\/\/www.cofb.org\/ca\/wp-json\/wp\/v2\/media?parent=2612"}],"curies":[{"name":"wp","href":"https:\/\/api.w.org\/{rel}","templated":true}]}}